{"id":86264,"date":"2024-01-19T14:31:46","date_gmt":"2024-01-19T19:31:46","guid":{"rendered":"https:\/\/www.muralunique.com\/?post_type=product&#038;p=86264"},"modified":"2024-01-19T16:10:26","modified_gmt":"2024-01-19T21:10:26","slug":"ebene","status":"publish","type":"product","link":"https:\/\/www.muralunique.com\/fr\/produit\/ebene\/","title":{"rendered":"\u00c9b\u00e8ne"},"content":{"rendered":"<p id=\"tw-target-text\" class=\"tw-data-text tw-text-large tw-ta\" dir=\"ltr\" data-placeholder=\"Translation\" data-ved=\"2ahUKEwiclOXOrOqDAxWrElkFHbmvDXEQ3ewLegQIDhAQ\"><span class=\"Y2IQFc\" lang=\"fr\">-Murale en papier peint d&#8217;un design moderne et original, id\u00e9al pour personnaliser vos murs et cr\u00e9er une d\u00e9co hors du commun.<\/span><\/p>\n<p>-La murale comprend des laizes de 18\u2033 (45cm) de largeur. Par exemple, une murale de 6\u2032 (1,83m) de largeur a 4 laizes et une murale de 12\u2032 (3,66m) de largeur a 8 laizes.<\/p>\n<p>-Murale en papier\u00a0peint pr\u00e9encoll\u00e9e, lavable, s\u2019enl\u00e8ve \u00e0 sec et r\u00e9utilisable. Facile \u00e0 installer, se pose comme du papier\u00a0peint (tapisserie).<\/p>\n<p>-murale \u00e9b\u00e8ne, murale en papier peint \u00e9b\u00e8ne, tapisserie murale \u00e9b\u00e8ne, murale noire, murale en papier peint noire, tapisserie murale noire, papier peint mural noir<\/p>\n<p dir=\"ltr\" data-placeholder=\"Translation\" data-ved=\"2ahUKEwiclOXOrOqDAxWrElkFHbmvDXEQ3ewLegQIDhAQ\">\n","protected":false},"excerpt":{"rendered":"<p>-Murale en papier peint d&#8217;un design moderne et original, id\u00e9al pour personnaliser vos murs et cr\u00e9er une d\u00e9co hors du commun. -La murale comprend des laizes de 18\u2033 (45cm) de largeur. Par exemple, une murale de 6\u2032 (1,83m) de largeur a 4 laizes et une murale de 12\u2032 (3,66m) de largeur a 8 laizes. -Murale [&hellip;]<\/p>\n","protected":false},"featured_media":86269,"template":"","meta":{"_acf_changed":false},"product_brand":[],"product_cat":[10297,303,401],"product_tag":[8890,10295,10294,9787,10293,10296],"class_list":{"0":"post-86264","1":"product","2":"type-product","3":"status-publish","4":"has-post-thumbnail","6":"product_cat-inspiration-artistique","7":"product_cat-nouveautes","8":"product_cat-tous-nos-produits","9":"product_tag-echecs","10":"product_tag-femmes","11":"product_tag-fonce","12":"product_tag-jeune-femme","13":"product_tag-noir","14":"product_tag-raven-fr","16":"first","17":"instock","18":"taxable","19":"shipping-taxable","20":"purchasable","21":"product-type-variable"},"acf":[],"_links":{"self":[{"href":"https:\/\/www.muralunique.com\/fr\/wp-json\/wp\/v2\/product\/86264","targetHints":{"allow":["GET"]}}],"collection":[{"href":"https:\/\/www.muralunique.com\/fr\/wp-json\/wp\/v2\/product"}],"about":[{"href":"https:\/\/www.muralunique.com\/fr\/wp-json\/wp\/v2\/types\/product"}],"wp:featuredmedia":[{"embeddable":true,"href":"https:\/\/www.muralunique.com\/fr\/wp-json\/wp\/v2\/media\/86269"}],"wp:attachment":[{"href":"https:\/\/www.muralunique.com\/fr\/wp-json\/wp\/v2\/media?parent=86264"}],"wp:term":[{"taxonomy":"product_brand","embeddable":true,"href":"https:\/\/www.muralunique.com\/fr\/wp-json\/wp\/v2\/product_brand?post=86264"},{"taxonomy":"product_cat","embeddable":true,"href":"https:\/\/www.muralunique.com\/fr\/wp-json\/wp\/v2\/product_cat?post=86264"},{"taxonomy":"product_tag","embeddable":true,"href":"https:\/\/www.muralunique.com\/fr\/wp-json\/wp\/v2\/product_tag?post=86264"}],"curies":[{"name":"wp","href":"https:\/\/api.w.org\/{rel}","templated":true}]}}