{"id":8660,"date":"2016-09-12T13:37:01","date_gmt":"2016-09-12T13:37:01","guid":{"rendered":"https:\/\/muralunique.com\/?post_type=product&#038;p=8660"},"modified":"2021-07-30T13:31:58","modified_gmt":"2021-07-30T17:31:58","slug":"mur-de-briques-vintage","status":"publish","type":"product","link":"https:\/\/www.muralunique.com\/fr\/produit\/mur-de-briques-vintage\/","title":{"rendered":"Mur de Briques Vintage"},"content":{"rendered":"<p>-Murale en papier peint en tr\u00e8s haute r\u00e9solution d&#8217;un vieux mur de briques vintage.\u00a0La qualit\u00e9 (r\u00e9solution) de cette image est exceptionnelle (700 M\u00e9gaPixels).<\/p>\n<p>-La murale comprend des laizes de 18\u2033 (45cm) de largeur. Par exemple, une murale de 6\u2032 (1,83m) de largeur a 4 laizes et une murale de 12\u2032 (3,66m) de largeur a 8 laizes.<\/p>\n<p>-Murale en papier\u00a0peint pr\u00e9encoll\u00e9e, lavable, s\u2019enl\u00e8ve \u00e0 sec et r\u00e9utilisable. Facile \u00e0 installer, se pose comme du papier\u00a0peint (tapisserie).<\/p>\n<p>-Photographie de Donn Petelka. Vous pouvez obtenir plus d&#8217;informations \u00e0 cette adresse:\u00a0<a href=\"mailto:donnpetelka@gmail.com\" target=\"_blank\" rel=\"noopener noreferrer\">donnpetelka@gmail.com<\/a>.<\/p>\n<p>-murale mur de briques vintage, photo murale mur de briques vintage, murale en papier peint mur de briques vintage, papier peint mur de briques vintage<\/p>\n","protected":false},"excerpt":{"rendered":"<p>-Murale en papier peint en tr\u00e8s haute r\u00e9solution d&#8217;un vieux mur de briques vintage.\u00a0La qualit\u00e9 (r\u00e9solution) de cette image est exceptionnelle (700 M\u00e9gaPixels). -La murale comprend des laizes de 18\u2033 (45cm) de largeur. Par exemple, une murale de 6\u2032 (1,83m) de largeur a 4 laizes et une murale de 12\u2032 (3,66m) de largeur a 8 [&hellip;]<\/p>\n","protected":false},"featured_media":8661,"template":"","meta":{"_acf_changed":false},"product_brand":[197],"product_cat":[169,401,427],"product_tag":[8846,8847,9515,8848,9447,9448,9234,9512],"class_list":{"0":"post-8660","1":"product","2":"type-product","3":"status-publish","4":"has-post-thumbnail","6":"artist-donn-petelka-fr","7":"product_brand-donn-petelka-2","8":"product_cat-textures-2","9":"product_cat-tous-nos-produits","10":"product_cat-ultra-haute-d-finition-photos","11":"product_tag-brique","12":"product_tag-briques","13":"product_tag-mur","14":"product_tag-mur-de-briques","15":"product_tag-texture-fr","16":"product_tag-texture-fr-2","17":"product_tag-vieux","18":"product_tag-vintage-fr","20":"first","21":"instock","22":"taxable","23":"shipping-taxable","24":"purchasable","25":"product-type-variable","26":"has-default-attributes"},"acf":[],"_links":{"self":[{"href":"https:\/\/www.muralunique.com\/fr\/wp-json\/wp\/v2\/product\/8660","targetHints":{"allow":["GET"]}}],"collection":[{"href":"https:\/\/www.muralunique.com\/fr\/wp-json\/wp\/v2\/product"}],"about":[{"href":"https:\/\/www.muralunique.com\/fr\/wp-json\/wp\/v2\/types\/product"}],"wp:featuredmedia":[{"embeddable":true,"href":"https:\/\/www.muralunique.com\/fr\/wp-json\/wp\/v2\/media\/8661"}],"wp:attachment":[{"href":"https:\/\/www.muralunique.com\/fr\/wp-json\/wp\/v2\/media?parent=8660"}],"wp:term":[{"taxonomy":"product_brand","embeddable":true,"href":"https:\/\/www.muralunique.com\/fr\/wp-json\/wp\/v2\/product_brand?post=8660"},{"taxonomy":"product_cat","embeddable":true,"href":"https:\/\/www.muralunique.com\/fr\/wp-json\/wp\/v2\/product_cat?post=8660"},{"taxonomy":"product_tag","embeddable":true,"href":"https:\/\/www.muralunique.com\/fr\/wp-json\/wp\/v2\/product_tag?post=8660"}],"curies":[{"name":"wp","href":"https:\/\/api.w.org\/{rel}","templated":true}]}}