{"id":8691,"date":"2016-09-28T12:15:49","date_gmt":"2016-09-28T12:15:49","guid":{"rendered":"https:\/\/muralunique.com\/?post_type=product&#038;p=8691"},"modified":"2021-07-30T13:32:02","modified_gmt":"2021-07-30T17:32:02","slug":"pilote-dessai","status":"publish","type":"product","link":"https:\/\/www.muralunique.com\/fr\/produit\/pilote-dessai\/","title":{"rendered":"Pilote d&#8217;Essai"},"content":{"rendered":"<p>-Murale en papier peint en s\u00e9pia de jeunes aviateurs avec un avion fait maison. Photo murale. Parfaite pour une chambre ou une salle de jeu d&#8217;enfants ou de b\u00e9b\u00e9s.<\/p>\n<p>-La murale comprend des laizes de 18\u2033 (45cm) de largeur. Par exemple, une murale de 6\u2032 (1,83m) de largeur a 4 laizes et une murale de 12\u2032 (3,66m) de largeur a 8 laizes.<\/p>\n<p>-Murale en papier\u00a0peint pr\u00e9encoll\u00e9e, lavable, s\u2019enl\u00e8ve \u00e0 sec et r\u00e9utilisable. Facile \u00e0 installer, se pose comme du papier\u00a0peint (tapisserie).<\/p>\n<p>-murale pilote d&#8217;essai, murale d&#8217;avion, murales d&#8217;avions, murale en papier peint d&#8217;avion pour enfants, photo murale pour enfants<\/p>\n","protected":false},"excerpt":{"rendered":"<p>-Murale en papier peint en s\u00e9pia de jeunes aviateurs avec un avion fait maison. Photo murale. Parfaite pour une chambre ou une salle de jeu d&#8217;enfants ou de b\u00e9b\u00e9s. -La murale comprend des laizes de 18\u2033 (45cm) de largeur. Par exemple, une murale de 6\u2032 (1,83m) de largeur a 4 laizes et une murale de [&hellip;]<\/p>\n","protected":false},"featured_media":31430,"template":"","meta":{"_acf_changed":false},"product_brand":[203],"product_cat":[173,401,179],"product_tag":[8789,8791,8790,8894,8895,9125,9275,9473],"class_list":{"0":"post-8691","1":"product","2":"type-product","3":"status-publish","4":"has-post-thumbnail","6":"product_brand-muralunique-com","7":"product_cat-enfants","8":"product_cat-tous-nos-produits","9":"product_cat-transports","10":"product_tag-aviateur","11":"product_tag-bebe","12":"product_tag-bebes","13":"product_tag-enfant","14":"product_tag-enfants","15":"product_tag-gamins","16":"product_tag-pilote","17":"product_tag-voyage","19":"first","20":"instock","21":"taxable","22":"shipping-taxable","23":"purchasable","24":"product-type-variable","25":"has-default-attributes"},"acf":[],"_links":{"self":[{"href":"https:\/\/www.muralunique.com\/fr\/wp-json\/wp\/v2\/product\/8691","targetHints":{"allow":["GET"]}}],"collection":[{"href":"https:\/\/www.muralunique.com\/fr\/wp-json\/wp\/v2\/product"}],"about":[{"href":"https:\/\/www.muralunique.com\/fr\/wp-json\/wp\/v2\/types\/product"}],"wp:featuredmedia":[{"embeddable":true,"href":"https:\/\/www.muralunique.com\/fr\/wp-json\/wp\/v2\/media\/31430"}],"wp:attachment":[{"href":"https:\/\/www.muralunique.com\/fr\/wp-json\/wp\/v2\/media?parent=8691"}],"wp:term":[{"taxonomy":"product_brand","embeddable":true,"href":"https:\/\/www.muralunique.com\/fr\/wp-json\/wp\/v2\/product_brand?post=8691"},{"taxonomy":"product_cat","embeddable":true,"href":"https:\/\/www.muralunique.com\/fr\/wp-json\/wp\/v2\/product_cat?post=8691"},{"taxonomy":"product_tag","embeddable":true,"href":"https:\/\/www.muralunique.com\/fr\/wp-json\/wp\/v2\/product_tag?post=8691"}],"curies":[{"name":"wp","href":"https:\/\/api.w.org\/{rel}","templated":true}]}}