{"id":87163,"date":"2024-02-21T14:01:28","date_gmt":"2024-02-21T19:01:28","guid":{"rendered":"https:\/\/www.muralunique.com\/?post_type=product&#038;p=87163"},"modified":"2024-03-14T13:57:11","modified_gmt":"2024-03-14T17:57:11","slug":"collection-caraibes-triptyque-c-sepia","status":"publish","type":"product","link":"https:\/\/www.muralunique.com\/fr\/produit\/collection-caraibes-triptyque-c-sepia\/","title":{"rendered":"Collection Cara\u00efbes &#8211; Triptyque C &#8211; S\u00e9pia"},"content":{"rendered":"<p id=\"tw-target-text\" class=\"tw-data-text tw-text-large tw-ta\" dir=\"ltr\" data-placeholder=\"Translation\" data-ved=\"2ahUKEwjk-eOR5qaEAxUW4ckDHeaQCM0Q3ewLegQIBRAU\"><span class=\"Y2IQFc\" lang=\"fr\">-Triptyque en couleur s\u00e9pia de belles images des Cara\u00efbes. Collection exclusive Issa&amp;Co. Ce triptyque consiste en 3 affiches s\u00e9par\u00e9es que vous pouvez positionner comme vous le voulez<\/span><\/p>\n<p>-Pas besoin de payer pour un cadre ou de manipuler votre image pour l&#8217;ins\u00e9rer dans un cadre. Les affiches sont pr\u00e9-encadr\u00e9es dans un \u00ab faux cadre \u00bb imprim\u00e9 dans l\u2019image elle-m\u00eame. Les faux cadres sont neutres et \u00e9l\u00e9gants pour bien s\u2019int\u00e9grer dans l&#8217;image et s&#8217;adapter \u00e0 tous les d\u00e9cors.<\/p>\n<p>-Chaque affiche est livr\u00e9e en une seule pi\u00e8ce et est pr\u00e9encoll\u00e9e. Il vous suffit de plonger l\u2019affiche dans l&#8217;eau (dans votre baignoire ou votre douche) pour activer la colle. Vous pouvez facilement la man\u0153uvrer et la poser sur la surface, contrairement \u00e0 une version \u00ab\u00a0autocollante\u00a0\u00bb.<\/p>\n<p>-Les instructions d&#8217;installation seront jointes avec l&#8217;affiche. Vous pouvez nous <a href=\"https:\/\/www.muralunique.com\/fr\/contact\/\">contacter<\/a> si vous avez des questions.<\/p>\n<p>-Une option saine pour votre maison : \u00e9cologique, biod\u00e9gradable et sans aucun composant organique volatil. Un achat intelligent que vous n&#8217;aurez jamais \u00e0 \u00e9pousseter ou \u00e0 \u00e9quilibrer pour niveler.<\/p>\n<p><span class=\"Y2IQFc\" lang=\"fr\">-Photographie d&#8217;Isabelle Charbonneau. Visitez <a href=\"https:\/\/issaco.ca\/en\/\" rel=\"nofollow noopener\" target=\"_blank\">Issaco.ca<\/a> pour plus d\u2019informations.<\/span><\/p>\n","protected":false},"excerpt":{"rendered":"<p>-Triptyque en couleur s\u00e9pia de belles images des Cara\u00efbes. Collection exclusive Issa&amp;Co. Ce triptyque consiste en 3 affiches s\u00e9par\u00e9es que vous pouvez positionner comme vous le voulez -Pas besoin de payer pour un cadre ou de manipuler votre image pour l&#8217;ins\u00e9rer dans un cadre. Les affiches sont pr\u00e9-encadr\u00e9es dans un \u00ab faux cadre \u00bb imprim\u00e9 [&hellip;]<\/p>\n","protected":false},"featured_media":87169,"template":"","meta":{"_acf_changed":false},"product_brand":[],"product_cat":[10186],"product_tag":[],"class_list":{"0":"post-87163","1":"product","2":"type-product","3":"status-publish","4":"has-post-thumbnail","6":"artist-isabelle-charbonneau-fr","7":"product_cat-affiches-muralunique-com","9":"first","10":"instock","11":"taxable","12":"shipping-taxable","13":"purchasable","14":"product-type-variable"},"acf":[],"_links":{"self":[{"href":"https:\/\/www.muralunique.com\/fr\/wp-json\/wp\/v2\/product\/87163","targetHints":{"allow":["GET"]}}],"collection":[{"href":"https:\/\/www.muralunique.com\/fr\/wp-json\/wp\/v2\/product"}],"about":[{"href":"https:\/\/www.muralunique.com\/fr\/wp-json\/wp\/v2\/types\/product"}],"wp:featuredmedia":[{"embeddable":true,"href":"https:\/\/www.muralunique.com\/fr\/wp-json\/wp\/v2\/media\/87169"}],"wp:attachment":[{"href":"https:\/\/www.muralunique.com\/fr\/wp-json\/wp\/v2\/media?parent=87163"}],"wp:term":[{"taxonomy":"product_brand","embeddable":true,"href":"https:\/\/www.muralunique.com\/fr\/wp-json\/wp\/v2\/product_brand?post=87163"},{"taxonomy":"product_cat","embeddable":true,"href":"https:\/\/www.muralunique.com\/fr\/wp-json\/wp\/v2\/product_cat?post=87163"},{"taxonomy":"product_tag","embeddable":true,"href":"https:\/\/www.muralunique.com\/fr\/wp-json\/wp\/v2\/product_tag?post=87163"}],"curies":[{"name":"wp","href":"https:\/\/api.w.org\/{rel}","templated":true}]}}