{"id":8726,"date":"2016-10-05T15:53:16","date_gmt":"2016-10-05T15:53:16","guid":{"rendered":"https:\/\/muralunique.com\/?post_type=product&#038;p=8726"},"modified":"2022-04-16T19:43:57","modified_gmt":"2022-04-16T23:43:57","slug":"mur-de-briques-avec-peinture-ecaillee","status":"publish","type":"product","link":"https:\/\/www.muralunique.com\/fr\/produit\/mur-de-briques-avec-peinture-ecaillee\/","title":{"rendered":"Mur de Briques avec Peinture \u00c9caill\u00e9e"},"content":{"rendered":"<p>-Photo murale tr\u00e8s originale et tendance d&#8217;un mur de briques avec de la peinture qui s&#8217;\u00e9caille.\u00a0La qualit\u00e9 (r\u00e9solution) de cette image est exceptionnelle\u00a0(1,200 MegaPixels).<\/p>\n<p>-La murale comprend des laizes de 18\u2033 (45cm) de largeur. Par exemple, une murale de 6\u2032 (1,83m) de largeur a 4 laizes et une murale de 12\u2032 (3,66m) de largeur a 8 laizes.<\/p>\n<p>-Murale en papier\u00a0peint pr\u00e9encoll\u00e9e, lavable, s\u2019enl\u00e8ve \u00e0 sec et r\u00e9utilisable. Facile \u00e0 installer, se pose comme du papier\u00a0peint (tapisserie).<\/p>\n<p>-Photographie de Donn Petelka. Vous pouvez obtenir plus d&#8217;informations \u00e0 cette adresse:\u00a0<a href=\"mailto:donnpetelka@gmail.com\" target=\"_blank\" rel=\"noopener noreferrer\">donnpetelka@gmail.com<\/a>.<\/p>\n<p>-murale mur de briques avec peinture \u00e9caill\u00e9e, mur de briques blanches, photo murale mur de briques blanches, murale mur de briques, papier peint mur de briques<\/p>\n","protected":false},"excerpt":{"rendered":"<p>-Photo murale tr\u00e8s originale et tendance d&#8217;un mur de briques avec de la peinture qui s&#8217;\u00e9caille.\u00a0La qualit\u00e9 (r\u00e9solution) de cette image est exceptionnelle\u00a0(1,200 MegaPixels). -La murale comprend des laizes de 18\u2033 (45cm) de largeur. Par exemple, une murale de 6\u2032 (1,83m) de largeur a 4 laizes et une murale de 12\u2032 (3,66m) de largeur a [&hellip;]<\/p>\n","protected":false},"featured_media":8727,"template":"","meta":{"_acf_changed":false},"product_brand":[197],"product_cat":[305,169,401,163,427],"product_tag":[8846,8847,9068,9515,8848,9447,9448,9612,9485,9234],"class_list":{"0":"post-8726","1":"product","2":"type-product","3":"status-publish","4":"has-post-thumbnail","6":"artist-donn-petelka-fr","7":"product_brand-donn-petelka-2","8":"product_cat-produits-vedettes","9":"product_cat-textures-2","10":"product_cat-tous-nos-produits","11":"product_cat-trompe-loeil","12":"product_cat-ultra-haute-d-finition-photos","13":"product_tag-brique","14":"product_tag-briques","15":"product_tag-grunge-fr","16":"product_tag-mur","17":"product_tag-mur-de-briques","18":"product_tag-texture-fr","19":"product_tag-texture-fr-2","20":"product_tag-trompe-loeil-fr","21":"product_tag-trompe-oeil-fr","22":"product_tag-vieux","24":"first","25":"instock","26":"taxable","27":"shipping-taxable","28":"purchasable","29":"product-type-variable","30":"has-default-attributes"},"acf":[],"_links":{"self":[{"href":"https:\/\/www.muralunique.com\/fr\/wp-json\/wp\/v2\/product\/8726","targetHints":{"allow":["GET"]}}],"collection":[{"href":"https:\/\/www.muralunique.com\/fr\/wp-json\/wp\/v2\/product"}],"about":[{"href":"https:\/\/www.muralunique.com\/fr\/wp-json\/wp\/v2\/types\/product"}],"wp:featuredmedia":[{"embeddable":true,"href":"https:\/\/www.muralunique.com\/fr\/wp-json\/wp\/v2\/media\/8727"}],"wp:attachment":[{"href":"https:\/\/www.muralunique.com\/fr\/wp-json\/wp\/v2\/media?parent=8726"}],"wp:term":[{"taxonomy":"product_brand","embeddable":true,"href":"https:\/\/www.muralunique.com\/fr\/wp-json\/wp\/v2\/product_brand?post=8726"},{"taxonomy":"product_cat","embeddable":true,"href":"https:\/\/www.muralunique.com\/fr\/wp-json\/wp\/v2\/product_cat?post=8726"},{"taxonomy":"product_tag","embeddable":true,"href":"https:\/\/www.muralunique.com\/fr\/wp-json\/wp\/v2\/product_tag?post=8726"}],"curies":[{"name":"wp","href":"https:\/\/api.w.org\/{rel}","templated":true}]}}