{"id":8740,"date":"2016-10-18T14:08:08","date_gmt":"2016-10-18T14:08:08","guid":{"rendered":"https:\/\/muralunique.com\/?post_type=product&#038;p=8740"},"modified":"2022-05-24T11:13:39","modified_gmt":"2022-05-24T15:13:39","slug":"erable-jardin-japonais","status":"publish","type":"product","link":"https:\/\/www.muralunique.com\/fr\/produit\/erable-jardin-japonais\/","title":{"rendered":"\u00c9rable Jardin Japonais"},"content":{"rendered":"<p>-Magnifique et paisible murale en papier peint d&#8217;un \u00e9rable dans un jardin japonais.<\/p>\n<p>-La murale comprend des laizes de 18&#8243; (45cm) de largeur. Par exemple, une murale de 6&#8242; (1,83m) de largeur a 4 laizes et une murale de 12&#8242; (3,66m) de largeur a 8 laizes.<\/p>\n<p>-Murale en papier\u00a0peint pr\u00e9encoll\u00e9e, lavable, s&#8217;enl\u00e8ve \u00e0 sec et r\u00e9utilisable. Facile \u00e0 installer, se pose comme du papier\u00a0peint (tapisserie).<\/p>\n<p>-murale \u00e9rable japonais, photo murale \u00e9rable japonais, papier peint \u00e9rable japonais, tapisserie \u00e9rable japonais, murale orientale<\/p>\n<p>&nbsp;<\/p>\n","protected":false},"excerpt":{"rendered":"<p>-Magnifique et paisible murale en papier peint d&#8217;un \u00e9rable dans un jardin japonais. -La murale comprend des laizes de 18&#8243; (45cm) de largeur. Par exemple, une murale de 6&#8242; (1,83m) de largeur a 4 laizes et une murale de 12&#8242; (3,66m) de largeur a 8 laizes. -Murale en papier\u00a0peint pr\u00e9encoll\u00e9e, lavable, s&#8217;enl\u00e8ve \u00e0 sec et [&hellip;]<\/p>\n","protected":false},"featured_media":31693,"template":"","meta":{"_acf_changed":false},"product_brand":[203],"product_cat":[153,150,141,138,401],"product_tag":[9477,9478,8784,8783,8864,9517,10000,9427,9014,9117,9118,9044,9135,9219,9238,9261,9137,9467,9552],"class_list":{"0":"post-8740","1":"product","2":"type-product","3":"status-publish","4":"has-post-thumbnail","6":"product_brand-muralunique-com","7":"product_cat-eau-et-plages","8":"product_cat-fleurs-et-feuillages","9":"product_cat-nature-et-paysages","10":"product_cat-oriental-religion-spiritualite","11":"product_cat-tous-nos-produits","12":"product_tag-arbre","13":"product_tag-arbres","14":"product_tag-asiatique","15":"product_tag-asie","16":"product_tag-calme","17":"product_tag-eau","18":"product_tag-erable","19":"product_tag-ete","20":"product_tag-feuillage","21":"product_tag-japon","22":"product_tag-japonais","23":"product_tag-jardin","24":"product_tag-lac","25":"product_tag-nature-fr","26":"product_tag-oriental-fr","27":"product_tag-paisible","28":"product_tag-paysage","29":"product_tag-tranquilite","30":"product_tag-zen-fr","32":"first","33":"instock","34":"taxable","35":"shipping-taxable","36":"purchasable","37":"product-type-variable","38":"has-default-attributes"},"acf":[],"_links":{"self":[{"href":"https:\/\/www.muralunique.com\/fr\/wp-json\/wp\/v2\/product\/8740","targetHints":{"allow":["GET"]}}],"collection":[{"href":"https:\/\/www.muralunique.com\/fr\/wp-json\/wp\/v2\/product"}],"about":[{"href":"https:\/\/www.muralunique.com\/fr\/wp-json\/wp\/v2\/types\/product"}],"wp:featuredmedia":[{"embeddable":true,"href":"https:\/\/www.muralunique.com\/fr\/wp-json\/wp\/v2\/media\/31693"}],"wp:attachment":[{"href":"https:\/\/www.muralunique.com\/fr\/wp-json\/wp\/v2\/media?parent=8740"}],"wp:term":[{"taxonomy":"product_brand","embeddable":true,"href":"https:\/\/www.muralunique.com\/fr\/wp-json\/wp\/v2\/product_brand?post=8740"},{"taxonomy":"product_cat","embeddable":true,"href":"https:\/\/www.muralunique.com\/fr\/wp-json\/wp\/v2\/product_cat?post=8740"},{"taxonomy":"product_tag","embeddable":true,"href":"https:\/\/www.muralunique.com\/fr\/wp-json\/wp\/v2\/product_tag?post=8740"}],"curies":[{"name":"wp","href":"https:\/\/api.w.org\/{rel}","templated":true}]}}