{"id":87430,"date":"2024-02-26T13:17:50","date_gmt":"2024-02-26T18:17:50","guid":{"rendered":"https:\/\/www.muralunique.com\/?post_type=product&#038;p=87430"},"modified":"2024-03-14T13:54:36","modified_gmt":"2024-03-14T17:54:36","slug":"collection-caraibes-les-palmiers-sepia","status":"publish","type":"product","link":"https:\/\/www.muralunique.com\/fr\/produit\/collection-caraibes-les-palmiers-sepia\/","title":{"rendered":"Collection Cara\u00efbes &#8211; Les Palmiers &#8211; S\u00e9pia"},"content":{"rendered":"<p class=\"tw-data-text tw-text-large tw-ta\" dir=\"ltr\" data-placeholder=\"Translation\" data-ved=\"2ahUKEwjk-eOR5qaEAxUW4ckDHeaQCM0Q3ewLegQIBRAU\"><span class=\"Y2IQFc\" lang=\"fr\">&#8211;<\/span><span class=\"Y2IQFc\" lang=\"fr\">Belle image de palmiers en couleur s\u00e9pia. Collection exclusive des Cara\u00efbes Issa &amp; Co.<\/span><\/p>\n<p>-Pas besoin de payer pour un cadre ou de manipuler votre image pour l&#8217;ins\u00e9rer dans un cadre. Les affiches sont pr\u00e9-encadr\u00e9es dans un \u00ab faux cadre \u00bb imprim\u00e9 dans l\u2019image elle-m\u00eame. Les faux cadres sont neutres et \u00e9l\u00e9gants pour bien s\u2019int\u00e9grer dans l&#8217;image et s&#8217;adapter \u00e0 tous les d\u00e9cors.<\/p>\n<p>-Chaque affiche est livr\u00e9e en une seule pi\u00e8ce et est pr\u00e9encoll\u00e9e. Il vous suffit de plonger l\u2019affiche dans l&#8217;eau (dans votre baignoire ou votre douche) pour activer la colle. Vous pouvez facilement la man\u0153uvrer et la poser sur la surface, contrairement \u00e0 une version \u00ab\u00a0autocollante\u00a0\u00bb.<\/p>\n<p>-Les instructions d&#8217;installation seront jointes avec l&#8217;affiche. Vous pouvez nous <a href=\"https:\/\/www.muralunique.com\/fr\/contact\/\">contacter<\/a> si vous avez des questions.<\/p>\n<p>-Une option saine pour votre maison : \u00e9cologique, biod\u00e9gradable et sans aucun composant organique volatil. Un achat intelligent que vous n&#8217;aurez jamais \u00e0 \u00e9pousseter ou \u00e0 \u00e9quilibrer pour niveler.<\/p>\n<p><span class=\"Y2IQFc\" lang=\"fr\">-Photographie d&#8217;Isabelle Charbonneau. Visitez <a href=\"https:\/\/issaco.ca\/en\/\" rel=\"nofollow noopener\" target=\"_blank\">Issaco.ca<\/a> pour plus d\u2019informations.<\/span><\/p>\n","protected":false},"excerpt":{"rendered":"<p>&#8211;Belle image de palmiers en couleur s\u00e9pia. Collection exclusive des Cara\u00efbes Issa &amp; Co. -Pas besoin de payer pour un cadre ou de manipuler votre image pour l&#8217;ins\u00e9rer dans un cadre. Les affiches sont pr\u00e9-encadr\u00e9es dans un \u00ab faux cadre \u00bb imprim\u00e9 dans l\u2019image elle-m\u00eame. Les faux cadres sont neutres et \u00e9l\u00e9gants pour bien s\u2019int\u00e9grer [&hellip;]<\/p>\n","protected":false},"featured_media":87440,"template":"","meta":{"_acf_changed":false},"product_brand":[],"product_cat":[10186],"product_tag":[],"class_list":{"0":"post-87430","1":"product","2":"type-product","3":"status-publish","4":"has-post-thumbnail","6":"artist-isabelle-charbonneau-fr","7":"product_cat-affiches-muralunique-com","9":"first","10":"instock","11":"taxable","12":"shipping-taxable","13":"purchasable","14":"product-type-variable","15":"has-default-attributes"},"acf":[],"_links":{"self":[{"href":"https:\/\/www.muralunique.com\/fr\/wp-json\/wp\/v2\/product\/87430","targetHints":{"allow":["GET"]}}],"collection":[{"href":"https:\/\/www.muralunique.com\/fr\/wp-json\/wp\/v2\/product"}],"about":[{"href":"https:\/\/www.muralunique.com\/fr\/wp-json\/wp\/v2\/types\/product"}],"wp:featuredmedia":[{"embeddable":true,"href":"https:\/\/www.muralunique.com\/fr\/wp-json\/wp\/v2\/media\/87440"}],"wp:attachment":[{"href":"https:\/\/www.muralunique.com\/fr\/wp-json\/wp\/v2\/media?parent=87430"}],"wp:term":[{"taxonomy":"product_brand","embeddable":true,"href":"https:\/\/www.muralunique.com\/fr\/wp-json\/wp\/v2\/product_brand?post=87430"},{"taxonomy":"product_cat","embeddable":true,"href":"https:\/\/www.muralunique.com\/fr\/wp-json\/wp\/v2\/product_cat?post=87430"},{"taxonomy":"product_tag","embeddable":true,"href":"https:\/\/www.muralunique.com\/fr\/wp-json\/wp\/v2\/product_tag?post=87430"}],"curies":[{"name":"wp","href":"https:\/\/api.w.org\/{rel}","templated":true}]}}