{"id":8756,"date":"2016-10-19T12:36:23","date_gmt":"2016-10-19T12:36:23","guid":{"rendered":"https:\/\/muralunique.com\/?post_type=product&#038;p=8756"},"modified":"2022-04-16T19:44:13","modified_gmt":"2022-04-16T23:44:13","slug":"parc-du-bouddha-pres-de-vientiane-au-laos","status":"publish","type":"product","link":"https:\/\/www.muralunique.com\/fr\/produit\/parc-du-bouddha-pres-de-vientiane-au-laos\/","title":{"rendered":"Parc du Bouddha pr\u00e8s de Vientiane au Laos"},"content":{"rendered":"<p>-Photo murale en papier peint du Parc du Bouddha (ou Xieng Khuan) qui est situ\u00e9 pr\u00e8s\u00a0de Vientiane\u00a0au Laos. Ce parc contient environ 200 statues bouddhistes et hindoues en b\u00e9ton. Cette murale est parfaite pour cr\u00e9er une atmosph\u00e8re de d\u00e9tente et de relaxation.<\/p>\n<p>-La murale comprend des laizes de 18&#8243; (45cm) de largeur. Par exemple, une murale de 6&#8242; (1,83m) de largeur a 4 laizes et une murale de 12&#8242; (3,66m) de largeur a 8 laizes.<\/p>\n<p>-Murale en papier\u00a0peint pr\u00e9encoll\u00e9e, lavable, s&#8217;enl\u00e8ve \u00e0 sec et r\u00e9utilisable. Facile \u00e0 installer, se pose comme du papier\u00a0peint (tapisserie).<\/p>\n<p>-murale parc bouddha, murale en papier peint parc bouddha, papier peint parc bouddha, tapisserie parc bouddha, murale bouddha<\/p>\n","protected":false},"excerpt":{"rendered":"<p>-Photo murale en papier peint du Parc du Bouddha (ou Xieng Khuan) qui est situ\u00e9 pr\u00e8s\u00a0de Vientiane\u00a0au Laos. Ce parc contient environ 200 statues bouddhistes et hindoues en b\u00e9ton. Cette murale est parfaite pour cr\u00e9er une atmosph\u00e8re de d\u00e9tente et de relaxation. -La murale comprend des laizes de 18&#8243; (45cm) de largeur. Par exemple, une [&hellip;]<\/p>\n","protected":false},"featured_media":8757,"template":"","meta":{"_acf_changed":false},"product_brand":[203],"product_cat":[128,138,401],"product_tag":[8784,8783,8852,8853,8864,9064,9182,9536,9537,9238,9261,9252,9321,9443,9467,9552],"class_list":{"0":"post-8756","1":"product","2":"type-product","3":"status-publish","4":"has-post-thumbnail","6":"product_brand-muralunique-com","7":"product_cat-merveilles-du-monde","8":"product_cat-oriental-religion-spiritualite","9":"product_cat-tous-nos-produits","10":"product_tag-asiatique","11":"product_tag-asie","12":"product_tag-bouddha","13":"product_tag-bouddhisme","14":"product_tag-calme","15":"product_tag-grand-bouddha","16":"product_tag-meditation-fr","17":"product_tag-merveilles","18":"product_tag-merveilles-du-monde","19":"product_tag-oriental-fr","20":"product_tag-paisible","21":"product_tag-parc","22":"product_tag-religion-fr","23":"product_tag-temple-fr","24":"product_tag-tranquilite","25":"product_tag-zen-fr","27":"first","28":"instock","29":"taxable","30":"shipping-taxable","31":"purchasable","32":"product-type-variable","33":"has-default-attributes"},"acf":[],"_links":{"self":[{"href":"https:\/\/www.muralunique.com\/fr\/wp-json\/wp\/v2\/product\/8756","targetHints":{"allow":["GET"]}}],"collection":[{"href":"https:\/\/www.muralunique.com\/fr\/wp-json\/wp\/v2\/product"}],"about":[{"href":"https:\/\/www.muralunique.com\/fr\/wp-json\/wp\/v2\/types\/product"}],"wp:featuredmedia":[{"embeddable":true,"href":"https:\/\/www.muralunique.com\/fr\/wp-json\/wp\/v2\/media\/8757"}],"wp:attachment":[{"href":"https:\/\/www.muralunique.com\/fr\/wp-json\/wp\/v2\/media?parent=8756"}],"wp:term":[{"taxonomy":"product_brand","embeddable":true,"href":"https:\/\/www.muralunique.com\/fr\/wp-json\/wp\/v2\/product_brand?post=8756"},{"taxonomy":"product_cat","embeddable":true,"href":"https:\/\/www.muralunique.com\/fr\/wp-json\/wp\/v2\/product_cat?post=8756"},{"taxonomy":"product_tag","embeddable":true,"href":"https:\/\/www.muralunique.com\/fr\/wp-json\/wp\/v2\/product_tag?post=8756"}],"curies":[{"name":"wp","href":"https:\/\/api.w.org\/{rel}","templated":true}]}}