{"id":8768,"date":"2016-10-20T11:17:19","date_gmt":"2016-10-20T11:17:19","guid":{"rendered":"https:\/\/muralunique.com\/?post_type=product&#038;p=8768"},"modified":"2022-04-16T19:43:41","modified_gmt":"2022-04-16T23:43:41","slug":"rizieres-dans-la-province-de-lao-cai-vietnam","status":"publish","type":"product","link":"https:\/\/www.muralunique.com\/fr\/produit\/rizieres-dans-la-province-de-lao-cai-vietnam\/","title":{"rendered":"Rizi\u00e8res dans la Province de L\u00e0o Cai, Vietnam"},"content":{"rendered":"<p>-Murale en papier peint color\u00e9e de rizi\u00e8res (champs de riz) dans la province de L\u00e0o Cai au Vietnam. Photo murale.<\/p>\n<p>-La murale comprend des laizes de 18\u2033 (45cm) de largeur. Par exemple, une murale de 6\u2032 (1,83m) de largeur a 4 laizes et une murale de 12\u2032 (3,66m) de largeur a 8 laizes.<\/p>\n<p>-Murale en papier\u00a0peint pr\u00e9encoll\u00e9e, lavable, s\u2019enl\u00e8ve \u00e0 sec et r\u00e9utilisable. Facile \u00e0 installer, se pose comme du papier\u00a0peint (tapisserie).<\/p>\n<p>-murale rizi\u00e8res, photo murale rizi\u00e8res, murale en papier peint rizi\u00e8res, murale Vietnam, photo murale Vietnam<\/p>\n","protected":false},"excerpt":{"rendered":"<p>-Murale en papier peint color\u00e9e de rizi\u00e8res (champs de riz) dans la province de L\u00e0o Cai au Vietnam. Photo murale. -La murale comprend des laizes de 18\u2033 (45cm) de largeur. Par exemple, une murale de 6\u2032 (1,83m) de largeur a 4 laizes et une murale de 12\u2032 (3,66m) de largeur a 8 laizes. -Murale en [&hellip;]<\/p>\n","protected":false},"featured_media":63549,"template":"","meta":{"_acf_changed":false},"product_brand":[203],"product_cat":[128,141,401],"product_tag":[8994,9536,9537,9208,9209,9219,9137],"class_list":{"0":"post-8768","1":"product","2":"type-product","3":"status-publish","4":"has-post-thumbnail","6":"product_brand-muralunique-com","7":"product_cat-merveilles-du-monde","8":"product_cat-nature-et-paysages","9":"product_cat-tous-nos-produits","10":"product_tag-champ","11":"product_tag-merveilles","12":"product_tag-merveilles-du-monde","13":"product_tag-montagne","14":"product_tag-montagnes","15":"product_tag-nature-fr","16":"product_tag-paysage","18":"first","19":"instock","20":"taxable","21":"shipping-taxable","22":"purchasable","23":"product-type-variable","24":"has-default-attributes"},"acf":[],"_links":{"self":[{"href":"https:\/\/www.muralunique.com\/fr\/wp-json\/wp\/v2\/product\/8768","targetHints":{"allow":["GET"]}}],"collection":[{"href":"https:\/\/www.muralunique.com\/fr\/wp-json\/wp\/v2\/product"}],"about":[{"href":"https:\/\/www.muralunique.com\/fr\/wp-json\/wp\/v2\/types\/product"}],"wp:featuredmedia":[{"embeddable":true,"href":"https:\/\/www.muralunique.com\/fr\/wp-json\/wp\/v2\/media\/63549"}],"wp:attachment":[{"href":"https:\/\/www.muralunique.com\/fr\/wp-json\/wp\/v2\/media?parent=8768"}],"wp:term":[{"taxonomy":"product_brand","embeddable":true,"href":"https:\/\/www.muralunique.com\/fr\/wp-json\/wp\/v2\/product_brand?post=8768"},{"taxonomy":"product_cat","embeddable":true,"href":"https:\/\/www.muralunique.com\/fr\/wp-json\/wp\/v2\/product_cat?post=8768"},{"taxonomy":"product_tag","embeddable":true,"href":"https:\/\/www.muralunique.com\/fr\/wp-json\/wp\/v2\/product_tag?post=8768"}],"curies":[{"name":"wp","href":"https:\/\/api.w.org\/{rel}","templated":true}]}}