{"id":8800,"date":"2016-11-15T16:15:40","date_gmt":"2016-11-15T16:15:40","guid":{"rendered":"https:\/\/muralunique.com\/?post_type=product&#038;p=8800"},"modified":"2022-03-15T20:18:02","modified_gmt":"2022-03-16T00:18:02","slug":"foret-de-trembles-montagnes-elk-colorado-noir-et-blanc","status":"publish","type":"product","link":"https:\/\/www.muralunique.com\/fr\/produit\/foret-de-trembles-montagnes-elk-colorado-noir-et-blanc\/","title":{"rendered":"For\u00eat de Trembles, Montagnes Elk, Colorado (Noir et Blanc)"},"content":{"rendered":"<p>-Murale en papier peint en noir et blanc d&#8217;une for\u00eat des Montagnes Elk au Colorado, \u00c9tats-Unis. Profitez de la beaut\u00e9 de la nature gr\u00e2ce \u00e0 cette magnifique murale de for\u00eat de trembles.<\/p>\n<p>-La murale comprend des laizes de 18&#8243; (45cm) de largeur. Par exemple, une murale de 6&#8242; (1,83m) de largeur a 4 laizes et une murale de 12&#8242; (3,66m) de largeur a 8 laizes.<\/p>\n<p>-Murale en papier\u00a0peint pr\u00e9encoll\u00e9e, lavable, s&#8217;enl\u00e8ve \u00e0 sec et r\u00e9utilisable. Facile \u00e0 installer, se pose comme du papier\u00a0peint (tapisserie).<\/p>\n<p>-murale de for\u00eat de trembles, tapisserie de for\u00eat de trembles, papier peint mural de for\u00eat de trembles, murale de la nature, papier peint de la nature<\/p>\n","protected":false},"excerpt":{"rendered":"<p>-Murale en papier peint en noir et blanc d&#8217;une for\u00eat des Montagnes Elk au Colorado, \u00c9tats-Unis. Profitez de la beaut\u00e9 de la nature gr\u00e2ce \u00e0 cette magnifique murale de for\u00eat de trembles. -La murale comprend des laizes de 18&#8243; (45cm) de largeur. Par exemple, une murale de 6&#8242; (1,83m) de largeur a 4 laizes et [&hellip;]<\/p>\n","protected":false},"featured_media":31644,"template":"","meta":{"_acf_changed":false},"product_brand":[203],"product_cat":[141,401],"product_tag":[9478,8821,8822,8864,8682,9499,9427,9019,9209,9219,9261,9137,9467,8741],"class_list":{"0":"post-8800","1":"product","2":"type-product","3":"status-publish","4":"has-post-thumbnail","6":"product_brand-muralunique-com","7":"product_cat-nature-et-paysages","8":"product_cat-tous-nos-produits","9":"product_tag-arbres","10":"product_tag-bouleau","11":"product_tag-bouleaux","12":"product_tag-calme","13":"product_tag-colorado-fr","14":"product_tag-etats-unis","15":"product_tag-ete","16":"product_tag-foret","17":"product_tag-montagnes","18":"product_tag-nature-fr","19":"product_tag-paisible","20":"product_tag-paysage","21":"product_tag-tranquilite","22":"product_tag-usa-fr","24":"first","25":"instock","26":"taxable","27":"shipping-taxable","28":"purchasable","29":"product-type-variable","30":"has-default-attributes"},"acf":[],"_links":{"self":[{"href":"https:\/\/www.muralunique.com\/fr\/wp-json\/wp\/v2\/product\/8800","targetHints":{"allow":["GET"]}}],"collection":[{"href":"https:\/\/www.muralunique.com\/fr\/wp-json\/wp\/v2\/product"}],"about":[{"href":"https:\/\/www.muralunique.com\/fr\/wp-json\/wp\/v2\/types\/product"}],"wp:featuredmedia":[{"embeddable":true,"href":"https:\/\/www.muralunique.com\/fr\/wp-json\/wp\/v2\/media\/31644"}],"wp:attachment":[{"href":"https:\/\/www.muralunique.com\/fr\/wp-json\/wp\/v2\/media?parent=8800"}],"wp:term":[{"taxonomy":"product_brand","embeddable":true,"href":"https:\/\/www.muralunique.com\/fr\/wp-json\/wp\/v2\/product_brand?post=8800"},{"taxonomy":"product_cat","embeddable":true,"href":"https:\/\/www.muralunique.com\/fr\/wp-json\/wp\/v2\/product_cat?post=8800"},{"taxonomy":"product_tag","embeddable":true,"href":"https:\/\/www.muralunique.com\/fr\/wp-json\/wp\/v2\/product_tag?post=8800"}],"curies":[{"name":"wp","href":"https:\/\/api.w.org\/{rel}","templated":true}]}}