{"id":8813,"date":"2016-11-15T17:55:24","date_gmt":"2016-11-15T17:55:24","guid":{"rendered":"https:\/\/muralunique.com\/?post_type=product&#038;p=8813"},"modified":"2021-07-30T13:31:46","modified_gmt":"2021-07-30T17:31:46","slug":"le-royaume-des-bonbons","status":"publish","type":"product","link":"https:\/\/www.muralunique.com\/fr\/produit\/le-royaume-des-bonbons\/","title":{"rendered":"Le Royaume des Bonbons"},"content":{"rendered":"<p>-Murale aux couleurs pastels du royaume des bonbons parfaite pour votre petite princesse. Magnifique toile originale et exclusive de l&#8217;artiste Adrienne Scanlan.<\/p>\n<p>-La murale comprend des laizes de 18&#8243; (45cm) de largeur. Par exemple, une murale de 6&#8242; (1,83m) de largeur a 4 laizes et une murale de 12&#8242; (3,66m) de largeur a 8 laizes.<\/p>\n<p>-Murale en papier\u00a0peint pr\u00e9encoll\u00e9e, lavable, s&#8217;enl\u00e8ve \u00e0 sec et r\u00e9utilisable. Facile \u00e0 installer, se pose comme du papier\u00a0peint (tapisserie).<\/p>\n<p>-Vous pouvez obtenir plus d&#8217;informations \u00e0\u00a0<a href=\"http:\/\/www.aboutmurals.ca\/\" rel=\"nofollow noopener\" target=\"_blank\">www.aboutmurals.ca<\/a>.\u00a0Adrienne Scalan est une artiste et une sp\u00e9cialiste en d\u00e9coration int\u00e9rieure qui d\u00e9teste les murs ennuyants \ud83d\ude42<\/p>\n<p>-murales en papier peint pour enfants, murales pour enfants, murales pour b\u00e9b\u00e9s, tapisserie pour enfants, papier peint pour enfants<\/p>\n","protected":false},"excerpt":{"rendered":"<p>-Murale aux couleurs pastels du royaume des bonbons parfaite pour votre petite princesse. Magnifique toile originale et exclusive de l&#8217;artiste Adrienne Scanlan. -La murale comprend des laizes de 18&#8243; (45cm) de largeur. Par exemple, une murale de 6&#8242; (1,83m) de largeur a 4 laizes et une murale de 12&#8242; (3,66m) de largeur a 8 laizes. [&hellip;]<\/p>\n","protected":false},"featured_media":8814,"template":"","meta":{"_acf_changed":false},"product_brand":[208],"product_cat":[173,401,425],"product_tag":[8791,8790,8870,8869,8894,8895,9125,9545],"class_list":{"0":"post-8813","1":"product","2":"type-product","3":"status-publish","4":"has-post-thumbnail","6":"artist-adrienne-scanlan-fr","7":"product_brand-adrienne-scanlan-2","8":"product_cat-enfants","9":"product_cat-tous-nos-produits","10":"product_cat-ultra-haute-d-finition-art","11":"product_tag-bebe","12":"product_tag-bebes","13":"product_tag-bonbon","14":"product_tag-bonbons","15":"product_tag-enfant","16":"product_tag-enfants","17":"product_tag-gamins","18":"product_tag-monde","20":"first","21":"instock","22":"taxable","23":"shipping-taxable","24":"purchasable","25":"product-type-variable","26":"has-default-attributes"},"acf":[],"_links":{"self":[{"href":"https:\/\/www.muralunique.com\/fr\/wp-json\/wp\/v2\/product\/8813","targetHints":{"allow":["GET"]}}],"collection":[{"href":"https:\/\/www.muralunique.com\/fr\/wp-json\/wp\/v2\/product"}],"about":[{"href":"https:\/\/www.muralunique.com\/fr\/wp-json\/wp\/v2\/types\/product"}],"wp:featuredmedia":[{"embeddable":true,"href":"https:\/\/www.muralunique.com\/fr\/wp-json\/wp\/v2\/media\/8814"}],"wp:attachment":[{"href":"https:\/\/www.muralunique.com\/fr\/wp-json\/wp\/v2\/media?parent=8813"}],"wp:term":[{"taxonomy":"product_brand","embeddable":true,"href":"https:\/\/www.muralunique.com\/fr\/wp-json\/wp\/v2\/product_brand?post=8813"},{"taxonomy":"product_cat","embeddable":true,"href":"https:\/\/www.muralunique.com\/fr\/wp-json\/wp\/v2\/product_cat?post=8813"},{"taxonomy":"product_tag","embeddable":true,"href":"https:\/\/www.muralunique.com\/fr\/wp-json\/wp\/v2\/product_tag?post=8813"}],"curies":[{"name":"wp","href":"https:\/\/api.w.org\/{rel}","templated":true}]}}