{"id":88263,"date":"2024-03-25T13:49:21","date_gmt":"2024-03-25T17:49:21","guid":{"rendered":"https:\/\/www.muralunique.com\/?post_type=product&#038;p=88263"},"modified":"2024-03-25T15:21:19","modified_gmt":"2024-03-25T19:21:19","slug":"plumage-fractal-en-noir-et-blanc","status":"publish","type":"product","link":"https:\/\/www.muralunique.com\/fr\/produit\/plumage-fractal-en-noir-et-blanc\/","title":{"rendered":"Plumage Fractal en Noir et Blanc"},"content":{"rendered":"<p>-Magnifique murale en papier peint d&#8217;art fractal en noir et blanc. Cette murale donnera un effet grandiose \u00e0 votre int\u00e9rieur!<\/p>\n<p>-La murale comprend des laizes de 18&#8243; (45cm) de largeur. Par exemple, une murale de 6&#8242; (1,83m) de largeur a 4 laizes et une murale de 12&#8242; (3,66m) de largeur a 8 laizes.<\/p>\n<p>-Murale en papier\u00a0peint pr\u00e9encoll\u00e9e, lavable, s&#8217;enl\u00e8ve \u00e0 sec et r\u00e9utilisable. Facile \u00e0 installer, se pose comme du papier\u00a0peint (tapisserie).<\/p>\n<p>-murale plumage fractal en noir et blanc, papier peint plumage fractal en noir et blanc, tapisserie plumage fractal en noir et blanc, murale art fractal en noir et blanc, papier peint art fractal en noir et blanc<\/p>\n<p>&nbsp;<\/p>\n","protected":false},"excerpt":{"rendered":"<p>-Magnifique murale en papier peint d&#8217;art fractal en noir et blanc. Cette murale donnera un effet grandiose \u00e0 votre int\u00e9rieur! -La murale comprend des laizes de 18&#8243; (45cm) de largeur. Par exemple, une murale de 6&#8242; (1,83m) de largeur a 4 laizes et une murale de 12&#8242; (3,66m) de largeur a 8 laizes. -Murale en [&hellip;]<\/p>\n","protected":false},"featured_media":88279,"template":"","meta":{"_acf_changed":false},"product_brand":[],"product_cat":[125,401],"product_tag":[8751,9724,9025,10342,8989],"class_list":{"0":"post-88263","1":"product","2":"type-product","3":"status-publish","4":"has-post-thumbnail","6":"product_cat-abstrait-et-geometrie","7":"product_cat-tous-nos-produits","8":"product_tag-abstrait","9":"product_tag-art-fr","10":"product_tag-fractal-fr","11":"product_tag-plume","12":"product_tag-plumes","14":"first","15":"instock","16":"taxable","17":"shipping-taxable","18":"purchasable","19":"product-type-variable","20":"has-default-attributes"},"acf":[],"_links":{"self":[{"href":"https:\/\/www.muralunique.com\/fr\/wp-json\/wp\/v2\/product\/88263","targetHints":{"allow":["GET"]}}],"collection":[{"href":"https:\/\/www.muralunique.com\/fr\/wp-json\/wp\/v2\/product"}],"about":[{"href":"https:\/\/www.muralunique.com\/fr\/wp-json\/wp\/v2\/types\/product"}],"wp:featuredmedia":[{"embeddable":true,"href":"https:\/\/www.muralunique.com\/fr\/wp-json\/wp\/v2\/media\/88279"}],"wp:attachment":[{"href":"https:\/\/www.muralunique.com\/fr\/wp-json\/wp\/v2\/media?parent=88263"}],"wp:term":[{"taxonomy":"product_brand","embeddable":true,"href":"https:\/\/www.muralunique.com\/fr\/wp-json\/wp\/v2\/product_brand?post=88263"},{"taxonomy":"product_cat","embeddable":true,"href":"https:\/\/www.muralunique.com\/fr\/wp-json\/wp\/v2\/product_cat?post=88263"},{"taxonomy":"product_tag","embeddable":true,"href":"https:\/\/www.muralunique.com\/fr\/wp-json\/wp\/v2\/product_tag?post=88263"}],"curies":[{"name":"wp","href":"https:\/\/api.w.org\/{rel}","templated":true}]}}