{"id":88320,"date":"2024-03-26T10:39:25","date_gmt":"2024-03-26T14:39:25","guid":{"rendered":"https:\/\/www.muralunique.com\/?post_type=product&#038;p=88320"},"modified":"2024-03-26T10:52:59","modified_gmt":"2024-03-26T14:52:59","slug":"herbes-blanches-en-noir-et-blanc","status":"publish","type":"product","link":"https:\/\/www.muralunique.com\/fr\/produit\/herbes-blanches-en-noir-et-blanc\/","title":{"rendered":"Herbes Blanches en Noir et Blanc"},"content":{"rendered":"<p>-Murale en papier peint en noir et blanc d&#8217;un plan rapproch\u00e9 d&#8217;herbes blanches balay\u00e9es par le vent. Une murale qui convient aussi bien \u00e0 un d\u00e9cor sophistiqu\u00e9 et \u00e9l\u00e9gant qu&#8217;\u00e0 un d\u00e9cor simple et rustique.<\/p>\n<p>-La murale comprend des laizes de 18\u2033 (45cm) de largeur. Par exemple, une murale de 6\u2032 (1,83m) de largeur a 4 laizes et une murale de 12\u2032 (3,66m) de largeur a 8 laizes.<\/p>\n<p>-Murale en papier\u00a0peint pr\u00e9encoll\u00e9e, lavable, s\u2019enl\u00e8ve \u00e0 sec et r\u00e9utilisable. Facile \u00e0 installer, se pose comme du papier\u00a0peint (tapisserie).<\/p>\n<p>-murale herbes blanches en noir et blanc, tapisserie herbes blanches en noir et blanc, tapisserie murale herbes blanches en noir et blanc, murale en papier peint herbes blanches en noir et blanc, murale de feuillage, tapisserie de feuillage en noir et blanc<\/p>\n","protected":false},"excerpt":{"rendered":"<p>-Murale en papier peint en noir et blanc d&#8217;un plan rapproch\u00e9 d&#8217;herbes blanches balay\u00e9es par le vent. Une murale qui convient aussi bien \u00e0 un d\u00e9cor sophistiqu\u00e9 et \u00e9l\u00e9gant qu&#8217;\u00e0 un d\u00e9cor simple et rustique. -La murale comprend des laizes de 18\u2033 (45cm) de largeur. Par exemple, une murale de 6\u2032 (1,83m) de largeur a [&hellip;]<\/p>\n","protected":false},"featured_media":93136,"template":"","meta":{"_acf_changed":false},"product_brand":[],"product_cat":[150,305,401],"product_tag":[9014,9063,9078,10135,10065,9167,8905,10034,10035,9413,9414],"class_list":{"0":"post-88320","1":"product","2":"type-product","3":"status-publish","4":"has-post-thumbnail","6":"product_cat-fleurs-et-feuillages","7":"product_cat-produits-vedettes","8":"product_cat-tous-nos-produits","9":"product_tag-feuillage","10":"product_tag-gazon","11":"product_tag-herbe","12":"product_tag-herbes-fr","13":"product_tag-herbes","14":"product_tag-macro-fr","15":"product_tag-plan-rapproche","16":"product_tag-roseau","17":"product_tag-roseaux","18":"product_tag-tige","19":"product_tag-tiges","21":"first","22":"instock","23":"taxable","24":"shipping-taxable","25":"purchasable","26":"product-type-variable","27":"has-default-attributes"},"acf":[],"_links":{"self":[{"href":"https:\/\/www.muralunique.com\/fr\/wp-json\/wp\/v2\/product\/88320","targetHints":{"allow":["GET"]}}],"collection":[{"href":"https:\/\/www.muralunique.com\/fr\/wp-json\/wp\/v2\/product"}],"about":[{"href":"https:\/\/www.muralunique.com\/fr\/wp-json\/wp\/v2\/types\/product"}],"wp:featuredmedia":[{"embeddable":true,"href":"https:\/\/www.muralunique.com\/fr\/wp-json\/wp\/v2\/media\/93136"}],"wp:attachment":[{"href":"https:\/\/www.muralunique.com\/fr\/wp-json\/wp\/v2\/media?parent=88320"}],"wp:term":[{"taxonomy":"product_brand","embeddable":true,"href":"https:\/\/www.muralunique.com\/fr\/wp-json\/wp\/v2\/product_brand?post=88320"},{"taxonomy":"product_cat","embeddable":true,"href":"https:\/\/www.muralunique.com\/fr\/wp-json\/wp\/v2\/product_cat?post=88320"},{"taxonomy":"product_tag","embeddable":true,"href":"https:\/\/www.muralunique.com\/fr\/wp-json\/wp\/v2\/product_tag?post=88320"}],"curies":[{"name":"wp","href":"https:\/\/api.w.org\/{rel}","templated":true}]}}