{"id":8886,"date":"2016-12-07T12:02:58","date_gmt":"2016-12-07T12:02:58","guid":{"rendered":"https:\/\/muralunique.com\/?post_type=product&#038;p=8886"},"modified":"2021-07-30T13:31:53","modified_gmt":"2021-07-30T17:31:53","slug":"larbre-de-la-sagesse","status":"publish","type":"product","link":"https:\/\/www.muralunique.com\/fr\/produit\/larbre-de-la-sagesse\/","title":{"rendered":"L&#8217;Arbre de la Sagesse"},"content":{"rendered":"<p>-Photo murale d&#8217;un arbre Banian. Cet\u00a0arbre est un symbole important pour certaines religions (ex:Bouddhisme). L&#8217;arbre Banian\u00a0est \u00e9galement l&#8217;arbre National de l&#8217;Inde.<\/p>\n<p>-La murale comprend des laizes de 18\u2033 (45cm) de largeur. Par exemple, une murale de 6\u2032 (1,83m) de largeur a 4 laizes et une murale de 12\u2032 (3,66m) de largeur a 8 laizes.<\/p>\n<p>-Murale en papier\u00a0peint pr\u00e9encoll\u00e9e, lavable, s\u2019enl\u00e8ve \u00e0 sec et r\u00e9utilisable. Facile \u00e0 installer, se pose comme du papier\u00a0peint (tapisserie).<\/p>\n<p>-murale arbre de la sagesse, papier peint arbre de la sagesse, photo murale arbre de la sagesse, murale en papier peint arbre de la sagesse, murale arbre<\/p>\n","protected":false},"excerpt":{"rendered":"<p>-Photo murale d&#8217;un arbre Banian. Cet\u00a0arbre est un symbole important pour certaines religions (ex:Bouddhisme). L&#8217;arbre Banian\u00a0est \u00e9galement l&#8217;arbre National de l&#8217;Inde. -La murale comprend des laizes de 18\u2033 (45cm) de largeur. Par exemple, une murale de 6\u2032 (1,83m) de largeur a 4 laizes et une murale de 12\u2032 (3,66m) de largeur a 8 laizes. -Murale [&hellip;]<\/p>\n","protected":false},"featured_media":31702,"template":"","meta":{"_acf_changed":false},"product_brand":[203],"product_cat":[141,138,401],"product_tag":[9477,8853,9105,9219,9137,9322,9321],"class_list":{"0":"post-8886","1":"product","2":"type-product","3":"status-publish","4":"has-post-thumbnail","6":"product_brand-muralunique-com","7":"product_cat-nature-et-paysages","8":"product_cat-oriental-religion-spiritualite","9":"product_cat-tous-nos-produits","10":"product_tag-arbre","11":"product_tag-bouddhisme","12":"product_tag-inde","13":"product_tag-nature-fr","14":"product_tag-paysage","15":"product_tag-religieux","16":"product_tag-religion-fr","18":"first","19":"instock","20":"taxable","21":"shipping-taxable","22":"purchasable","23":"product-type-variable","24":"has-default-attributes"},"acf":[],"_links":{"self":[{"href":"https:\/\/www.muralunique.com\/fr\/wp-json\/wp\/v2\/product\/8886","targetHints":{"allow":["GET"]}}],"collection":[{"href":"https:\/\/www.muralunique.com\/fr\/wp-json\/wp\/v2\/product"}],"about":[{"href":"https:\/\/www.muralunique.com\/fr\/wp-json\/wp\/v2\/types\/product"}],"wp:featuredmedia":[{"embeddable":true,"href":"https:\/\/www.muralunique.com\/fr\/wp-json\/wp\/v2\/media\/31702"}],"wp:attachment":[{"href":"https:\/\/www.muralunique.com\/fr\/wp-json\/wp\/v2\/media?parent=8886"}],"wp:term":[{"taxonomy":"product_brand","embeddable":true,"href":"https:\/\/www.muralunique.com\/fr\/wp-json\/wp\/v2\/product_brand?post=8886"},{"taxonomy":"product_cat","embeddable":true,"href":"https:\/\/www.muralunique.com\/fr\/wp-json\/wp\/v2\/product_cat?post=8886"},{"taxonomy":"product_tag","embeddable":true,"href":"https:\/\/www.muralunique.com\/fr\/wp-json\/wp\/v2\/product_tag?post=8886"}],"curies":[{"name":"wp","href":"https:\/\/api.w.org\/{rel}","templated":true}]}}