{"id":88887,"date":"2024-04-12T11:19:01","date_gmt":"2024-04-12T15:19:01","guid":{"rendered":"https:\/\/www.muralunique.com\/?post_type=product&#038;p=88887"},"modified":"2024-04-12T11:40:43","modified_gmt":"2024-04-12T15:40:43","slug":"riviere-kicking-horse-dans-les-rocheuses-canadiennes","status":"publish","type":"product","link":"https:\/\/www.muralunique.com\/fr\/produit\/riviere-kicking-horse-dans-les-rocheuses-canadiennes\/","title":{"rendered":"Rivi\u00e8re Kicking Horse dans les Rocheuses Canadiennes"},"content":{"rendered":"<p id=\"tw-target-text\" class=\"tw-data-text tw-text-large tw-ta\" dir=\"ltr\" data-placeholder=\"Translation\" aria-label=\"Translated text\" data-ved=\"2ahUKEwjX0qW19LyFAxXWlYkEHeeiA6wQ3ewLegQIDhAU\"><span class=\"Y2IQFc\" lang=\"fr\">-Murale en papier peint de la rivi\u00e8re Kicking Horse. La rivi\u00e8re Kicking Horse se trouve dans les Rocheuses canadiennes du sud-est de la Colombie-Britannique, au Canada. La rivi\u00e8re a \u00e9t\u00e9 nomm\u00e9e en 1858, lorsque James Hector, membre de l&#8217;exp\u00e9dition Palliser, a rapport\u00e9 avoir \u00e9t\u00e9 frapp\u00e9 par son cheval de b\u00e2t lors de son exploration de la rivi\u00e8re. Hector a nomm\u00e9 la rivi\u00e8re et le col associ\u00e9 \u00e0 la suite de l&#8217;incident. Le col Kicking Horse, qui relie les Rocheuses \u00e0 la vall\u00e9e de la rivi\u00e8re Bow, \u00e9tait la route \u00e0 travers les montagnes emprunt\u00e9e par la suite par le chemin de fer Canadien Pacifique lors de sa construction dans les ann\u00e9es 1880 (<a href=\"https:\/\/en.wikipedia.org\/wiki\/Kicking_Horse_River\" rel=\"nofollow noopener\" target=\"_blank\">wikipedia.org<\/a>).<\/span><\/p>\n<p>-La murale comprend des laizes de 18\u2033 (45cm) de largeur. Par exemple, une murale de 6\u2032 (1,83m) de largeur a 4 laizes et une murale de 12\u2032 (3,66m) de largeur a 8 laizes.<\/p>\n<p>-Murale en papier\u00a0peint pr\u00e9encoll\u00e9e, lavable, s\u2019enl\u00e8ve \u00e0 sec et r\u00e9utilisable. Facile \u00e0 installer, se pose comme du papier\u00a0peint (tapisserie).<\/p>\n<p>-murale kicking horse des rocheuses canadiennes, papier peint kicking horse des rocheuses canadiennes, tapisserie kicking horse des rocheuses canadiennes, murale de la nature, tapisserie murale de la nature, murale paysage, tapisserie murale paysage<\/p>\n","protected":false},"excerpt":{"rendered":"<p>-Murale en papier peint de la rivi\u00e8re Kicking Horse. La rivi\u00e8re Kicking Horse se trouve dans les Rocheuses canadiennes du sud-est de la Colombie-Britannique, au Canada. La rivi\u00e8re a \u00e9t\u00e9 nomm\u00e9e en 1858, lorsque James Hector, membre de l&#8217;exp\u00e9dition Palliser, a rapport\u00e9 avoir \u00e9t\u00e9 frapp\u00e9 par son cheval de b\u00e2t lors de son exploration de [&hellip;]<\/p>\n","protected":false},"featured_media":88886,"template":"","meta":{"_acf_changed":false},"product_brand":[],"product_cat":[153,10345,141,303,401],"product_tag":[9478,8676,9518,8673,9604,9517,9208,9209,9219,9137,9330,9333,10360,9336],"class_list":{"0":"post-88887","1":"product","2":"type-product","3":"status-publish","4":"has-post-thumbnail","6":"product_cat-eau-et-plages","7":"product_cat-murs-extra-hauts-murales-repetition-verticale","8":"product_cat-nature-et-paysages","9":"product_cat-nouveautes","10":"product_cat-tous-nos-produits","11":"product_tag-arbres","12":"product_tag-canada-fr","13":"product_tag-cascades","14":"product_tag-colombie-britannique","15":"product_tag-conifere","16":"product_tag-eau","17":"product_tag-montagne","18":"product_tag-montagnes","19":"product_tag-nature-fr","20":"product_tag-paysage","21":"product_tag-riviere","22":"product_tag-rocher-fr","23":"product_tag-rocheuses","24":"product_tag-rocks-fr","26":"first","27":"instock","28":"taxable","29":"shipping-taxable","30":"purchasable","31":"product-type-variable","32":"has-default-attributes"},"acf":[],"_links":{"self":[{"href":"https:\/\/www.muralunique.com\/fr\/wp-json\/wp\/v2\/product\/88887","targetHints":{"allow":["GET"]}}],"collection":[{"href":"https:\/\/www.muralunique.com\/fr\/wp-json\/wp\/v2\/product"}],"about":[{"href":"https:\/\/www.muralunique.com\/fr\/wp-json\/wp\/v2\/types\/product"}],"wp:featuredmedia":[{"embeddable":true,"href":"https:\/\/www.muralunique.com\/fr\/wp-json\/wp\/v2\/media\/88886"}],"wp:attachment":[{"href":"https:\/\/www.muralunique.com\/fr\/wp-json\/wp\/v2\/media?parent=88887"}],"wp:term":[{"taxonomy":"product_brand","embeddable":true,"href":"https:\/\/www.muralunique.com\/fr\/wp-json\/wp\/v2\/product_brand?post=88887"},{"taxonomy":"product_cat","embeddable":true,"href":"https:\/\/www.muralunique.com\/fr\/wp-json\/wp\/v2\/product_cat?post=88887"},{"taxonomy":"product_tag","embeddable":true,"href":"https:\/\/www.muralunique.com\/fr\/wp-json\/wp\/v2\/product_tag?post=88887"}],"curies":[{"name":"wp","href":"https:\/\/api.w.org\/{rel}","templated":true}]}}