{"id":89347,"date":"2024-05-08T13:52:58","date_gmt":"2024-05-08T17:52:58","guid":{"rendered":"https:\/\/www.muralunique.com\/?post_type=product&#038;p=89347"},"modified":"2025-11-17T14:10:06","modified_gmt":"2025-11-17T19:10:06","slug":"marbre-tranquillite-intemporelle","status":"publish","type":"product","link":"https:\/\/www.muralunique.com\/fr\/produit\/marbre-tranquillite-intemporelle\/","title":{"rendered":"Marbre Tranquillit\u00e9 Intemporelle"},"content":{"rendered":"<p id=\"tw-target-text\" class=\"tw-data-text tw-text-large tw-ta\" dir=\"ltr\" data-placeholder=\"Translation\" aria-label=\"Translated text\" data-ved=\"2ahUKEwjr7KDuy_6FAxXRrokEHd-KBTAQ3ewLegQIBRAU\"><span class=\"Y2IQFc\" lang=\"fr\">-Transformez votre espace en un royaume d&#8217;\u00e9l\u00e9gance intemporelle avec notre murale de marbre gris. Cette murale luxueuse capture la beaut\u00e9 exquise du marbre naturel, avec ses veines complexes et ses motifs riches et vari\u00e9s. Chaque tourbillon et chaque striation raconte une histoire de processus g\u00e9ologiques anciens, cr\u00e9ant une tapisserie captivante de textures et de couleurs. Laissez la sophistication et le raffinement du marbre orner vos murs, insufflant \u00e0 votre espace un sentiment d&#8217;opulence et de grandeur.<\/span><\/p>\n<p>-La murale comprend des laizes de 18\u2033 (45cm) de largeur. Par exemple, une murale de 6\u2032 (1,83m) de largeur a 4 laizes et une murale de 12\u2032 (3,66m) de largeur a 8 laizes.<\/p>\n<p>-Murale en papier\u00a0peint pr\u00e9encoll\u00e9e, lavable, s\u2019enl\u00e8ve \u00e0 sec et r\u00e9utilisable. Facile \u00e0 installer, se pose comme du papier\u00a0peint (tapisserie).<\/p>\n<p>-murale marbre tranquillit\u00e9 intemporelle, tapisserie murale marbre tranquillit\u00e9 intemporelle, papier peint marbre tranquillit\u00e9 intemporelle, murale de marbre, papier peint de marbre<\/p>\n<p dir=\"ltr\" data-placeholder=\"Translation\" aria-label=\"Translated text\" data-ved=\"2ahUKEwjr7KDuy_6FAxXRrokEHd-KBTAQ3ewLegQIBRAU\">\n","protected":false},"excerpt":{"rendered":"<p>-Transformez votre espace en un royaume d&#8217;\u00e9l\u00e9gance intemporelle avec notre murale de marbre gris. Cette murale luxueuse capture la beaut\u00e9 exquise du marbre naturel, avec ses veines complexes et ses motifs riches et vari\u00e9s. Chaque tourbillon et chaque striation raconte une histoire de processus g\u00e9ologiques anciens, cr\u00e9ant une tapisserie captivante de textures et de couleurs. [&hellip;]<\/p>\n","protected":false},"featured_media":89659,"template":"","meta":{"_acf_changed":false},"product_brand":[],"product_cat":[303,169,401],"product_tag":[8988,9174,9447,9448,9449],"class_list":{"0":"post-89347","1":"product","2":"type-product","3":"status-publish","4":"has-post-thumbnail","6":"product_cat-nouveautes","7":"product_cat-textures-2","8":"product_cat-tous-nos-produits","9":"product_tag-faux","10":"product_tag-marbre","11":"product_tag-texture-fr","12":"product_tag-texture-fr-2","13":"product_tag-textures","15":"first","16":"instock","17":"taxable","18":"shipping-taxable","19":"purchasable","20":"product-type-variable","21":"has-default-attributes"},"acf":[],"_links":{"self":[{"href":"https:\/\/www.muralunique.com\/fr\/wp-json\/wp\/v2\/product\/89347","targetHints":{"allow":["GET"]}}],"collection":[{"href":"https:\/\/www.muralunique.com\/fr\/wp-json\/wp\/v2\/product"}],"about":[{"href":"https:\/\/www.muralunique.com\/fr\/wp-json\/wp\/v2\/types\/product"}],"wp:featuredmedia":[{"embeddable":true,"href":"https:\/\/www.muralunique.com\/fr\/wp-json\/wp\/v2\/media\/89659"}],"wp:attachment":[{"href":"https:\/\/www.muralunique.com\/fr\/wp-json\/wp\/v2\/media?parent=89347"}],"wp:term":[{"taxonomy":"product_brand","embeddable":true,"href":"https:\/\/www.muralunique.com\/fr\/wp-json\/wp\/v2\/product_brand?post=89347"},{"taxonomy":"product_cat","embeddable":true,"href":"https:\/\/www.muralunique.com\/fr\/wp-json\/wp\/v2\/product_cat?post=89347"},{"taxonomy":"product_tag","embeddable":true,"href":"https:\/\/www.muralunique.com\/fr\/wp-json\/wp\/v2\/product_tag?post=89347"}],"curies":[{"name":"wp","href":"https:\/\/api.w.org\/{rel}","templated":true}]}}