{"id":89391,"date":"2024-05-09T13:23:55","date_gmt":"2024-05-09T17:23:55","guid":{"rendered":"https:\/\/www.muralunique.com\/?post_type=product&#038;p=89391"},"modified":"2024-05-09T15:01:33","modified_gmt":"2024-05-09T19:01:33","slug":"roi-des-ours-brun-collection-kikki-belle","status":"publish","type":"product","link":"https:\/\/www.muralunique.com\/fr\/produit\/roi-des-ours-brun-collection-kikki-belle\/","title":{"rendered":"Roi des Ours (Brun) &#8211; Collection Kikki Belle"},"content":{"rendered":"<p id=\"tw-target-text\" class=\"tw-data-text tw-text-large tw-ta\" dir=\"ltr\" data-placeholder=\"Translation\" aria-label=\"Translated text\" data-ved=\"2ahUKEwjkpbuNiYGGAxXWEFkFHWXjD5YQ3ewLegQIBRAU\"><span class=\"Y2IQFc\" lang=\"fr\">-Bienvenue dans le royaume enchanteur du Roi des Ours (brun), o\u00f9 la for\u00eat s&#8217;anime de magie et d&#8217;\u00e9merveillement! Cette captivante murale transporte vos tout-petits dans un royaume o\u00f9 les ours r\u00e8gnent en ma\u00eetre. Laissez libre cours \u00e0 leur imagination alors qu&#8217;ils voyagent au c\u0153ur du royaume du Roi des Ours, o\u00f9 chaque jour est une v\u00e9ritable aventure! <\/span><\/p>\n<p class=\"tw-data-text tw-text-large tw-ta\" dir=\"ltr\" data-placeholder=\"Translation\" aria-label=\"Translated text\" data-ved=\"2ahUKEwjkpbuNiYGGAxXWEFkFHWXjD5YQ3ewLegQIBRAU\"><strong><span class=\"Y2IQFc\" lang=\"fr\">-Cette murale est livr\u00e9e en un seul morceau (pas de joints!). Les instructions d&#8217;installation seront jointes \u00e0 la murale.<\/span><\/strong><\/p>\n<p dir=\"ltr\" data-placeholder=\"Translation\" aria-label=\"Translated text\" data-ved=\"2ahUKEwjkpbuNiYGGAxXWEFkFHWXjD5YQ3ewLegQIBRAU\">-Murale en papier\u00a0peint pr\u00e9encoll\u00e9e, lavable, s\u2019enl\u00e8ve \u00e0 sec et r\u00e9utilisable. Facile \u00e0 installer, se pose comme du papier\u00a0peint (tapisserie).<\/p>\n<p dir=\"ltr\" data-placeholder=\"Translation\" aria-label=\"Translated text\" data-ved=\"2ahUKEwjkpbuNiYGGAxXWEFkFHWXjD5YQ3ewLegQIBRAU\">-murale roi des ours (brun), tapisserie roi des ours (brun), tapisserie murale roi des ours (brun), papier peint roi des ours (brun), murale pour enfants, tapisserie pour enfants<\/p>\n<p dir=\"ltr\" data-placeholder=\"Translation\" aria-label=\"Translated text\" data-ved=\"2ahUKEwjkpbuNiYGGAxXWEFkFHWXjD5YQ3ewLegQIBRAU\">\n","protected":false},"excerpt":{"rendered":"<p>-Bienvenue dans le royaume enchanteur du Roi des Ours (brun), o\u00f9 la for\u00eat s&#8217;anime de magie et d&#8217;\u00e9merveillement! Cette captivante murale transporte vos tout-petits dans un royaume o\u00f9 les ours r\u00e8gnent en ma\u00eetre. Laissez libre cours \u00e0 leur imagination alors qu&#8217;ils voyagent au c\u0153ur du royaume du Roi des Ours, o\u00f9 chaque jour est une [&hellip;]<\/p>\n","protected":false},"featured_media":89478,"template":"","meta":{"_acf_changed":false},"product_brand":[],"product_cat":[134,173,303,401],"product_tag":[8768,8769,9478,8894,8895,9019,9125,10368,8809,10369],"class_list":{"0":"post-89391","1":"product","2":"type-product","3":"status-publish","4":"has-post-thumbnail","6":"artist-kikki-belle-fr","7":"product_cat-animaux","8":"product_cat-enfants","9":"product_cat-nouveautes","10":"product_cat-tous-nos-produits","11":"product_tag-animal","12":"product_tag-animaux","13":"product_tag-arbres","14":"product_tag-enfant","15":"product_tag-enfants","16":"product_tag-foret","17":"product_tag-gamins","18":"product_tag-ours-fr-2","19":"product_tag-ours-fr","20":"product_tag-roi","22":"first","23":"instock","24":"taxable","25":"shipping-taxable","26":"purchasable","27":"product-type-variable","28":"has-default-attributes"},"acf":[],"_links":{"self":[{"href":"https:\/\/www.muralunique.com\/fr\/wp-json\/wp\/v2\/product\/89391","targetHints":{"allow":["GET"]}}],"collection":[{"href":"https:\/\/www.muralunique.com\/fr\/wp-json\/wp\/v2\/product"}],"about":[{"href":"https:\/\/www.muralunique.com\/fr\/wp-json\/wp\/v2\/types\/product"}],"wp:featuredmedia":[{"embeddable":true,"href":"https:\/\/www.muralunique.com\/fr\/wp-json\/wp\/v2\/media\/89478"}],"wp:attachment":[{"href":"https:\/\/www.muralunique.com\/fr\/wp-json\/wp\/v2\/media?parent=89391"}],"wp:term":[{"taxonomy":"product_brand","embeddable":true,"href":"https:\/\/www.muralunique.com\/fr\/wp-json\/wp\/v2\/product_brand?post=89391"},{"taxonomy":"product_cat","embeddable":true,"href":"https:\/\/www.muralunique.com\/fr\/wp-json\/wp\/v2\/product_cat?post=89391"},{"taxonomy":"product_tag","embeddable":true,"href":"https:\/\/www.muralunique.com\/fr\/wp-json\/wp\/v2\/product_tag?post=89391"}],"curies":[{"name":"wp","href":"https:\/\/api.w.org\/{rel}","templated":true}]}}