{"id":89397,"date":"2024-05-09T15:35:15","date_gmt":"2024-05-09T19:35:15","guid":{"rendered":"https:\/\/www.muralunique.com\/?post_type=product&#038;p=89397"},"modified":"2024-05-09T16:02:04","modified_gmt":"2024-05-09T20:02:04","slug":"jardin-des-fees-collection-kikki-belle","status":"publish","type":"product","link":"https:\/\/www.muralunique.com\/fr\/produit\/jardin-des-fees-collection-kikki-belle\/","title":{"rendered":"Jardin des F\u00e9es &#8211; Collection Kikki Belle"},"content":{"rendered":"<p id=\"tw-target-text\" class=\"tw-data-text tw-text-large tw-ta\" dir=\"ltr\" data-placeholder=\"Translation\" aria-label=\"Translated text\" data-ved=\"2ahUKEwjkpbuNiYGGAxXWEFkFHWXjD5YQ3ewLegQIBRAU\">-Transportez votre enfant dans un royaume f\u00e9erique avec notre murale de jardin des f\u00e9es. Une v\u00e9g\u00e9tation luxuriante, des fleurs vibrantes et une f\u00e9e magique cr\u00e9ent un d\u00e9cor enchanteur, inspirant des aventures sans fin et stimulant l&#8217;imagination.<\/p>\n<p class=\"tw-data-text tw-text-large tw-ta\" dir=\"ltr\" data-placeholder=\"Translation\" aria-label=\"Translated text\" data-ved=\"2ahUKEwjkpbuNiYGGAxXWEFkFHWXjD5YQ3ewLegQIBRAU\"><strong><span class=\"Y2IQFc\" lang=\"fr\">-Cette murale est livr\u00e9e en un seul morceau (pas de joints!). Les instructions d&#8217;installation seront jointes \u00e0 la murale.<\/span><\/strong><\/p>\n<p dir=\"ltr\" data-placeholder=\"Translation\" aria-label=\"Translated text\" data-ved=\"2ahUKEwjkpbuNiYGGAxXWEFkFHWXjD5YQ3ewLegQIBRAU\">-Murale en papier\u00a0peint pr\u00e9encoll\u00e9e, lavable, s\u2019enl\u00e8ve \u00e0 sec et r\u00e9utilisable. Facile \u00e0 installer, se pose comme du papier\u00a0peint (tapisserie).<\/p>\n<p dir=\"ltr\" data-placeholder=\"Translation\" aria-label=\"Translated text\" data-ved=\"2ahUKEwjkpbuNiYGGAxXWEFkFHWXjD5YQ3ewLegQIBRAU\">-murale jardin des f\u00e9es, tapisserie murale jardin des f\u00e9es, murale en papier peint jardin des f\u00e9es, papier peint jardin des f\u00e9es, murale pour enfants, tapisserie murale pour enfants<\/p>\n<p dir=\"ltr\" data-placeholder=\"Translation\" aria-label=\"Translated text\" data-ved=\"2ahUKEwjkpbuNiYGGAxXWEFkFHWXjD5YQ3ewLegQIBRAU\">\n","protected":false},"excerpt":{"rendered":"<p>-Transportez votre enfant dans un royaume f\u00e9erique avec notre murale de jardin des f\u00e9es. Une v\u00e9g\u00e9tation luxuriante, des fleurs vibrantes et une f\u00e9e magique cr\u00e9ent un d\u00e9cor enchanteur, inspirant des aventures sans fin et stimulant l&#8217;imagination. -Cette murale est livr\u00e9e en un seul morceau (pas de joints!). Les instructions d&#8217;installation seront jointes \u00e0 la murale. [&hellip;]<\/p>\n","protected":false},"featured_media":89480,"template":"","meta":{"_acf_changed":false},"product_brand":[],"product_cat":[173,303,401],"product_tag":[8978,8894,8895,8977,9014,9010,9125,9044,9354],"class_list":{"0":"post-89397","1":"product","2":"type-product","3":"status-publish","4":"has-post-thumbnail","6":"artist-kikki-belle-fr","7":"product_cat-enfants","8":"product_cat-nouveautes","9":"product_cat-tous-nos-produits","10":"product_tag-conte-de-fee","11":"product_tag-enfant","12":"product_tag-enfants","13":"product_tag-fee","14":"product_tag-feuillage","15":"product_tag-fleurs","16":"product_tag-gamins","17":"product_tag-jardin","18":"product_tag-jardin-secret","20":"first","21":"instock","22":"taxable","23":"shipping-taxable","24":"purchasable","25":"product-type-variable","26":"has-default-attributes"},"acf":[],"_links":{"self":[{"href":"https:\/\/www.muralunique.com\/fr\/wp-json\/wp\/v2\/product\/89397","targetHints":{"allow":["GET"]}}],"collection":[{"href":"https:\/\/www.muralunique.com\/fr\/wp-json\/wp\/v2\/product"}],"about":[{"href":"https:\/\/www.muralunique.com\/fr\/wp-json\/wp\/v2\/types\/product"}],"wp:featuredmedia":[{"embeddable":true,"href":"https:\/\/www.muralunique.com\/fr\/wp-json\/wp\/v2\/media\/89480"}],"wp:attachment":[{"href":"https:\/\/www.muralunique.com\/fr\/wp-json\/wp\/v2\/media?parent=89397"}],"wp:term":[{"taxonomy":"product_brand","embeddable":true,"href":"https:\/\/www.muralunique.com\/fr\/wp-json\/wp\/v2\/product_brand?post=89397"},{"taxonomy":"product_cat","embeddable":true,"href":"https:\/\/www.muralunique.com\/fr\/wp-json\/wp\/v2\/product_cat?post=89397"},{"taxonomy":"product_tag","embeddable":true,"href":"https:\/\/www.muralunique.com\/fr\/wp-json\/wp\/v2\/product_tag?post=89397"}],"curies":[{"name":"wp","href":"https:\/\/api.w.org\/{rel}","templated":true}]}}