{"id":89423,"date":"2024-05-10T13:09:25","date_gmt":"2024-05-10T17:09:25","guid":{"rendered":"https:\/\/www.muralunique.com\/?post_type=product&#038;p=89423"},"modified":"2024-05-10T13:29:12","modified_gmt":"2024-05-10T17:29:12","slug":"douceur-blanche-noir-et-blanc","status":"publish","type":"product","link":"https:\/\/www.muralunique.com\/fr\/produit\/douceur-blanche-noir-et-blanc\/","title":{"rendered":"Douceur Blanche (Noir et Blanc)"},"content":{"rendered":"<p>-Transformez votre espace en un oasis avec notre splendide et d\u00e9licate murale douceur blanche (en noir et blanc). Des p\u00e9tales d\u00e9licats s&#8217;ouvrent dans des arcs gracieux, cr\u00e9ant une atmosph\u00e8re \u00e9th\u00e9r\u00e9e qui invite \u00e0 la tranquillit\u00e9 et \u00e0 la paix. Laissez cette murale envo\u00fbtante envelopper vos murs, apportant le charme intemporel de la nature \u00e0 l&#8217;int\u00e9rieur de votre maison.<\/p>\n<p>-La murale comprend des laizes de 18\u2033 (45cm) de largeur. Par exemple, une murale de 6\u2032 (1,83m) de largeur a 4 laizes et une murale de 12\u2032 (3,66m) de largeur a 8 laizes.<\/p>\n<p>-Murale en papier\u00a0peint pr\u00e9encoll\u00e9e, lavable, s\u2019enl\u00e8ve \u00e0 sec et r\u00e9utilisable. Facile \u00e0 installer, se pose comme du papier\u00a0peint (tapisserie).<\/p>\n<p>-murale grosse fleur blanche en noir et blanc, murale en papier peint grosse fleur blanche en noir et blanc, murale florale, papier peint floral, tapisserie florale<\/p>\n","protected":false},"excerpt":{"rendered":"<p>-Transformez votre espace en un oasis avec notre splendide et d\u00e9licate murale douceur blanche (en noir et blanc). Des p\u00e9tales d\u00e9licats s&#8217;ouvrent dans des arcs gracieux, cr\u00e9ant une atmosph\u00e8re \u00e9th\u00e9r\u00e9e qui invite \u00e0 la tranquillit\u00e9 et \u00e0 la paix. Laissez cette murale envo\u00fbtante envelopper vos murs, apportant le charme intemporel de la nature \u00e0 l&#8217;int\u00e9rieur [&hellip;]<\/p>\n","protected":false},"featured_media":89434,"template":"","meta":{"_acf_changed":false},"product_brand":[],"product_cat":[150,305,401],"product_tag":[9009,9010,9006,9447,9448,9449],"class_list":{"0":"post-89423","1":"product","2":"type-product","3":"status-publish","4":"has-post-thumbnail","6":"product_cat-fleurs-et-feuillages","7":"product_cat-produits-vedettes","8":"product_cat-tous-nos-produits","9":"product_tag-fleur","10":"product_tag-fleurs","11":"product_tag-floral-fr","12":"product_tag-texture-fr","13":"product_tag-texture-fr-2","14":"product_tag-textures","16":"first","17":"instock","18":"taxable","19":"shipping-taxable","20":"purchasable","21":"product-type-variable","22":"has-default-attributes"},"acf":[],"_links":{"self":[{"href":"https:\/\/www.muralunique.com\/fr\/wp-json\/wp\/v2\/product\/89423","targetHints":{"allow":["GET"]}}],"collection":[{"href":"https:\/\/www.muralunique.com\/fr\/wp-json\/wp\/v2\/product"}],"about":[{"href":"https:\/\/www.muralunique.com\/fr\/wp-json\/wp\/v2\/types\/product"}],"wp:featuredmedia":[{"embeddable":true,"href":"https:\/\/www.muralunique.com\/fr\/wp-json\/wp\/v2\/media\/89434"}],"wp:attachment":[{"href":"https:\/\/www.muralunique.com\/fr\/wp-json\/wp\/v2\/media?parent=89423"}],"wp:term":[{"taxonomy":"product_brand","embeddable":true,"href":"https:\/\/www.muralunique.com\/fr\/wp-json\/wp\/v2\/product_brand?post=89423"},{"taxonomy":"product_cat","embeddable":true,"href":"https:\/\/www.muralunique.com\/fr\/wp-json\/wp\/v2\/product_cat?post=89423"},{"taxonomy":"product_tag","embeddable":true,"href":"https:\/\/www.muralunique.com\/fr\/wp-json\/wp\/v2\/product_tag?post=89423"}],"curies":[{"name":"wp","href":"https:\/\/api.w.org\/{rel}","templated":true}]}}