{"id":89542,"date":"2024-05-15T13:16:00","date_gmt":"2024-05-15T17:16:00","guid":{"rendered":"https:\/\/www.muralunique.com\/?post_type=product&#038;p=89542"},"modified":"2024-05-15T13:57:13","modified_gmt":"2024-05-15T17:57:13","slug":"foret-amusante-collection-kikki-belle","status":"publish","type":"product","link":"https:\/\/www.muralunique.com\/fr\/produit\/foret-amusante-collection-kikki-belle\/","title":{"rendered":"For\u00eat Amusante &#8211; Collection Kikki Belle"},"content":{"rendered":"<p class=\"tw-data-text tw-text-large tw-ta\" dir=\"ltr\" data-placeholder=\"Translation\" aria-label=\"Translated text\" data-ved=\"2ahUKEwjkpbuNiYGGAxXWEFkFHWXjD5YQ3ewLegQIBRAU\">&#8211;<span class=\"Y2IQFc\" lang=\"fr\">Bienvenue dans un monde de fantaisie avec notre murale For\u00eat Amusante, con\u00e7ue pour captiver l&#8217;imagination des enfants. Des branches orn\u00e9es de fleurs et de feuilles d\u00e9licates tombent en cascade, cr\u00e9ant une atmosph\u00e8re sereine et enchanteresse. Au milieu de ce paradis floral, quelques charmants animaux de la for\u00eat surgissent curieusement, ajoutant une touche de plaisir ludique. Parfait pour stimuler la cr\u00e9ativit\u00e9 et apporter la beaut\u00e9 de la nature dans votre int\u00e9rieur.<\/span><\/p>\n<p class=\"tw-data-text tw-text-large tw-ta\" dir=\"ltr\" data-placeholder=\"Translation\" aria-label=\"Translated text\" data-ved=\"2ahUKEwjkpbuNiYGGAxXWEFkFHWXjD5YQ3ewLegQIBRAU\"><strong><span class=\"Y2IQFc\" lang=\"fr\">-Cette murale est livr\u00e9e en un seul morceau (pas de joints!). Les instructions d&#8217;installation seront jointes \u00e0 la murale.<\/span><\/strong><\/p>\n<p dir=\"ltr\" data-placeholder=\"Translation\" aria-label=\"Translated text\" data-ved=\"2ahUKEwjkpbuNiYGGAxXWEFkFHWXjD5YQ3ewLegQIBRAU\">-Murale en papier\u00a0peint pr\u00e9encoll\u00e9e, lavable, s\u2019enl\u00e8ve \u00e0 sec et r\u00e9utilisable. Facile \u00e0 installer, se pose comme du papier\u00a0peint (tapisserie).<\/p>\n<p dir=\"ltr\" data-placeholder=\"Translation\" aria-label=\"Translated text\" data-ved=\"2ahUKEwjkpbuNiYGGAxXWEFkFHWXjD5YQ3ewLegQIBRAU\">-murale for\u00eat amusante, tapisserie murale for\u00eat amusante, murale en papier peint for\u00eat amusante, papier peint for\u00eat amusante, murale pour enfants, tapisserie murale pour enfants<\/p>\n<p dir=\"ltr\" data-placeholder=\"Translation\" aria-label=\"Translated text\" data-ved=\"2ahUKEwjkpbuNiYGGAxXWEFkFHWXjD5YQ3ewLegQIBRAU\">\n","protected":false},"excerpt":{"rendered":"<p>&#8211;Bienvenue dans un monde de fantaisie avec notre murale For\u00eat Amusante, con\u00e7ue pour captiver l&#8217;imagination des enfants. Des branches orn\u00e9es de fleurs et de feuilles d\u00e9licates tombent en cascade, cr\u00e9ant une atmosph\u00e8re sereine et enchanteresse. Au milieu de ce paradis floral, quelques charmants animaux de la for\u00eat surgissent curieusement, ajoutant une touche de plaisir ludique. [&hellip;]<\/p>\n","protected":false},"featured_media":89551,"template":"","meta":{"_acf_changed":false},"product_brand":[],"product_cat":[134,173,303,401],"product_tag":[8768,8769,8841,8842,8894,8895,9125,9746,10402,9308,10398,10399],"class_list":{"0":"post-89542","1":"product","2":"type-product","3":"status-publish","4":"has-post-thumbnail","6":"artist-kikki-belle-fr","7":"product_cat-animaux","8":"product_cat-enfants","9":"product_cat-nouveautes","10":"product_cat-tous-nos-produits","11":"product_tag-animal","12":"product_tag-animaux","13":"product_tag-branche","14":"product_tag-branches-fr","15":"product_tag-enfant","16":"product_tag-enfants","17":"product_tag-gamins","18":"product_tag-hibou","19":"product_tag-lapin-fr","20":"product_tag-lapins-fr","21":"product_tag-renard","22":"product_tag-renards","24":"first","25":"instock","26":"taxable","27":"shipping-taxable","28":"purchasable","29":"product-type-variable","30":"has-default-attributes"},"acf":[],"_links":{"self":[{"href":"https:\/\/www.muralunique.com\/fr\/wp-json\/wp\/v2\/product\/89542","targetHints":{"allow":["GET"]}}],"collection":[{"href":"https:\/\/www.muralunique.com\/fr\/wp-json\/wp\/v2\/product"}],"about":[{"href":"https:\/\/www.muralunique.com\/fr\/wp-json\/wp\/v2\/types\/product"}],"wp:featuredmedia":[{"embeddable":true,"href":"https:\/\/www.muralunique.com\/fr\/wp-json\/wp\/v2\/media\/89551"}],"wp:attachment":[{"href":"https:\/\/www.muralunique.com\/fr\/wp-json\/wp\/v2\/media?parent=89542"}],"wp:term":[{"taxonomy":"product_brand","embeddable":true,"href":"https:\/\/www.muralunique.com\/fr\/wp-json\/wp\/v2\/product_brand?post=89542"},{"taxonomy":"product_cat","embeddable":true,"href":"https:\/\/www.muralunique.com\/fr\/wp-json\/wp\/v2\/product_cat?post=89542"},{"taxonomy":"product_tag","embeddable":true,"href":"https:\/\/www.muralunique.com\/fr\/wp-json\/wp\/v2\/product_tag?post=89542"}],"curies":[{"name":"wp","href":"https:\/\/api.w.org\/{rel}","templated":true}]}}