{"id":89563,"date":"2024-05-15T15:07:40","date_gmt":"2024-05-15T19:07:40","guid":{"rendered":"https:\/\/www.muralunique.com\/?post_type=product&#038;p=89563"},"modified":"2024-05-15T15:26:50","modified_gmt":"2024-05-15T19:26:50","slug":"foret-de-licornes-rose-collection-kikki-belle","status":"publish","type":"product","link":"https:\/\/www.muralunique.com\/fr\/produit\/foret-de-licornes-rose-collection-kikki-belle\/","title":{"rendered":"For\u00eat de Licornes &#8211; Rose &#8211; Collection Kikki Belle"},"content":{"rendered":"<p class=\"tw-data-text tw-text-large tw-ta\" dir=\"ltr\" data-placeholder=\"Translation\" aria-label=\"Translated text\" data-ved=\"2ahUKEwjkpbuNiYGGAxXWEFkFHWXjD5YQ3ewLegQIBRAU\">-Entrez dans un monde de conte de f\u00e9es avec notre murale en papier peint For\u00eat des Licornes (rose), con\u00e7ue pour enchanter les enfants et \u00e9merveiller. Des nuances d\u00e9licates de rose peignent un d\u00e9cor onirique o\u00f9 de gracieuses licornes se prom\u00e8nent au milieu d&#8217;arbres en fleurs. \u00c0 chaque regard, d\u00e9couvrez de nouveaux d\u00e9tails fantaisistes, des papillons voletant aux petits oiseaux. Transformez n&#8217;importe quel espace en un sanctuaire magique o\u00f9 l&#8217;imagination ne conna\u00eet aucune limite.<\/p>\n<p class=\"tw-data-text tw-text-large tw-ta\" dir=\"ltr\" data-placeholder=\"Translation\" aria-label=\"Translated text\" data-ved=\"2ahUKEwjkpbuNiYGGAxXWEFkFHWXjD5YQ3ewLegQIBRAU\"><strong><span class=\"Y2IQFc\" lang=\"fr\">-Cette murale est livr\u00e9e en un seul morceau (pas de joints!). Les instructions d&#8217;installation seront jointes \u00e0 la murale.<\/span><\/strong><\/p>\n<p dir=\"ltr\" data-placeholder=\"Translation\" aria-label=\"Translated text\" data-ved=\"2ahUKEwjkpbuNiYGGAxXWEFkFHWXjD5YQ3ewLegQIBRAU\">-Murale en papier\u00a0peint pr\u00e9encoll\u00e9e, lavable, s\u2019enl\u00e8ve \u00e0 sec et r\u00e9utilisable. Facile \u00e0 installer, se pose comme du papier\u00a0peint (tapisserie).<\/p>\n<p dir=\"ltr\" data-placeholder=\"Translation\" aria-label=\"Translated text\" data-ved=\"2ahUKEwjkpbuNiYGGAxXWEFkFHWXjD5YQ3ewLegQIBRAU\">-murale for\u00eat de licornes (rose), tapisserie murale for\u00eat de licornes (rose), murale en papier peint for\u00eat de licornes (rose), murale pour enfants, tapisserie murale pour enfants<\/p>\n<p dir=\"ltr\" data-placeholder=\"Translation\" aria-label=\"Translated text\" data-ved=\"2ahUKEwjkpbuNiYGGAxXWEFkFHWXjD5YQ3ewLegQIBRAU\">\n","protected":false},"excerpt":{"rendered":"<p>-Entrez dans un monde de conte de f\u00e9es avec notre murale en papier peint For\u00eat des Licornes (rose), con\u00e7ue pour enchanter les enfants et \u00e9merveiller. Des nuances d\u00e9licates de rose peignent un d\u00e9cor onirique o\u00f9 de gracieuses licornes se prom\u00e8nent au milieu d&#8217;arbres en fleurs. \u00c0 chaque regard, d\u00e9couvrez de nouveaux d\u00e9tails fantaisistes, des papillons [&hellip;]<\/p>\n","protected":false},"featured_media":89567,"template":"","meta":{"_acf_changed":false},"product_brand":[],"product_cat":[134,173,303,401],"product_tag":[8768,8769,9094,9095,8894,8895,9019,9125,9496,9497],"class_list":{"0":"post-89563","1":"product","2":"type-product","3":"status-publish","4":"has-post-thumbnail","6":"artist-kikki-belle-fr","7":"product_cat-animaux","8":"product_cat-enfants","9":"product_cat-nouveautes","10":"product_cat-tous-nos-produits","11":"product_tag-animal","12":"product_tag-animaux","13":"product_tag-cheval","14":"product_tag-chevaux","15":"product_tag-enfant","16":"product_tag-enfants","17":"product_tag-foret","18":"product_tag-gamins","19":"product_tag-licorne","20":"product_tag-licornes","22":"first","23":"instock","24":"taxable","25":"shipping-taxable","26":"purchasable","27":"product-type-variable","28":"has-default-attributes"},"acf":[],"_links":{"self":[{"href":"https:\/\/www.muralunique.com\/fr\/wp-json\/wp\/v2\/product\/89563","targetHints":{"allow":["GET"]}}],"collection":[{"href":"https:\/\/www.muralunique.com\/fr\/wp-json\/wp\/v2\/product"}],"about":[{"href":"https:\/\/www.muralunique.com\/fr\/wp-json\/wp\/v2\/types\/product"}],"wp:featuredmedia":[{"embeddable":true,"href":"https:\/\/www.muralunique.com\/fr\/wp-json\/wp\/v2\/media\/89567"}],"wp:attachment":[{"href":"https:\/\/www.muralunique.com\/fr\/wp-json\/wp\/v2\/media?parent=89563"}],"wp:term":[{"taxonomy":"product_brand","embeddable":true,"href":"https:\/\/www.muralunique.com\/fr\/wp-json\/wp\/v2\/product_brand?post=89563"},{"taxonomy":"product_cat","embeddable":true,"href":"https:\/\/www.muralunique.com\/fr\/wp-json\/wp\/v2\/product_cat?post=89563"},{"taxonomy":"product_tag","embeddable":true,"href":"https:\/\/www.muralunique.com\/fr\/wp-json\/wp\/v2\/product_tag?post=89563"}],"curies":[{"name":"wp","href":"https:\/\/api.w.org\/{rel}","templated":true}]}}