{"id":89609,"date":"2024-05-16T15:34:42","date_gmt":"2024-05-16T19:34:42","guid":{"rendered":"https:\/\/www.muralunique.com\/?post_type=product&#038;p=89609"},"modified":"2024-05-16T16:38:33","modified_gmt":"2024-05-16T20:38:33","slug":"les-merveilles-de-lhiver-collection-kikki-belle","status":"publish","type":"product","link":"https:\/\/www.muralunique.com\/fr\/produit\/les-merveilles-de-lhiver-collection-kikki-belle\/","title":{"rendered":"Les Merveilles de l&#8217;Hiver &#8211; Collection Kikki Belle"},"content":{"rendered":"<p class=\"tw-data-text tw-text-large tw-ta\" dir=\"ltr\" data-placeholder=\"Translation\" aria-label=\"Translated text\" data-ved=\"2ahUKEwjkpbuNiYGGAxXWEFkFHWXjD5YQ3ewLegQIBRAU\">-D\u00e9couvrez notre murale Les Merveilles de l&#8217;Hiver<span class=\"Y2IQFc\" lang=\"fr\">, o\u00f9 la magie de la saison hivernale prend vie dans la chambre de votre enfant ! Au milieu d&#8217;une couverture de neige scintillante, d&#8217;imposants pins orn\u00e9s de gla\u00e7ons scintillants se dressent sur le ciel glacial. Laissez l&#8217;enchantement de ce paradis enneig\u00e9 stimuler l&#8217;imagination de votre enfant, l&#8217;invitant \u00e0 explorer et \u00e0 cr\u00e9er ses propres aventures hivernales dans le confort de la maison.<\/span><\/p>\n<p class=\"tw-data-text tw-text-large tw-ta\" dir=\"ltr\" data-placeholder=\"Translation\" aria-label=\"Translated text\" data-ved=\"2ahUKEwjkpbuNiYGGAxXWEFkFHWXjD5YQ3ewLegQIBRAU\"><strong><span class=\"Y2IQFc\" lang=\"fr\">-Cette murale est livr\u00e9e en un seul morceau (pas de joints!). Les instructions d&#8217;installation seront jointes \u00e0 la murale.<\/span><\/strong><\/p>\n<p dir=\"ltr\" data-placeholder=\"Translation\" aria-label=\"Translated text\" data-ved=\"2ahUKEwjkpbuNiYGGAxXWEFkFHWXjD5YQ3ewLegQIBRAU\">-Murale en papier\u00a0peint pr\u00e9encoll\u00e9e, lavable, s\u2019enl\u00e8ve \u00e0 sec et r\u00e9utilisable. Facile \u00e0 installer, se pose comme du papier\u00a0peint (tapisserie).<\/p>\n<p dir=\"ltr\" data-placeholder=\"Translation\" aria-label=\"Translated text\" data-ved=\"2ahUKEwjkpbuNiYGGAxXWEFkFHWXjD5YQ3ewLegQIBRAU\">-murale les merveilles de l&#8217;hiver, tapisserie murale les merveilles de l&#8217;hiver, murale en papier peint les merveilles de l&#8217;hiver, murale pour enfants, papier peint pour enfants, tapisserie pour enfants<\/p>\n<p dir=\"ltr\" data-placeholder=\"Translation\" aria-label=\"Translated text\" data-ved=\"2ahUKEwjkpbuNiYGGAxXWEFkFHWXjD5YQ3ewLegQIBRAU\">\n","protected":false},"excerpt":{"rendered":"<p>-D\u00e9couvrez notre murale Les Merveilles de l&#8217;Hiver, o\u00f9 la magie de la saison hivernale prend vie dans la chambre de votre enfant ! Au milieu d&#8217;une couverture de neige scintillante, d&#8217;imposants pins orn\u00e9s de gla\u00e7ons scintillants se dressent sur le ciel glacial. Laissez l&#8217;enchantement de ce paradis enneig\u00e9 stimuler l&#8217;imagination de votre enfant, l&#8217;invitant \u00e0 [&hellip;]<\/p>\n","protected":false},"featured_media":89615,"template":"","meta":{"_acf_changed":false},"product_brand":[],"product_cat":[134,173,303,401],"product_tag":[8768,8769,10379,8940,9604,8894,8895,9125,9534,9388],"class_list":{"0":"post-89609","1":"product","2":"type-product","3":"status-publish","4":"has-post-thumbnail","6":"artist-kikki-belle-fr","7":"product_cat-animaux","8":"product_cat-enfants","9":"product_cat-nouveautes","10":"product_cat-tous-nos-produits","11":"product_tag-animal","12":"product_tag-animaux","13":"product_tag-cerfs","14":"product_tag-chevreuil","15":"product_tag-conifere","16":"product_tag-enfant","17":"product_tag-enfants","18":"product_tag-gamins","19":"product_tag-hiver","20":"product_tag-neige","22":"first","23":"instock","24":"taxable","25":"shipping-taxable","26":"purchasable","27":"product-type-variable","28":"has-default-attributes"},"acf":[],"_links":{"self":[{"href":"https:\/\/www.muralunique.com\/fr\/wp-json\/wp\/v2\/product\/89609","targetHints":{"allow":["GET"]}}],"collection":[{"href":"https:\/\/www.muralunique.com\/fr\/wp-json\/wp\/v2\/product"}],"about":[{"href":"https:\/\/www.muralunique.com\/fr\/wp-json\/wp\/v2\/types\/product"}],"wp:featuredmedia":[{"embeddable":true,"href":"https:\/\/www.muralunique.com\/fr\/wp-json\/wp\/v2\/media\/89615"}],"wp:attachment":[{"href":"https:\/\/www.muralunique.com\/fr\/wp-json\/wp\/v2\/media?parent=89609"}],"wp:term":[{"taxonomy":"product_brand","embeddable":true,"href":"https:\/\/www.muralunique.com\/fr\/wp-json\/wp\/v2\/product_brand?post=89609"},{"taxonomy":"product_cat","embeddable":true,"href":"https:\/\/www.muralunique.com\/fr\/wp-json\/wp\/v2\/product_cat?post=89609"},{"taxonomy":"product_tag","embeddable":true,"href":"https:\/\/www.muralunique.com\/fr\/wp-json\/wp\/v2\/product_tag?post=89609"}],"curies":[{"name":"wp","href":"https:\/\/api.w.org\/{rel}","templated":true}]}}