{"id":8961,"date":"2016-12-22T16:34:24","date_gmt":"2016-12-22T16:34:24","guid":{"rendered":"https:\/\/muralunique.com\/?post_type=product&#038;p=8961"},"modified":"2022-04-16T19:43:49","modified_gmt":"2022-04-16T23:43:49","slug":"pont-golden-gate-de-san-francisco","status":"publish","type":"product","link":"https:\/\/www.muralunique.com\/fr\/produit\/pont-golden-gate-de-san-francisco\/","title":{"rendered":"Pont Golden Gate de San Francisco"},"content":{"rendered":"<p>-Murale en papier peint du Pont Golden Gate \u00e0 San Francisco. Ce pont est l&#8217;un des symboles les plus reconnus internationalement de San Francisco, Californie et des \u00c9tats-Unis. Il a \u00e9t\u00e9 d\u00e9clar\u00e9 l&#8217;une des merveilles du monde moderne par La Soci\u00e9t\u00e9 Am\u00e9ricaine des Ing\u00e9nieurs Civils (<a href=\"https:\/\/fr.wikipedia.org\/wiki\/Pont_du_Golden_Gate\" rel=\"nofollow noopener\" target=\"_blank\">wikipedia.org<\/a>).<\/p>\n<p>-La murale comprend des laizes de 18&#8243; (45cm) de largeur. Par exemple, une murale de 6&#8242; (1,83m) de largeur a 4 laizes et une murale de 12&#8242; (3,66m) de largeur a 8 laizes.<\/p>\n<p>-Murale en papier\u00a0peint pr\u00e9encoll\u00e9e, lavable, s&#8217;enl\u00e8ve \u00e0 sec et r\u00e9utilisable. Facile \u00e0 installer, se pose comme du papier\u00a0peint (tapisserie).<\/p>\n<p>-murale Pont Golden Gate, papier peint Pont Golden Gate, tapisserie Pont Golden Gate, murale pont, papier peint pont<\/p>\n","protected":false},"excerpt":{"rendered":"<p>-Murale en papier peint du Pont Golden Gate \u00e0 San Francisco. Ce pont est l&#8217;un des symboles les plus reconnus internationalement de San Francisco, Californie et des \u00c9tats-Unis. Il a \u00e9t\u00e9 d\u00e9clar\u00e9 l&#8217;une des merveilles du monde moderne par La Soci\u00e9t\u00e9 Am\u00e9ricaine des Ing\u00e9nieurs Civils (wikipedia.org). -La murale comprend des laizes de 18&#8243; (45cm) de [&hellip;]<\/p>\n","protected":false},"featured_media":8962,"template":"","meta":{"_acf_changed":false},"product_brand":[203],"product_cat":[128,305,166,401],"product_tag":[8863,9499,9536,9537,8902,8849,9500,8741,8901],"class_list":{"0":"post-8961","1":"product","2":"type-product","3":"status-publish","4":"has-post-thumbnail","6":"product_brand-muralunique-com","7":"product_cat-merveilles-du-monde","8":"product_cat-produits-vedettes","9":"product_cat-scenes-urbaines-villes","10":"product_cat-tous-nos-produits","11":"product_tag-californie","12":"product_tag-etats-unis","13":"product_tag-merveilles","14":"product_tag-merveilles-du-monde","15":"product_tag-paysage-urbain","16":"product_tag-pont","17":"product_tag-urbain","18":"product_tag-usa-fr","19":"product_tag-ville","21":"first","22":"instock","23":"taxable","24":"shipping-taxable","25":"purchasable","26":"product-type-variable","27":"has-default-attributes"},"acf":[],"_links":{"self":[{"href":"https:\/\/www.muralunique.com\/fr\/wp-json\/wp\/v2\/product\/8961","targetHints":{"allow":["GET"]}}],"collection":[{"href":"https:\/\/www.muralunique.com\/fr\/wp-json\/wp\/v2\/product"}],"about":[{"href":"https:\/\/www.muralunique.com\/fr\/wp-json\/wp\/v2\/types\/product"}],"wp:featuredmedia":[{"embeddable":true,"href":"https:\/\/www.muralunique.com\/fr\/wp-json\/wp\/v2\/media\/8962"}],"wp:attachment":[{"href":"https:\/\/www.muralunique.com\/fr\/wp-json\/wp\/v2\/media?parent=8961"}],"wp:term":[{"taxonomy":"product_brand","embeddable":true,"href":"https:\/\/www.muralunique.com\/fr\/wp-json\/wp\/v2\/product_brand?post=8961"},{"taxonomy":"product_cat","embeddable":true,"href":"https:\/\/www.muralunique.com\/fr\/wp-json\/wp\/v2\/product_cat?post=8961"},{"taxonomy":"product_tag","embeddable":true,"href":"https:\/\/www.muralunique.com\/fr\/wp-json\/wp\/v2\/product_tag?post=8961"}],"curies":[{"name":"wp","href":"https:\/\/api.w.org\/{rel}","templated":true}]}}