{"id":9001,"date":"2016-12-29T10:57:03","date_gmt":"2016-12-29T10:57:03","guid":{"rendered":"https:\/\/muralunique.com\/?post_type=product&#038;p=9001"},"modified":"2025-09-30T16:17:28","modified_gmt":"2025-09-30T20:17:28","slug":"bouleaux-givres","status":"publish","type":"product","link":"https:\/\/www.muralunique.com\/fr\/produit\/bouleaux-givres\/","title":{"rendered":"Bouleaux Givr\u00e9s"},"content":{"rendered":"<p>-Magnifique murale\u00a0en papier peint d&#8217;une petite route dans une for\u00eat de bouleaux givr\u00e9s. Les murales de for\u00eat\u00a0donnent de la vie, de la profondeur et de la personnalit\u00e9 \u00e0 votre int\u00e9rieur.<\/p>\n<p>-La murale comprend des laizes de 18&#8243; (45cm) de largeur. Par exemple, une murale de 6&#8242; (1,83m) de largeur a 4 laizes et une murale de 12&#8242; (3,66m) de largeur a 8 laizes.<\/p>\n<p>-Murale en papier\u00a0peint pr\u00e9encoll\u00e9e, lavable, s&#8217;enl\u00e8ve \u00e0 sec et r\u00e9utilisable. Facile \u00e0 installer, se pose comme du papier\u00a0peint (tapisserie).<\/p>\n<p>-Photographie de Lars van de Goor. Vous pouvez obtenir plus d&#8217;informations \u00e0 <a href=\"http:\/\/www.larsvandegoor.com\" rel=\"nofollow noopener\" target=\"_blank\">www.larsvandegoor.com<\/a>.<\/p>\n<p>-murale bouleaux, murale en papier peint de bouleaux, papier peint bouleaux, tapisserie bouleaux, murale for\u00eat de bouleaux<\/p>\n<p>&nbsp;<\/p>\n","protected":false},"excerpt":{"rendered":"<p>-Magnifique murale\u00a0en papier peint d&#8217;une petite route dans une for\u00eat de bouleaux givr\u00e9s. Les murales de for\u00eat\u00a0donnent de la vie, de la profondeur et de la personnalit\u00e9 \u00e0 votre int\u00e9rieur. -La murale comprend des laizes de 18&#8243; (45cm) de largeur. Par exemple, une murale de 6&#8242; (1,83m) de largeur a 4 laizes et une murale [&hellip;]<\/p>\n","protected":false},"featured_media":31741,"template":"","meta":{"_acf_changed":false},"product_brand":[185],"product_cat":[141,401,163],"product_tag":[9478,8821,8864,9258,9019,9534,9219,9388,9261,9137,9331,9467,9612,9485],"class_list":{"0":"post-9001","1":"product","2":"type-product","3":"status-publish","4":"has-post-thumbnail","6":"artist-lars-van-de-goor-fr","7":"product_brand-lars-van-de-goor","8":"product_cat-nature-et-paysages","9":"product_cat-tous-nos-produits","10":"product_cat-trompe-loeil","11":"product_tag-arbres","12":"product_tag-bouleau","13":"product_tag-calme","14":"product_tag-chemin","15":"product_tag-foret","16":"product_tag-hiver","17":"product_tag-nature-fr","18":"product_tag-neige","19":"product_tag-paisible","20":"product_tag-paysage","21":"product_tag-route","22":"product_tag-tranquilite","23":"product_tag-trompe-loeil-fr","24":"product_tag-trompe-oeil-fr","26":"first","27":"instock","28":"taxable","29":"shipping-taxable","30":"purchasable","31":"product-type-variable","32":"has-default-attributes"},"acf":[],"_links":{"self":[{"href":"https:\/\/www.muralunique.com\/fr\/wp-json\/wp\/v2\/product\/9001","targetHints":{"allow":["GET"]}}],"collection":[{"href":"https:\/\/www.muralunique.com\/fr\/wp-json\/wp\/v2\/product"}],"about":[{"href":"https:\/\/www.muralunique.com\/fr\/wp-json\/wp\/v2\/types\/product"}],"wp:featuredmedia":[{"embeddable":true,"href":"https:\/\/www.muralunique.com\/fr\/wp-json\/wp\/v2\/media\/31741"}],"wp:attachment":[{"href":"https:\/\/www.muralunique.com\/fr\/wp-json\/wp\/v2\/media?parent=9001"}],"wp:term":[{"taxonomy":"product_brand","embeddable":true,"href":"https:\/\/www.muralunique.com\/fr\/wp-json\/wp\/v2\/product_brand?post=9001"},{"taxonomy":"product_cat","embeddable":true,"href":"https:\/\/www.muralunique.com\/fr\/wp-json\/wp\/v2\/product_cat?post=9001"},{"taxonomy":"product_tag","embeddable":true,"href":"https:\/\/www.muralunique.com\/fr\/wp-json\/wp\/v2\/product_tag?post=9001"}],"curies":[{"name":"wp","href":"https:\/\/api.w.org\/{rel}","templated":true}]}}