{"id":90038,"date":"2024-05-29T09:24:36","date_gmt":"2024-05-29T13:24:36","guid":{"rendered":"https:\/\/www.muralunique.com\/?post_type=product&#038;p=90038"},"modified":"2024-05-29T09:54:36","modified_gmt":"2024-05-29T13:54:36","slug":"joie-de-la-savanne-collection-oliver-robins","status":"publish","type":"product","link":"https:\/\/www.muralunique.com\/fr\/produit\/joie-de-la-savanne-collection-oliver-robins\/","title":{"rendered":"Joie de la Savanne &#8211; Collection Oliver Robins"},"content":{"rendered":"<p id=\"tw-target-text\" class=\"tw-data-text tw-text-large tw-ta\" dir=\"ltr\" data-placeholder=\"Translation\" aria-label=\"Translated text\" data-ved=\"2ahUKEwjkpbuNiYGGAxXWEFkFHWXjD5YQ3ewLegQIBRAU\">-Plongez dans un monde merveilleux avec notre murale de jungle tropicale pour la chambre de b\u00e9b\u00e9, mettant en vedette de charmants petits animaux sauvages! Votre petit explorateur sera ravi en rencontrant un lionceau c\u00e2lin, un poulain z\u00e8bre, un girafon, un \u00e9l\u00e9phanteau, un singe espi\u00e8gle se balan\u00e7ant de branche en branche et un tigreau joueur. Cette sc\u00e8ne captivante est s\u00fbre de stimuler l&#8217;imagination et de cr\u00e9er une ambiance sereine mais aventureuse pour que votre pr\u00e9cieux grandisse et s&#8217;\u00e9panouisse.<\/p>\n<p class=\"tw-data-text tw-text-large tw-ta\" dir=\"ltr\" data-placeholder=\"Translation\" aria-label=\"Translated text\" data-ved=\"2ahUKEwjkpbuNiYGGAxXWEFkFHWXjD5YQ3ewLegQIBRAU\"><strong><span class=\"Y2IQFc\" lang=\"fr\">-Cette murale est livr\u00e9e en un seul morceau (pas de joints!). Les instructions d&#8217;installation seront jointes \u00e0 la murale.<\/span><\/strong><\/p>\n<p dir=\"ltr\" data-placeholder=\"Translation\" aria-label=\"Translated text\" data-ved=\"2ahUKEwjkpbuNiYGGAxXWEFkFHWXjD5YQ3ewLegQIBRAU\">-Murale en papier\u00a0peint pr\u00e9encoll\u00e9e, lavable, s\u2019enl\u00e8ve \u00e0 sec et r\u00e9utilisable. Facile \u00e0 installer, se pose comme du papier\u00a0peint (tapisserie).<\/p>\n<p dir=\"ltr\" data-placeholder=\"Translation\" aria-label=\"Translated text\" data-ved=\"2ahUKEwjkpbuNiYGGAxXWEFkFHWXjD5YQ3ewLegQIBRAU\">-murale joie de la savanne, murale chambre de b\u00e9b\u00e9, tapisserie joie de la savanne, tapisserie chambre de b\u00e9b\u00e9, papier peint joie de la savanne, papier peint chambre de b\u00e9b\u00e9, tapisserie murale joie de la savanne<\/p>\n","protected":false},"excerpt":{"rendered":"<p>-Plongez dans un monde merveilleux avec notre murale de jungle tropicale pour la chambre de b\u00e9b\u00e9, mettant en vedette de charmants petits animaux sauvages! Votre petit explorateur sera ravi en rencontrant un lionceau c\u00e2lin, un poulain z\u00e8bre, un girafon, un \u00e9l\u00e9phanteau, un singe espi\u00e8gle se balan\u00e7ant de branche en branche et un tigreau joueur. Cette [&hellip;]<\/p>\n","protected":false},"featured_media":90044,"template":"","meta":{"_acf_changed":false},"product_brand":[],"product_cat":[134,173,303,401],"product_tag":[8768,8769,8791,8790,8966,8967,8894,8895,9019,9125,9050,9051,9122,10401,9155,9969,9191,9451,9452,9486,9550,9551],"class_list":{"0":"post-90038","1":"product","2":"type-product","3":"status-publish","4":"has-post-thumbnail","6":"artist-oliver-robins-fr","7":"product_cat-animaux","8":"product_cat-enfants","9":"product_cat-nouveautes","10":"product_cat-tous-nos-produits","11":"product_tag-animal","12":"product_tag-animaux","13":"product_tag-bebe","14":"product_tag-bebes","15":"product_tag-elephant-fr","16":"product_tag-elephants-fr","17":"product_tag-enfant","18":"product_tag-enfants","19":"product_tag-foret","20":"product_tag-gamins","21":"product_tag-girafe","22":"product_tag-girafes","23":"product_tag-jungle-fr","24":"product_tag-lion-fr","25":"product_tag-lions-fr","26":"product_tag-singe","27":"product_tag-singes","28":"product_tag-tigre","29":"product_tag-tigres","30":"product_tag-tropical-fr","31":"product_tag-zebre","32":"product_tag-zebres","34":"first","35":"instock","36":"taxable","37":"shipping-taxable","38":"purchasable","39":"product-type-variable","40":"has-default-attributes"},"acf":[],"_links":{"self":[{"href":"https:\/\/www.muralunique.com\/fr\/wp-json\/wp\/v2\/product\/90038","targetHints":{"allow":["GET"]}}],"collection":[{"href":"https:\/\/www.muralunique.com\/fr\/wp-json\/wp\/v2\/product"}],"about":[{"href":"https:\/\/www.muralunique.com\/fr\/wp-json\/wp\/v2\/types\/product"}],"wp:featuredmedia":[{"embeddable":true,"href":"https:\/\/www.muralunique.com\/fr\/wp-json\/wp\/v2\/media\/90044"}],"wp:attachment":[{"href":"https:\/\/www.muralunique.com\/fr\/wp-json\/wp\/v2\/media?parent=90038"}],"wp:term":[{"taxonomy":"product_brand","embeddable":true,"href":"https:\/\/www.muralunique.com\/fr\/wp-json\/wp\/v2\/product_brand?post=90038"},{"taxonomy":"product_cat","embeddable":true,"href":"https:\/\/www.muralunique.com\/fr\/wp-json\/wp\/v2\/product_cat?post=90038"},{"taxonomy":"product_tag","embeddable":true,"href":"https:\/\/www.muralunique.com\/fr\/wp-json\/wp\/v2\/product_tag?post=90038"}],"curies":[{"name":"wp","href":"https:\/\/api.w.org\/{rel}","templated":true}]}}