{"id":90084,"date":"2024-05-30T09:48:27","date_gmt":"2024-05-30T13:48:27","guid":{"rendered":"https:\/\/www.muralunique.com\/?post_type=product&#038;p=90084"},"modified":"2024-05-30T10:09:49","modified_gmt":"2024-05-30T14:09:49","slug":"renard-sur-la-lune-bleu-collection-oliver-robins","status":"publish","type":"product","link":"https:\/\/www.muralunique.com\/fr\/produit\/renard-sur-la-lune-bleu-collection-oliver-robins\/","title":{"rendered":"Renard sur la Lune &#8211; Bleu &#8211; Collection Oliver Robins"},"content":{"rendered":"<p class=\"tw-data-text tw-text-large tw-ta\" dir=\"ltr\" data-placeholder=\"Translation\" aria-label=\"Translated text\" data-ved=\"2ahUKEwjkpbuNiYGGAxXWEFkFHWXjD5YQ3ewLegQIBRAU\">-Transformez la chambre de votre enfant en un monde f\u00e9erique avec cette tapisserie enchanteresse! Sur un fond de nuances de bleu, un renard amical et une souris espi\u00e8gle se tiennent c\u00f4te \u00e0 c\u00f4te sur la lune. Cette sc\u00e8ne stimule l&#8217;imagination et invite \u00e0 s&#8217;imaginer des aventures sous le ciel \u00e9toil\u00e9 de la nuit.<\/p>\n<p class=\"tw-data-text tw-text-large tw-ta\" dir=\"ltr\" data-placeholder=\"Translation\" aria-label=\"Translated text\" data-ved=\"2ahUKEwjkpbuNiYGGAxXWEFkFHWXjD5YQ3ewLegQIBRAU\"><strong><span class=\"Y2IQFc\" lang=\"fr\">-Cette murale est livr\u00e9e en un seul morceau (pas de joints!). Les instructions d&#8217;installation seront jointes \u00e0 la murale.<\/span><\/strong><\/p>\n<p dir=\"ltr\" data-placeholder=\"Translation\" aria-label=\"Translated text\" data-ved=\"2ahUKEwjkpbuNiYGGAxXWEFkFHWXjD5YQ3ewLegQIBRAU\">-Murale en papier\u00a0peint pr\u00e9encoll\u00e9e, lavable, s\u2019enl\u00e8ve \u00e0 sec et r\u00e9utilisable. Facile \u00e0 installer, se pose comme du papier\u00a0peint (tapisserie).<\/p>\n<p dir=\"ltr\" data-placeholder=\"Translation\" aria-label=\"Translated text\" data-ved=\"2ahUKEwjkpbuNiYGGAxXWEFkFHWXjD5YQ3ewLegQIBRAU\">-murale renard sur la lune en bleu, tapisserie renard sur la lune en bleu, murale en papier peint renard sur la lune en bleu, papier peint renard sur la lune en bleu, papier peint pour enfants, tapisserie pour enfants<\/p>\n<p dir=\"ltr\" data-placeholder=\"Translation\" aria-label=\"Translated text\" data-ved=\"2ahUKEwjkpbuNiYGGAxXWEFkFHWXjD5YQ3ewLegQIBRAU\">\n","protected":false},"excerpt":{"rendered":"<p>-Transformez la chambre de votre enfant en un monde f\u00e9erique avec cette tapisserie enchanteresse! Sur un fond de nuances de bleu, un renard amical et une souris espi\u00e8gle se tiennent c\u00f4te \u00e0 c\u00f4te sur la lune. Cette sc\u00e8ne stimule l&#8217;imagination et invite \u00e0 s&#8217;imaginer des aventures sous le ciel \u00e9toil\u00e9 de la nuit. -Cette murale [&hellip;]<\/p>\n","protected":false},"featured_media":90090,"template":"","meta":{"_acf_changed":false},"product_brand":[],"product_cat":[134,173,303,401],"product_tag":[8791,8790,9380,8894,8895,9846,9408,9409,9125,9196,8906,8907,10398,10399,10424,10425],"class_list":{"0":"post-90084","1":"product","2":"type-product","3":"status-publish","4":"has-post-thumbnail","6":"artist-oliver-robins-fr","7":"product_cat-animaux","8":"product_cat-enfants","9":"product_cat-nouveautes","10":"product_cat-tous-nos-produits","11":"product_tag-bebe","12":"product_tag-bebes","13":"product_tag-ciel","14":"product_tag-enfant","15":"product_tag-enfants","16":"product_tag-etoile-fr","17":"product_tag-etoile","18":"product_tag-etoiles","19":"product_tag-gamins","20":"product_tag-lune","21":"product_tag-nuage","22":"product_tag-nuages","23":"product_tag-renard","24":"product_tag-renards","25":"product_tag-souris","26":"product_tag-souris-fr","28":"first","29":"instock","30":"taxable","31":"shipping-taxable","32":"purchasable","33":"product-type-variable","34":"has-default-attributes"},"acf":[],"_links":{"self":[{"href":"https:\/\/www.muralunique.com\/fr\/wp-json\/wp\/v2\/product\/90084","targetHints":{"allow":["GET"]}}],"collection":[{"href":"https:\/\/www.muralunique.com\/fr\/wp-json\/wp\/v2\/product"}],"about":[{"href":"https:\/\/www.muralunique.com\/fr\/wp-json\/wp\/v2\/types\/product"}],"wp:featuredmedia":[{"embeddable":true,"href":"https:\/\/www.muralunique.com\/fr\/wp-json\/wp\/v2\/media\/90090"}],"wp:attachment":[{"href":"https:\/\/www.muralunique.com\/fr\/wp-json\/wp\/v2\/media?parent=90084"}],"wp:term":[{"taxonomy":"product_brand","embeddable":true,"href":"https:\/\/www.muralunique.com\/fr\/wp-json\/wp\/v2\/product_brand?post=90084"},{"taxonomy":"product_cat","embeddable":true,"href":"https:\/\/www.muralunique.com\/fr\/wp-json\/wp\/v2\/product_cat?post=90084"},{"taxonomy":"product_tag","embeddable":true,"href":"https:\/\/www.muralunique.com\/fr\/wp-json\/wp\/v2\/product_tag?post=90084"}],"curies":[{"name":"wp","href":"https:\/\/api.w.org\/{rel}","templated":true}]}}