{"id":90115,"date":"2024-05-31T09:57:00","date_gmt":"2024-05-31T13:57:00","guid":{"rendered":"https:\/\/www.muralunique.com\/?post_type=product&#038;p=90115"},"modified":"2024-05-31T10:29:33","modified_gmt":"2024-05-31T14:29:33","slug":"joyeuse-jungle-collection-oliver-robins","status":"publish","type":"product","link":"https:\/\/www.muralunique.com\/fr\/produit\/joyeuse-jungle-collection-oliver-robins\/","title":{"rendered":"Joyeuse Jungle &#8211; Collection Oliver Robins"},"content":{"rendered":"<p id=\"tw-target-text\" class=\"tw-data-text tw-text-large tw-ta\" dir=\"ltr\" data-placeholder=\"Translation\" aria-label=\"Translated text\" data-ved=\"2ahUKEwjkpbuNiYGGAxXWEFkFHWXjD5YQ3ewLegQIBRAU\">-Transformez la chambre de b\u00e9b\u00e9 en une aventure avec cette captivante murale en papier peint sur le th\u00e8me de la jungle! Mettant en vedette un lion, un \u00e9l\u00e9phant, une girafe et un z\u00e8bre, cette sc\u00e8ne vibrante apporte la magie de la savane directement dans la chambre de votre tout-petit. Regardez leurs imaginations vagabonder parmi la v\u00e9g\u00e9tation luxuriante et la faune ludique, cr\u00e9ant une atmosph\u00e8re sereine mais excitante, parfaite pour les histoires du soir et les r\u00eaves paisibles.<\/p>\n<p class=\"tw-data-text tw-text-large tw-ta\" dir=\"ltr\" data-placeholder=\"Translation\" aria-label=\"Translated text\" data-ved=\"2ahUKEwjkpbuNiYGGAxXWEFkFHWXjD5YQ3ewLegQIBRAU\"><strong><span class=\"Y2IQFc\" lang=\"fr\">-Cette murale est livr\u00e9e en un seul morceau (pas de joints!). Les instructions d&#8217;installation seront jointes \u00e0 la murale.<\/span><\/strong><\/p>\n<p dir=\"ltr\" data-placeholder=\"Translation\" aria-label=\"Translated text\" data-ved=\"2ahUKEwjkpbuNiYGGAxXWEFkFHWXjD5YQ3ewLegQIBRAU\">-Murale en papier\u00a0peint pr\u00e9encoll\u00e9e, lavable, s\u2019enl\u00e8ve \u00e0 sec et r\u00e9utilisable. Facile \u00e0 installer, se pose comme du papier\u00a0peint (tapisserie).<\/p>\n<p dir=\"ltr\" data-placeholder=\"Translation\" aria-label=\"Translated text\" data-ved=\"2ahUKEwjkpbuNiYGGAxXWEFkFHWXjD5YQ3ewLegQIBRAU\">-murale jungle joyeuse, tapisserie jungle joyeuse, tapisserie murale jungle joyeuse, papier peint jungle joyeuse, murale pour chambre d&#8217;enfants, tapisserie murale pour chambre d&#8217;enfants, murale pour chambre de b\u00e9b\u00e9<\/p>\n","protected":false},"excerpt":{"rendered":"<p>-Transformez la chambre de b\u00e9b\u00e9 en une aventure avec cette captivante murale en papier peint sur le th\u00e8me de la jungle! Mettant en vedette un lion, un \u00e9l\u00e9phant, une girafe et un z\u00e8bre, cette sc\u00e8ne vibrante apporte la magie de la savane directement dans la chambre de votre tout-petit. Regardez leurs imaginations vagabonder parmi la [&hellip;]<\/p>\n","protected":false},"featured_media":90122,"template":"","meta":{"_acf_changed":false},"product_brand":[],"product_cat":[134,173,303,401],"product_tag":[8768,8769,8791,8790,8966,8967,8894,8895,9125,9050,9051,9122,10401,9155,9486,9550,9551],"class_list":{"0":"post-90115","1":"product","2":"type-product","3":"status-publish","4":"has-post-thumbnail","6":"artist-oliver-robins-fr","7":"product_cat-animaux","8":"product_cat-enfants","9":"product_cat-nouveautes","10":"product_cat-tous-nos-produits","11":"product_tag-animal","12":"product_tag-animaux","13":"product_tag-bebe","14":"product_tag-bebes","15":"product_tag-elephant-fr","16":"product_tag-elephants-fr","17":"product_tag-enfant","18":"product_tag-enfants","19":"product_tag-gamins","20":"product_tag-girafe","21":"product_tag-girafes","22":"product_tag-jungle-fr","23":"product_tag-lion-fr","24":"product_tag-lions-fr","25":"product_tag-tropical-fr","26":"product_tag-zebre","27":"product_tag-zebres","29":"first","30":"instock","31":"taxable","32":"shipping-taxable","33":"purchasable","34":"product-type-variable","35":"has-default-attributes"},"acf":[],"_links":{"self":[{"href":"https:\/\/www.muralunique.com\/fr\/wp-json\/wp\/v2\/product\/90115","targetHints":{"allow":["GET"]}}],"collection":[{"href":"https:\/\/www.muralunique.com\/fr\/wp-json\/wp\/v2\/product"}],"about":[{"href":"https:\/\/www.muralunique.com\/fr\/wp-json\/wp\/v2\/types\/product"}],"wp:featuredmedia":[{"embeddable":true,"href":"https:\/\/www.muralunique.com\/fr\/wp-json\/wp\/v2\/media\/90122"}],"wp:attachment":[{"href":"https:\/\/www.muralunique.com\/fr\/wp-json\/wp\/v2\/media?parent=90115"}],"wp:term":[{"taxonomy":"product_brand","embeddable":true,"href":"https:\/\/www.muralunique.com\/fr\/wp-json\/wp\/v2\/product_brand?post=90115"},{"taxonomy":"product_cat","embeddable":true,"href":"https:\/\/www.muralunique.com\/fr\/wp-json\/wp\/v2\/product_cat?post=90115"},{"taxonomy":"product_tag","embeddable":true,"href":"https:\/\/www.muralunique.com\/fr\/wp-json\/wp\/v2\/product_tag?post=90115"}],"curies":[{"name":"wp","href":"https:\/\/api.w.org\/{rel}","templated":true}]}}