{"id":9018,"date":"2016-12-29T12:40:13","date_gmt":"2016-12-29T12:40:13","guid":{"rendered":"https:\/\/muralunique.com\/?post_type=product&#038;p=9018"},"modified":"2022-04-16T19:44:15","modified_gmt":"2022-04-16T23:44:15","slug":"sentier-tranquille-2","status":"publish","type":"product","link":"https:\/\/www.muralunique.com\/fr\/produit\/sentier-tranquille-2\/","title":{"rendered":"Sentier Tranquille"},"content":{"rendered":"<p>-Murale en papier peint d&#8217;un petit sentier dans une for\u00eat paisible et ensoleill\u00e9e. Les murales de for\u00eats cr\u00e9ent une atmosph\u00e8que magique et donnent de la vie \u00e0 n&#8217;importe quelle pi\u00e8ce de votre maison (salon, salle \u00e0 coucher, salle de bain).<\/p>\n<p>-La murale comprend des laizes de 18\u2033 (45cm) de largeur. Par exemple, une murale de 6\u2032 (1,83m) de largeur a 4 laizes et une murale de 12\u2032 (3,66m) de largeur a 8 laizes.<\/p>\n<p>-Murale en papier\u00a0peint pr\u00e9encoll\u00e9e, lavable, s\u2019enl\u00e8ve \u00e0 sec et r\u00e9utilisable. Facile \u00e0 installer, se pose comme du papier\u00a0peint (tapisserie).<\/p>\n<p>-Photographie de Lars van de Goor. Vous pouvez obtenir plus d&#8217;informations \u00e0 <a href=\"http:\/\/www.larsvandegoor.com\" rel=\"nofollow noopener\" target=\"_blank\">www.larsvandegoor.com<\/a>.<\/p>\n<p>-murale sentier tranquille, murale sentier dans une for\u00eat, papier peint sentier dans une for\u00eat, photo murale sentier dans une for\u00eat, tapisserie for\u00eat<\/p>\n<p>&nbsp;<\/p>\n","protected":false},"excerpt":{"rendered":"<p>-Murale en papier peint d&#8217;un petit sentier dans une for\u00eat paisible et ensoleill\u00e9e. Les murales de for\u00eats cr\u00e9ent une atmosph\u00e8que magique et donnent de la vie \u00e0 n&#8217;importe quelle pi\u00e8ce de votre maison (salon, salle \u00e0 coucher, salle de bain). -La murale comprend des laizes de 18\u2033 (45cm) de largeur. Par exemple, une murale de [&hellip;]<\/p>\n","protected":false},"featured_media":31743,"template":"","meta":{"_acf_changed":false},"product_brand":[185],"product_cat":[141,401,163],"product_tag":[9478,8864,9258,9431,9019,9219,9261,9137,9331,9467,9612,9485],"class_list":{"0":"post-9018","1":"product","2":"type-product","3":"status-publish","4":"has-post-thumbnail","6":"artist-lars-van-de-goor-fr","7":"product_brand-lars-van-de-goor","8":"product_cat-nature-et-paysages","9":"product_cat-tous-nos-produits","10":"product_cat-trompe-loeil","11":"product_tag-arbres","12":"product_tag-calme","13":"product_tag-chemin","14":"product_tag-ensoleille","15":"product_tag-foret","16":"product_tag-nature-fr","17":"product_tag-paisible","18":"product_tag-paysage","19":"product_tag-route","20":"product_tag-tranquilite","21":"product_tag-trompe-loeil-fr","22":"product_tag-trompe-oeil-fr","24":"first","25":"instock","26":"taxable","27":"shipping-taxable","28":"purchasable","29":"product-type-variable","30":"has-default-attributes"},"acf":[],"_links":{"self":[{"href":"https:\/\/www.muralunique.com\/fr\/wp-json\/wp\/v2\/product\/9018","targetHints":{"allow":["GET"]}}],"collection":[{"href":"https:\/\/www.muralunique.com\/fr\/wp-json\/wp\/v2\/product"}],"about":[{"href":"https:\/\/www.muralunique.com\/fr\/wp-json\/wp\/v2\/types\/product"}],"wp:featuredmedia":[{"embeddable":true,"href":"https:\/\/www.muralunique.com\/fr\/wp-json\/wp\/v2\/media\/31743"}],"wp:attachment":[{"href":"https:\/\/www.muralunique.com\/fr\/wp-json\/wp\/v2\/media?parent=9018"}],"wp:term":[{"taxonomy":"product_brand","embeddable":true,"href":"https:\/\/www.muralunique.com\/fr\/wp-json\/wp\/v2\/product_brand?post=9018"},{"taxonomy":"product_cat","embeddable":true,"href":"https:\/\/www.muralunique.com\/fr\/wp-json\/wp\/v2\/product_cat?post=9018"},{"taxonomy":"product_tag","embeddable":true,"href":"https:\/\/www.muralunique.com\/fr\/wp-json\/wp\/v2\/product_tag?post=9018"}],"curies":[{"name":"wp","href":"https:\/\/api.w.org\/{rel}","templated":true}]}}