{"id":90184,"date":"2024-06-05T13:47:54","date_gmt":"2024-06-05T17:47:54","guid":{"rendered":"https:\/\/www.muralunique.com\/?post_type=product&#038;p=90184"},"modified":"2024-06-05T14:17:05","modified_gmt":"2024-06-05T18:17:05","slug":"festival-de-montgolfieres-collection-oliver-robins","status":"publish","type":"product","link":"https:\/\/www.muralunique.com\/fr\/produit\/festival-de-montgolfieres-collection-oliver-robins\/","title":{"rendered":"Festival de Montgolfi\u00e8res &#8211; Collection Oliver Robins"},"content":{"rendered":"<p class=\"tw-data-text tw-text-large tw-ta\" dir=\"ltr\" data-placeholder=\"Translation\" aria-label=\"Translated text\" data-ved=\"2ahUKEwjkpbuNiYGGAxXWEFkFHWXjD5YQ3ewLegQIBRAU\">-Transformez la chambre de votre enfant en un terrain de jeu avec notre murale Festival de Montgolfi\u00e8res! Laissez leur imagination s&#8217;envoler en contemplant un ciel rempli de montgolfi\u00e8res vibrantes, de cerfs-volants color\u00e9s dansant au gr\u00e9 du vent, et de nuages blancs moelleux d\u00e9rivant paresseusement. Cette murale inspirera l&#8217;aventure et l&#8217;\u00e9merveillement, cr\u00e9ant une atmosph\u00e8re joyeuse et fantaisiste parfaite pour jouer et r\u00eaver.<\/p>\n<p class=\"tw-data-text tw-text-large tw-ta\" dir=\"ltr\" data-placeholder=\"Translation\" aria-label=\"Translated text\" data-ved=\"2ahUKEwjkpbuNiYGGAxXWEFkFHWXjD5YQ3ewLegQIBRAU\"><strong><span class=\"Y2IQFc\" lang=\"fr\">-Cette murale est livr\u00e9e en un seul morceau (pas de joints!). Les instructions d&#8217;installation seront jointes \u00e0 la murale.<\/span><\/strong><\/p>\n<p dir=\"ltr\" data-placeholder=\"Translation\" aria-label=\"Translated text\" data-ved=\"2ahUKEwjkpbuNiYGGAxXWEFkFHWXjD5YQ3ewLegQIBRAU\">-Murale en papier\u00a0peint pr\u00e9encoll\u00e9e, lavable, s\u2019enl\u00e8ve \u00e0 sec et r\u00e9utilisable. Facile \u00e0 installer, se pose comme du papier\u00a0peint (tapisserie).<\/p>\n<p dir=\"ltr\" data-placeholder=\"Translation\" aria-label=\"Translated text\" data-ved=\"2ahUKEwjkpbuNiYGGAxXWEFkFHWXjD5YQ3ewLegQIBRAU\">-murale festival de montgolfi\u00e8res, tapisserie murale festival de montgolfi\u00e8res, papier peint festival de montgolfi\u00e8res, murale pour chambre de b\u00e9b\u00e9, papier peint pour chambre de b\u00e9b\u00e9<\/p>\n<p dir=\"ltr\" data-placeholder=\"Translation\" aria-label=\"Translated text\" data-ved=\"2ahUKEwjkpbuNiYGGAxXWEFkFHWXjD5YQ3ewLegQIBRAU\">\n","protected":false},"excerpt":{"rendered":"<p>-Transformez la chambre de votre enfant en un terrain de jeu avec notre murale Festival de Montgolfi\u00e8res! Laissez leur imagination s&#8217;envoler en contemplant un ciel rempli de montgolfi\u00e8res vibrantes, de cerfs-volants color\u00e9s dansant au gr\u00e9 du vent, et de nuages blancs moelleux d\u00e9rivant paresseusement. Cette murale inspirera l&#8217;aventure et l&#8217;\u00e9merveillement, cr\u00e9ant une atmosph\u00e8re joyeuse et [&hellip;]<\/p>\n","protected":false},"featured_media":90190,"template":"","meta":{"_acf_changed":false},"product_brand":[],"product_cat":[173,303,401],"product_tag":[8793,8794,8791,8790,9126,10423,10427,8894,8895,9125,10420,9097,8906,8907,9378],"class_list":{"0":"post-90184","1":"product","2":"type-product","3":"status-publish","4":"has-post-thumbnail","6":"artist-oliver-robins-fr","7":"product_cat-enfants","8":"product_cat-nouveautes","9":"product_cat-tous-nos-produits","10":"product_tag-ballon","11":"product_tag-ballons","12":"product_tag-bebe","13":"product_tag-bebes","14":"product_tag-cerf-volants","15":"product_tag-cerfs-volants","16":"product_tag-ciel-fr","17":"product_tag-enfant","18":"product_tag-enfants","19":"product_tag-gamins","20":"product_tag-montgolfiere","21":"product_tag-montgolfieres","22":"product_tag-nuage","23":"product_tag-nuages","24":"product_tag-ski-fr","26":"first","27":"instock","28":"taxable","29":"shipping-taxable","30":"purchasable","31":"product-type-variable","32":"has-default-attributes"},"acf":[],"_links":{"self":[{"href":"https:\/\/www.muralunique.com\/fr\/wp-json\/wp\/v2\/product\/90184","targetHints":{"allow":["GET"]}}],"collection":[{"href":"https:\/\/www.muralunique.com\/fr\/wp-json\/wp\/v2\/product"}],"about":[{"href":"https:\/\/www.muralunique.com\/fr\/wp-json\/wp\/v2\/types\/product"}],"wp:featuredmedia":[{"embeddable":true,"href":"https:\/\/www.muralunique.com\/fr\/wp-json\/wp\/v2\/media\/90190"}],"wp:attachment":[{"href":"https:\/\/www.muralunique.com\/fr\/wp-json\/wp\/v2\/media?parent=90184"}],"wp:term":[{"taxonomy":"product_brand","embeddable":true,"href":"https:\/\/www.muralunique.com\/fr\/wp-json\/wp\/v2\/product_brand?post=90184"},{"taxonomy":"product_cat","embeddable":true,"href":"https:\/\/www.muralunique.com\/fr\/wp-json\/wp\/v2\/product_cat?post=90184"},{"taxonomy":"product_tag","embeddable":true,"href":"https:\/\/www.muralunique.com\/fr\/wp-json\/wp\/v2\/product_tag?post=90184"}],"curies":[{"name":"wp","href":"https:\/\/api.w.org\/{rel}","templated":true}]}}