{"id":90195,"date":"2024-06-05T16:21:39","date_gmt":"2024-06-05T20:21:39","guid":{"rendered":"https:\/\/www.muralunique.com\/?post_type=product&#038;p=90195"},"modified":"2024-06-05T16:40:29","modified_gmt":"2024-06-05T20:40:29","slug":"la-traversee-de-noah-collection-oliver-robins","status":"publish","type":"product","link":"https:\/\/www.muralunique.com\/fr\/produit\/la-traversee-de-noah-collection-oliver-robins\/","title":{"rendered":"La Travers\u00e9e de Noah &#8211; Collection Oliver Robins"},"content":{"rendered":"<p id=\"tw-target-text\" class=\"tw-data-text tw-text-large tw-ta\" dir=\"ltr\" data-placeholder=\"Translation\" aria-label=\"Translated text\" data-ved=\"2ahUKEwjkpbuNiYGGAxXWEFkFHWXjD5YQ3ewLegQIBRAU\">-Embarquez dans une aventure intemporelle avec notre murale La Travers\u00e9e de Noah pour la chambre de b\u00e9b\u00e9! Des animaux adorables de toutes formes et tailles se rassemblent deux par deux, alors que l&#8217;Arche de No\u00e9 navigue sur une mer tranquille sous un soleil radieux. Cette charmante murale donne vie \u00e0 l&#8217;histoire biblique bien-aim\u00e9e, cr\u00e9ant une atmosph\u00e8re sereine et enchant\u00e9e, parfaite pour nourrir l&#8217;imagination et les r\u00eaves de votre petit(e).<\/p>\n<p class=\"tw-data-text tw-text-large tw-ta\" dir=\"ltr\" data-placeholder=\"Translation\" aria-label=\"Translated text\" data-ved=\"2ahUKEwjkpbuNiYGGAxXWEFkFHWXjD5YQ3ewLegQIBRAU\"><strong><span class=\"Y2IQFc\" lang=\"fr\">-Cette murale est livr\u00e9e en un seul morceau (pas de joints!). Les instructions d&#8217;installation seront jointes \u00e0 la murale.<\/span><\/strong><\/p>\n<p dir=\"ltr\" data-placeholder=\"Translation\" aria-label=\"Translated text\" data-ved=\"2ahUKEwjkpbuNiYGGAxXWEFkFHWXjD5YQ3ewLegQIBRAU\">-Murale en papier\u00a0peint pr\u00e9encoll\u00e9e, lavable, s\u2019enl\u00e8ve \u00e0 sec et r\u00e9utilisable. Facile \u00e0 installer, se pose comme du papier\u00a0peint (tapisserie).<\/p>\n<p dir=\"ltr\" data-placeholder=\"Translation\" aria-label=\"Translated text\" data-ved=\"2ahUKEwjkpbuNiYGGAxXWEFkFHWXjD5YQ3ewLegQIBRAU\">-murale la travers\u00e9e de noah, tapisserie la travers\u00e9e de noah, tapisserie murale la travers\u00e9e de noah, papier peint la travers\u00e9e de noah, murale pour chambre de b\u00e9b\u00e9, tapisserie pour chambre de b\u00e9b\u00e9<\/p>\n","protected":false},"excerpt":{"rendered":"<p>-Embarquez dans une aventure intemporelle avec notre murale La Travers\u00e9e de Noah pour la chambre de b\u00e9b\u00e9! Des animaux adorables de toutes formes et tailles se rassemblent deux par deux, alors que l&#8217;Arche de No\u00e9 navigue sur une mer tranquille sous un soleil radieux. Cette charmante murale donne vie \u00e0 l&#8217;histoire biblique bien-aim\u00e9e, cr\u00e9ant une [&hellip;]<\/p>\n","protected":false},"featured_media":90202,"template":"","meta":{"_acf_changed":false},"product_brand":[],"product_cat":[134,173,303,138,401],"product_tag":[8768,8769,8831,8791,8790,10418,8894,8895,9125,9352,9228,9231,9321,10421],"class_list":{"0":"post-90195","1":"product","2":"type-product","3":"status-publish","4":"has-post-thumbnail","6":"artist-oliver-robins-fr","7":"product_cat-animaux","8":"product_cat-enfants","9":"product_cat-nouveautes","10":"product_cat-oriental-religion-spiritualite","11":"product_cat-tous-nos-produits","12":"product_tag-animal","13":"product_tag-animaux","14":"product_tag-bateau","15":"product_tag-bebe","16":"product_tag-bebes","17":"product_tag-bible-fr","18":"product_tag-enfant","19":"product_tag-enfants","20":"product_tag-gamins","21":"product_tag-mer","22":"product_tag-noe","23":"product_tag-ocean-fr-2","24":"product_tag-religion-fr","25":"product_tag-traversee","27":"first","28":"instock","29":"taxable","30":"shipping-taxable","31":"purchasable","32":"product-type-variable","33":"has-default-attributes"},"acf":[],"_links":{"self":[{"href":"https:\/\/www.muralunique.com\/fr\/wp-json\/wp\/v2\/product\/90195","targetHints":{"allow":["GET"]}}],"collection":[{"href":"https:\/\/www.muralunique.com\/fr\/wp-json\/wp\/v2\/product"}],"about":[{"href":"https:\/\/www.muralunique.com\/fr\/wp-json\/wp\/v2\/types\/product"}],"wp:featuredmedia":[{"embeddable":true,"href":"https:\/\/www.muralunique.com\/fr\/wp-json\/wp\/v2\/media\/90202"}],"wp:attachment":[{"href":"https:\/\/www.muralunique.com\/fr\/wp-json\/wp\/v2\/media?parent=90195"}],"wp:term":[{"taxonomy":"product_brand","embeddable":true,"href":"https:\/\/www.muralunique.com\/fr\/wp-json\/wp\/v2\/product_brand?post=90195"},{"taxonomy":"product_cat","embeddable":true,"href":"https:\/\/www.muralunique.com\/fr\/wp-json\/wp\/v2\/product_cat?post=90195"},{"taxonomy":"product_tag","embeddable":true,"href":"https:\/\/www.muralunique.com\/fr\/wp-json\/wp\/v2\/product_tag?post=90195"}],"curies":[{"name":"wp","href":"https:\/\/api.w.org\/{rel}","templated":true}]}}