{"id":90299,"date":"2024-06-13T13:40:16","date_gmt":"2024-06-13T17:40:16","guid":{"rendered":"https:\/\/www.muralunique.com\/?post_type=product&#038;p=90299"},"modified":"2024-06-13T14:01:03","modified_gmt":"2024-06-13T18:01:03","slug":"elegance-tropicale","status":"publish","type":"product","link":"https:\/\/www.muralunique.com\/fr\/produit\/elegance-tropicale\/","title":{"rendered":"\u00c9l\u00e9gance Tropicale"},"content":{"rendered":"<p>-Notre murale &#8220;\u00c9l\u00e9gance Tropicale&#8221; d\u00e9peint une v\u00e9g\u00e9tation luxuriante tropicale dans une composition sophistiqu\u00e9e, \u00e9voquant un sentiment de splendeur et de beaut\u00e9 naturelle. Parfait pour apporter le charme exotique des tropiques dans n&#8217;importe quel espace.<\/p>\n<p>-La murale comprend des laizes de 18\u2033 (45cm) de largeur. Par exemple, une murale de 6\u2032 (1,83m) de largeur a 4 laizes et une murale de 12\u2032 (3,66m) de largeur a 8 laizes.<\/p>\n<p>-Murale en papier\u00a0peint pr\u00e9encoll\u00e9e, lavable, s\u2019enl\u00e8ve \u00e0 sec et r\u00e9utilisable. Facile \u00e0 installer, se pose comme du papier\u00a0peint (tapisserie).<\/p>\n<p>-murale \u00e9l\u00e9gance tropicale, tapisserie \u00e9l\u00e9gance tropicale, tapisserie murale \u00e9l\u00e9gance tropicale, murale en papier peint \u00e9l\u00e9gance tropicale, murale feuillage tropical, tapisserie feuillage tropical, tapisserie murale feuillage tropical<\/p>\n","protected":false},"excerpt":{"rendered":"<p>-Notre murale &#8220;\u00c9l\u00e9gance Tropicale&#8221; d\u00e9peint une v\u00e9g\u00e9tation luxuriante tropicale dans une composition sophistiqu\u00e9e, \u00e9voquant un sentiment de splendeur et de beaut\u00e9 naturelle. Parfait pour apporter le charme exotique des tropiques dans n&#8217;importe quel espace. -La murale comprend des laizes de 18\u2033 (45cm) de largeur. Par exemple, une murale de 6\u2032 (1,83m) de largeur a 4 [&hellip;]<\/p>\n","protected":false},"featured_media":90311,"template":"","meta":{"_acf_changed":false},"product_brand":[],"product_cat":[150,303,401],"product_tag":[8970,9014,9144,9567,9702,10138,9242,9486],"class_list":{"0":"post-90299","1":"product","2":"type-product","3":"status-publish","4":"has-post-thumbnail","6":"product_cat-fleurs-et-feuillages","7":"product_cat-nouveautes","8":"product_cat-tous-nos-produits","9":"product_tag-exotique","10":"product_tag-feuillage","11":"product_tag-feuilles","12":"product_tag-feuilles-de-palmier","13":"product_tag-palmier","14":"product_tag-palmier-fr","15":"product_tag-palmiers","16":"product_tag-tropical-fr","18":"first","19":"instock","20":"taxable","21":"shipping-taxable","22":"purchasable","23":"product-type-variable","24":"has-default-attributes"},"acf":[],"_links":{"self":[{"href":"https:\/\/www.muralunique.com\/fr\/wp-json\/wp\/v2\/product\/90299","targetHints":{"allow":["GET"]}}],"collection":[{"href":"https:\/\/www.muralunique.com\/fr\/wp-json\/wp\/v2\/product"}],"about":[{"href":"https:\/\/www.muralunique.com\/fr\/wp-json\/wp\/v2\/types\/product"}],"wp:featuredmedia":[{"embeddable":true,"href":"https:\/\/www.muralunique.com\/fr\/wp-json\/wp\/v2\/media\/90311"}],"wp:attachment":[{"href":"https:\/\/www.muralunique.com\/fr\/wp-json\/wp\/v2\/media?parent=90299"}],"wp:term":[{"taxonomy":"product_brand","embeddable":true,"href":"https:\/\/www.muralunique.com\/fr\/wp-json\/wp\/v2\/product_brand?post=90299"},{"taxonomy":"product_cat","embeddable":true,"href":"https:\/\/www.muralunique.com\/fr\/wp-json\/wp\/v2\/product_cat?post=90299"},{"taxonomy":"product_tag","embeddable":true,"href":"https:\/\/www.muralunique.com\/fr\/wp-json\/wp\/v2\/product_tag?post=90299"}],"curies":[{"name":"wp","href":"https:\/\/api.w.org\/{rel}","templated":true}]}}