{"id":90320,"date":"2024-06-13T16:35:27","date_gmt":"2024-06-13T20:35:27","guid":{"rendered":"https:\/\/www.muralunique.com\/?post_type=product&#038;p=90320"},"modified":"2024-06-13T16:52:30","modified_gmt":"2024-06-13T20:52:30","slug":"danse-du-soleil-dans-la-jungle","status":"publish","type":"product","link":"https:\/\/www.muralunique.com\/fr\/produit\/danse-du-soleil-dans-la-jungle\/","title":{"rendered":"Danse du Soleil dans la Jungle"},"content":{"rendered":"<p>-Une tapisserie murale qui transporte votre espace dans le c\u0153ur d&#8217;une jungle luxuriante. Les rayons du soleil filtrent \u00e0 travers la canop\u00e9e dense, illuminant une vari\u00e9t\u00e9 de plantes tropicales dans un spectacle \u00e9blouissant de couleurs et de textures. L&#8217;atmosph\u00e8re vibrante et dynamique de cette sc\u00e8ne invite \u00e0 l&#8217;aventure et \u00e0 l&#8217;\u00e9merveillement, cr\u00e9ant un v\u00e9ritable sanctuaire de tranquillit\u00e9 et de beaut\u00e9 au sein de votre int\u00e9rieur.<\/p>\n<p>-La murale comprend des laizes de 18\u2033 (45cm) de largeur. Par exemple, une murale de 6\u2032 (1,83m) de largeur a 4 laizes et une murale de 12\u2032 (3,66m) de largeur a 8 laizes.<\/p>\n<p>-Murale en papier\u00a0peint pr\u00e9encoll\u00e9e, lavable, s\u2019enl\u00e8ve \u00e0 sec et r\u00e9utilisable. Facile \u00e0 installer, se pose comme du papier\u00a0peint (tapisserie).<\/p>\n<p>-murale danse du soleil dans la jungle, tapisserie danse du soleil dans la jungle, tapisserie murale danse du soleil dans la jungle, papier peint danse du soleil dans la jungle, murale tropicale, papier peint tropical<\/p>\n","protected":false},"excerpt":{"rendered":"<p>-Une tapisserie murale qui transporte votre espace dans le c\u0153ur d&#8217;une jungle luxuriante. Les rayons du soleil filtrent \u00e0 travers la canop\u00e9e dense, illuminant une vari\u00e9t\u00e9 de plantes tropicales dans un spectacle \u00e9blouissant de couleurs et de textures. L&#8217;atmosph\u00e8re vibrante et dynamique de cette sc\u00e8ne invite \u00e0 l&#8217;aventure et \u00e0 l&#8217;\u00e9merveillement, cr\u00e9ant un v\u00e9ritable sanctuaire [&hellip;]<\/p>\n","protected":false},"featured_media":90330,"template":"","meta":{"_acf_changed":false},"product_brand":[],"product_cat":[150,141,303,401],"product_tag":[9478,8970,9014,9144,9567,9702,10138,9242,9429,9767,9770,9486],"class_list":{"0":"post-90320","1":"product","2":"type-product","3":"status-publish","4":"has-post-thumbnail","6":"product_cat-fleurs-et-feuillages","7":"product_cat-nature-et-paysages","8":"product_cat-nouveautes","9":"product_cat-tous-nos-produits","10":"product_tag-arbres","11":"product_tag-exotique","12":"product_tag-feuillage","13":"product_tag-feuilles","14":"product_tag-feuilles-de-palmier","15":"product_tag-palmier","16":"product_tag-palmier-fr","17":"product_tag-palmiers","18":"product_tag-rayons-de-soleil","19":"product_tag-rayons-de-soleil-fr","20":"product_tag-rayons-de-soleil-fr-2","21":"product_tag-tropical-fr","23":"first","24":"instock","25":"taxable","26":"shipping-taxable","27":"purchasable","28":"product-type-variable","29":"has-default-attributes"},"acf":[],"_links":{"self":[{"href":"https:\/\/www.muralunique.com\/fr\/wp-json\/wp\/v2\/product\/90320","targetHints":{"allow":["GET"]}}],"collection":[{"href":"https:\/\/www.muralunique.com\/fr\/wp-json\/wp\/v2\/product"}],"about":[{"href":"https:\/\/www.muralunique.com\/fr\/wp-json\/wp\/v2\/types\/product"}],"wp:featuredmedia":[{"embeddable":true,"href":"https:\/\/www.muralunique.com\/fr\/wp-json\/wp\/v2\/media\/90330"}],"wp:attachment":[{"href":"https:\/\/www.muralunique.com\/fr\/wp-json\/wp\/v2\/media?parent=90320"}],"wp:term":[{"taxonomy":"product_brand","embeddable":true,"href":"https:\/\/www.muralunique.com\/fr\/wp-json\/wp\/v2\/product_brand?post=90320"},{"taxonomy":"product_cat","embeddable":true,"href":"https:\/\/www.muralunique.com\/fr\/wp-json\/wp\/v2\/product_cat?post=90320"},{"taxonomy":"product_tag","embeddable":true,"href":"https:\/\/www.muralunique.com\/fr\/wp-json\/wp\/v2\/product_tag?post=90320"}],"curies":[{"name":"wp","href":"https:\/\/api.w.org\/{rel}","templated":true}]}}