{"id":90407,"date":"2024-06-18T13:57:28","date_gmt":"2024-06-18T17:57:28","guid":{"rendered":"https:\/\/www.muralunique.com\/?post_type=product&#038;p=90407"},"modified":"2024-06-18T14:25:55","modified_gmt":"2024-06-18T18:25:55","slug":"traversee-paisible-en-foret","status":"publish","type":"product","link":"https:\/\/www.muralunique.com\/fr\/produit\/traversee-paisible-en-foret\/","title":{"rendered":"Travers\u00e9e Paisible en For\u00eat"},"content":{"rendered":"<p>-Une murale captivante o\u00f9 une for\u00eat luxuriante s&#8217;\u00e9tend \u00e0 perte de vue, baign\u00e9e de nuances de vert. Un chemin sinueux serpente au c\u0153ur de ce tableau naturel, invitant \u00e0 une promenade paisible \u00e0 travers les arbres majestueux et les sous-bois tranquilles. Chaque d\u00e9tail, des feuilles chatoyantes aux rayons filtrant \u00e0 travers le feuillage, cr\u00e9e une atmosph\u00e8re immersive, parfaite pour apporter la beaut\u00e9 de la nature dans votre espace.&#8221;<\/p>\n<p>-La murale comprend des laizes de 18\u2033 (45cm) de largeur. Par exemple, une murale de 6\u2032 (1,83m) de largeur a 4 laizes et une murale de 12\u2032 (3,66m) de largeur a 8 laizes.<\/p>\n<p>-Murale en papier\u00a0peint pr\u00e9encoll\u00e9e, lavable, s\u2019enl\u00e8ve \u00e0 sec et r\u00e9utilisable. Facile \u00e0 installer, se pose comme du papier\u00a0peint (tapisserie).<\/p>\n<p>-murale travers\u00e9e paisible en for\u00eat, tapisserie murale travers\u00e9e paisible en for\u00eat, tapisserie travers\u00e9e paisible en for\u00eat, papier peint travers\u00e9e paisible en for\u00eat, murale de for\u00eat, papier peint de for\u00eat, tapisserie de for\u00eat<\/p>\n","protected":false},"excerpt":{"rendered":"<p>-Une murale captivante o\u00f9 une for\u00eat luxuriante s&#8217;\u00e9tend \u00e0 perte de vue, baign\u00e9e de nuances de vert. Un chemin sinueux serpente au c\u0153ur de ce tableau naturel, invitant \u00e0 une promenade paisible \u00e0 travers les arbres majestueux et les sous-bois tranquilles. Chaque d\u00e9tail, des feuilles chatoyantes aux rayons filtrant \u00e0 travers le feuillage, cr\u00e9e une [&hellip;]<\/p>\n","protected":false},"featured_media":90425,"template":"","meta":{"_acf_changed":false},"product_brand":[],"product_cat":[141,303,401,163],"product_tag":[9478,8864,9258,9019,9219,9261,9137,9331,9467,9483,9482,9485],"class_list":{"0":"post-90407","1":"product","2":"type-product","3":"status-publish","4":"has-post-thumbnail","6":"product_cat-nature-et-paysages","7":"product_cat-nouveautes","8":"product_cat-tous-nos-produits","9":"product_cat-trompe-loeil","10":"product_tag-arbres","11":"product_tag-calme","12":"product_tag-chemin","13":"product_tag-foret","14":"product_tag-nature-fr","15":"product_tag-paisible","16":"product_tag-paysage","17":"product_tag-route","18":"product_tag-tranquilite","19":"product_tag-trompe-l-oeil","20":"product_tag-trompe-loeil","21":"product_tag-trompe-oeil-fr","23":"first","24":"instock","25":"taxable","26":"shipping-taxable","27":"purchasable","28":"product-type-variable","29":"has-default-attributes"},"acf":[],"_links":{"self":[{"href":"https:\/\/www.muralunique.com\/fr\/wp-json\/wp\/v2\/product\/90407","targetHints":{"allow":["GET"]}}],"collection":[{"href":"https:\/\/www.muralunique.com\/fr\/wp-json\/wp\/v2\/product"}],"about":[{"href":"https:\/\/www.muralunique.com\/fr\/wp-json\/wp\/v2\/types\/product"}],"wp:featuredmedia":[{"embeddable":true,"href":"https:\/\/www.muralunique.com\/fr\/wp-json\/wp\/v2\/media\/90425"}],"wp:attachment":[{"href":"https:\/\/www.muralunique.com\/fr\/wp-json\/wp\/v2\/media?parent=90407"}],"wp:term":[{"taxonomy":"product_brand","embeddable":true,"href":"https:\/\/www.muralunique.com\/fr\/wp-json\/wp\/v2\/product_brand?post=90407"},{"taxonomy":"product_cat","embeddable":true,"href":"https:\/\/www.muralunique.com\/fr\/wp-json\/wp\/v2\/product_cat?post=90407"},{"taxonomy":"product_tag","embeddable":true,"href":"https:\/\/www.muralunique.com\/fr\/wp-json\/wp\/v2\/product_tag?post=90407"}],"curies":[{"name":"wp","href":"https:\/\/api.w.org\/{rel}","templated":true}]}}