{"id":9043,"date":"2017-01-02T18:22:26","date_gmt":"2017-01-02T18:22:26","guid":{"rendered":"https:\/\/muralunique.com\/?post_type=product&#038;p=9043"},"modified":"2022-04-16T19:43:41","modified_gmt":"2022-04-16T23:43:41","slug":"lheure-du-lunch","status":"publish","type":"product","link":"https:\/\/www.muralunique.com\/fr\/produit\/lheure-du-lunch\/","title":{"rendered":"L&#8217;heure du Lunch"},"content":{"rendered":"<p>-Murale de &#8220;Lunch atop a Skyscraper&#8221; (de l&#8217;anglais signifiant litt\u00e9ralement &#8220;d\u00e9jeuner au sommet d&#8217;un gratte ciel&#8221;). Cette image est une photographie c\u00e9l\u00e8bre attribu\u00e9e parfois \u00e0 Charles Clyde Ebbets, prise en mille neuf cent trente-deux pendant la construction du RCA Building, qui est le principal b\u00e2timent du Rockefeller Center. La photo repr\u00e9sente onze ouvriers en train de d\u00e9jeuner, assis sur une poutre qui pend \u00e0 240 m\u00e8tres au-dessus du sol, sans la moindre s\u00e9curit\u00e9 (<a href=\"http:\/\/fr.wikipedia.org\/wiki\/Lunch_atop_a_Skyscraper\" rel=\"nofollow noopener\" target=\"_blank\">www.wikipedia.org<\/a>).<\/p>\n<p>-La murale comprend des laizes de 18&#8243; (45cm) de largeur. Par exemple, une murale de 6&#8242; (1,83m) de largeur a 4 laizes et une murale de 12&#8242; (3,66m) de largeur a 8 laizes.<\/p>\n<p>-Murale en papier\u00a0peint pr\u00e9encoll\u00e9e, lavable, s&#8217;enl\u00e8ve \u00e0 sec et r\u00e9utilisable. Facile \u00e0 installer, se pose comme du papier\u00a0peint (tapisserie).<\/p>\n<p>-Tel que vu \u00e0 l&#8217;\u00e9mission &#8220;<a href=\"http:\/\/www.canalvie.com\/emissions\/8-heures-pour-la-cause-1.1699506\" rel=\"nofollow noopener\" target=\"_blank\">8 heures pour la cause<\/a>&#8221; avec Chantal Lacroix \u00e0\u00a0<a href=\"http:\/\/www.canalvie.com\/\" rel=\"nofollow noopener\" target=\"_blank\">Canal Vie<\/a>.<\/p>\n<p>-murale l&#8217;heure du lunch, papier peint l&#8217;heure du lunch, murale Lunch atop a Skyscraper, papier peint Lunch atop a Skyscraper, tapisserie l&#8217;heure du lunch<\/p>\n","protected":false},"excerpt":{"rendered":"<p>-Murale de &#8220;Lunch atop a Skyscraper&#8221; (de l&#8217;anglais signifiant litt\u00e9ralement &#8220;d\u00e9jeuner au sommet d&#8217;un gratte ciel&#8221;). Cette image est une photographie c\u00e9l\u00e8bre attribu\u00e9e parfois \u00e0 Charles Clyde Ebbets, prise en mille neuf cent trente-deux pendant la construction du RCA Building, qui est le principal b\u00e2timent du Rockefeller Center. La photo repr\u00e9sente onze ouvriers en train [&hellip;]<\/p>\n","protected":false},"featured_media":9044,"template":"","meta":{"_acf_changed":false},"product_brand":[203],"product_cat":[166,401,163],"product_tag":[8920,9499,9170,9226,9544,8741],"class_list":{"0":"post-9043","1":"product","2":"type-product","3":"status-publish","4":"has-post-thumbnail","6":"product_brand-muralunique-com","7":"product_cat-scenes-urbaines-villes","8":"product_cat-tous-nos-produits","9":"product_cat-trompe-loeil","10":"product_tag-construction-fr","11":"product_tag-etats-unis","12":"product_tag-manhattan-fr","13":"product_tag-new-york-fr","14":"product_tag-travailleurs-fr","15":"product_tag-usa-fr","17":"first","18":"instock","19":"taxable","20":"shipping-taxable","21":"purchasable","22":"product-type-variable","23":"has-default-attributes"},"acf":[],"_links":{"self":[{"href":"https:\/\/www.muralunique.com\/fr\/wp-json\/wp\/v2\/product\/9043","targetHints":{"allow":["GET"]}}],"collection":[{"href":"https:\/\/www.muralunique.com\/fr\/wp-json\/wp\/v2\/product"}],"about":[{"href":"https:\/\/www.muralunique.com\/fr\/wp-json\/wp\/v2\/types\/product"}],"wp:featuredmedia":[{"embeddable":true,"href":"https:\/\/www.muralunique.com\/fr\/wp-json\/wp\/v2\/media\/9044"}],"wp:attachment":[{"href":"https:\/\/www.muralunique.com\/fr\/wp-json\/wp\/v2\/media?parent=9043"}],"wp:term":[{"taxonomy":"product_brand","embeddable":true,"href":"https:\/\/www.muralunique.com\/fr\/wp-json\/wp\/v2\/product_brand?post=9043"},{"taxonomy":"product_cat","embeddable":true,"href":"https:\/\/www.muralunique.com\/fr\/wp-json\/wp\/v2\/product_cat?post=9043"},{"taxonomy":"product_tag","embeddable":true,"href":"https:\/\/www.muralunique.com\/fr\/wp-json\/wp\/v2\/product_tag?post=9043"}],"curies":[{"name":"wp","href":"https:\/\/api.w.org\/{rel}","templated":true}]}}