{"id":9058,"date":"2017-01-03T11:13:30","date_gmt":"2017-01-03T11:13:30","guid":{"rendered":"https:\/\/muralunique.com\/?post_type=product&#038;p=9058"},"modified":"2021-07-29T19:04:52","modified_gmt":"2021-07-29T23:04:52","slug":"tourbillon-du-bouclier-canadien-noir-et-blanc","status":"publish","type":"product","link":"https:\/\/www.muralunique.com\/fr\/produit\/tourbillon-du-bouclier-canadien-noir-et-blanc\/","title":{"rendered":"Tourbillon du Bouclier Canadien (Noir et Blanc)"},"content":{"rendered":"<p>-Murale en papier peint en noir et blanc d&#8217;une formation de roc du Bouclier Canadien (photo murale). Cette murale de texture en ultra haute r\u00e9solution transformera votre int\u00e9rieur en un clin d&#8217;oeil.<\/p>\n<p>-La qualit\u00e9 (r\u00e9solution) de cette image est exceptionnelle (950 M\u00e9gaPixels).<\/p>\n<p>-La murale comprend des laizes de 18&#8243; (45cm) de largeur. Par exemple, une murale de 6&#8242; (1,83m) de largeur a 4 laizes et une murale de 12&#8242; (3,66m) de largeur a 8 laizes.<\/p>\n<p>-Murale en papier\u00a0peint pr\u00e9encoll\u00e9e, lavable, s&#8217;enl\u00e8ve \u00e0 sec et r\u00e9utilisable. Facile \u00e0 installer, se pose comme du papier\u00a0peint (tapisserie).<\/p>\n<p>-Photographie de Donn Petelka. Vous pouvez obtenir plus d&#8217;informations \u00e0 cette adresse:\u00a0<a href=\"mailto:donnpetelka@gmail.com\" target=\"_blank\" rel=\"noopener noreferrer\">donnpetelka@gmail.com<\/a>.<\/p>\n<p>-murale pierre, murale roc, murale en papier peint de texture, papier peint texture de roc, murale en noir et blanc<\/p>\n","protected":false},"excerpt":{"rendered":"<p>-Murale en papier peint en noir et blanc d&#8217;une formation de roc du Bouclier Canadien (photo murale). Cette murale de texture en ultra haute r\u00e9solution transformera votre int\u00e9rieur en un clin d&#8217;oeil. -La qualit\u00e9 (r\u00e9solution) de cette image est exceptionnelle (950 M\u00e9gaPixels). -La murale comprend des laizes de 18&#8243; (45cm) de largeur. Par exemple, une [&hellip;]<\/p>\n","protected":false},"featured_media":9059,"template":"","meta":{"_acf_changed":false},"product_brand":[197],"product_cat":[169,401,163,427],"product_tag":[8921,9515,9418,9416,9332,9333,9447,9448,9436,9612,9485],"class_list":{"0":"post-9058","1":"product","2":"type-product","3":"status-publish","4":"has-post-thumbnail","6":"artist-donn-petelka-fr","7":"product_brand-donn-petelka-2","8":"product_cat-textures-2","9":"product_cat-tous-nos-produits","10":"product_cat-trompe-loeil","11":"product_cat-ultra-haute-d-finition-photos","12":"product_tag-contemporain","13":"product_tag-mur","14":"product_tag-mur-de-pierres","15":"product_tag-pierre","16":"product_tag-roc-fr","17":"product_tag-rocher-fr","18":"product_tag-texture-fr","19":"product_tag-texture-fr-2","20":"product_tag-tourbillon","21":"product_tag-trompe-loeil-fr","22":"product_tag-trompe-oeil-fr","24":"first","25":"instock","26":"taxable","27":"shipping-taxable","28":"purchasable","29":"product-type-variable","30":"has-default-attributes"},"acf":[],"_links":{"self":[{"href":"https:\/\/www.muralunique.com\/fr\/wp-json\/wp\/v2\/product\/9058","targetHints":{"allow":["GET"]}}],"collection":[{"href":"https:\/\/www.muralunique.com\/fr\/wp-json\/wp\/v2\/product"}],"about":[{"href":"https:\/\/www.muralunique.com\/fr\/wp-json\/wp\/v2\/types\/product"}],"wp:featuredmedia":[{"embeddable":true,"href":"https:\/\/www.muralunique.com\/fr\/wp-json\/wp\/v2\/media\/9059"}],"wp:attachment":[{"href":"https:\/\/www.muralunique.com\/fr\/wp-json\/wp\/v2\/media?parent=9058"}],"wp:term":[{"taxonomy":"product_brand","embeddable":true,"href":"https:\/\/www.muralunique.com\/fr\/wp-json\/wp\/v2\/product_brand?post=9058"},{"taxonomy":"product_cat","embeddable":true,"href":"https:\/\/www.muralunique.com\/fr\/wp-json\/wp\/v2\/product_cat?post=9058"},{"taxonomy":"product_tag","embeddable":true,"href":"https:\/\/www.muralunique.com\/fr\/wp-json\/wp\/v2\/product_tag?post=9058"}],"curies":[{"name":"wp","href":"https:\/\/api.w.org\/{rel}","templated":true}]}}