{"id":9072,"date":"2017-01-04T13:56:48","date_gmt":"2017-01-04T13:56:48","guid":{"rendered":"https:\/\/muralunique.com\/?post_type=product&#038;p=9072"},"modified":"2025-10-23T09:12:54","modified_gmt":"2025-10-23T13:12:54","slug":"vieille-bibliotheque","status":"publish","type":"product","link":"https:\/\/www.muralunique.com\/fr\/produit\/vieille-bibliotheque\/","title":{"rendered":"Vieille Biblioth\u00e8que"},"content":{"rendered":"<p>-Murale en papier peint trompe l&#8217;oeil d&#8217;une vieille biblioth\u00e8que. Donnez de la personnalit\u00e9 \u00e0 votre int\u00e9rieur avec cette magnifique murale trompe l&#8217;oeil.<\/p>\n<p><strong>-Cette murale peut \u00eatre r\u00e9p\u00e9t\u00e9e horizontalement.<\/strong><\/p>\n<p>-La murale comprend des laizes de 18\u2033 (45cm) de largeur. Par exemple, une murale de 6\u2032 (1,83m) de largeur a 4 laizes et une murale de 12\u2032 (3,66m) de largeur a 8 laizes.<\/p>\n<p>-Murale en papier\u00a0peint pr\u00e9encoll\u00e9e, lavable, s\u2019enl\u00e8ve \u00e0 sec et r\u00e9utilisable. Facile \u00e0 installer, se pose comme du papier\u00a0peint (tapisserie).<\/p>\n<p>-murale vieille biblioth\u00e8que, papier peint vieille biblioth\u00e8que, murale biblioth\u00e8que, papier peint biblioth\u00e8que, murale livres<\/p>\n<p>&nbsp;<\/p>\n","protected":false},"excerpt":{"rendered":"<p>-Murale en papier peint trompe l&#8217;oeil d&#8217;une vieille biblioth\u00e8que. Donnez de la personnalit\u00e9 \u00e0 votre int\u00e9rieur avec cette magnifique murale trompe l&#8217;oeil. -Cette murale peut \u00eatre r\u00e9p\u00e9t\u00e9e horizontalement. -La murale comprend des laizes de 18\u2033 (45cm) de largeur. Par exemple, une murale de 6\u2032 (1,83m) de largeur a 4 laizes et une murale de 12\u2032 [&hellip;]<\/p>\n","protected":false},"featured_media":58361,"template":"","meta":{"_acf_changed":false},"product_brand":[203],"product_cat":[367,401,163],"product_tag":[8835,10110,10111,9149,8834,8836,9483,9482,9485,9234],"class_list":{"0":"post-9072","1":"product","2":"type-product","3":"status-publish","4":"has-post-thumbnail","6":"product_brand-muralunique-com","7":"product_cat-murales-en-r-p-tition","8":"product_cat-tous-nos-produits","9":"product_cat-trompe-loeil","10":"product_tag-bibliotheque","11":"product_tag-etagere","12":"product_tag-etageres-fr","13":"product_tag-librairie","14":"product_tag-livre","15":"product_tag-livres","16":"product_tag-trompe-l-oeil","17":"product_tag-trompe-loeil","18":"product_tag-trompe-oeil-fr","19":"product_tag-vieux","21":"first","22":"instock","23":"taxable","24":"shipping-taxable","25":"purchasable","26":"product-type-variable","27":"has-default-attributes"},"acf":[],"_links":{"self":[{"href":"https:\/\/www.muralunique.com\/fr\/wp-json\/wp\/v2\/product\/9072","targetHints":{"allow":["GET"]}}],"collection":[{"href":"https:\/\/www.muralunique.com\/fr\/wp-json\/wp\/v2\/product"}],"about":[{"href":"https:\/\/www.muralunique.com\/fr\/wp-json\/wp\/v2\/types\/product"}],"wp:featuredmedia":[{"embeddable":true,"href":"https:\/\/www.muralunique.com\/fr\/wp-json\/wp\/v2\/media\/58361"}],"wp:attachment":[{"href":"https:\/\/www.muralunique.com\/fr\/wp-json\/wp\/v2\/media?parent=9072"}],"wp:term":[{"taxonomy":"product_brand","embeddable":true,"href":"https:\/\/www.muralunique.com\/fr\/wp-json\/wp\/v2\/product_brand?post=9072"},{"taxonomy":"product_cat","embeddable":true,"href":"https:\/\/www.muralunique.com\/fr\/wp-json\/wp\/v2\/product_cat?post=9072"},{"taxonomy":"product_tag","embeddable":true,"href":"https:\/\/www.muralunique.com\/fr\/wp-json\/wp\/v2\/product_tag?post=9072"}],"curies":[{"name":"wp","href":"https:\/\/api.w.org\/{rel}","templated":true}]}}