{"id":91092,"date":"2024-08-05T14:57:49","date_gmt":"2024-08-05T18:57:49","guid":{"rendered":"https:\/\/www.muralunique.com\/?post_type=product&#038;p=91092"},"modified":"2024-08-05T15:43:22","modified_gmt":"2024-08-05T19:43:22","slug":"geometrie-doree","status":"publish","type":"product","link":"https:\/\/www.muralunique.com\/fr\/produit\/geometrie-doree\/","title":{"rendered":"G\u00e9om\u00e9trie Dor\u00e9e"},"content":{"rendered":"<p>-Cette murale pr\u00e9sente un design g\u00e9om\u00e9trique fascinant avec une palette de couleurs raffin\u00e9es, allant du vert profond au gris subtil, en passant par le noir \u00e9l\u00e9gant et le dor\u00e9 \u00e9clatant. Les formes g\u00e9om\u00e9triques s&#8217;entrelacent harmonieusement, cr\u00e9ant une composition sophistiqu\u00e9e qui transforme n&#8217;importe quel mur en une \u0153uvre d&#8217;art moderne. Parfait pour ceux qui cherchent \u00e0 ajouter une touche de luxe et de modernit\u00e9 \u00e0 leur int\u00e9rieur, ce papier peint ajoute une dimension visuelle captivante et un charme intemporel \u00e0 tout espace.<\/p>\n<p>-La murale comprend des laizes de 18\u2033 (45cm) de largeur. Par exemple, une murale de 6\u2032 (1,83m) de largeur a 4 laizes et une murale de 12\u2032 (3,66m) de largeur a 8 laizes.<\/p>\n<p>-Murale en papier\u00a0peint pr\u00e9encoll\u00e9e, lavable, s\u2019enl\u00e8ve \u00e0 sec et r\u00e9utilisable. Facile \u00e0 installer, se pose comme du papier\u00a0peint (tapisserie).<\/p>\n<p>-murale g\u00e9om\u00e9trie dor\u00e9e, tapisserie g\u00e9om\u00e9trie dor\u00e9e, murale en papier peint g\u00e9om\u00e9trie dor\u00e9e, tapisserie murale g\u00e9om\u00e9trie dor\u00e9e, murale abstraite, tapisserie murale abstraite, papier peint abstrait<\/p>\n","protected":false},"excerpt":{"rendered":"<p>-Cette murale pr\u00e9sente un design g\u00e9om\u00e9trique fascinant avec une palette de couleurs raffin\u00e9es, allant du vert profond au gris subtil, en passant par le noir \u00e9l\u00e9gant et le dor\u00e9 \u00e9clatant. Les formes g\u00e9om\u00e9triques s&#8217;entrelacent harmonieusement, cr\u00e9ant une composition sophistiqu\u00e9e qui transforme n&#8217;importe quel mur en une \u0153uvre d&#8217;art moderne. Parfait pour ceux qui cherchent \u00e0 [&hellip;]<\/p>\n","protected":false},"featured_media":91110,"template":"","meta":{"_acf_changed":false},"product_brand":[],"product_cat":[125,303,401],"product_tag":[8751,10068,9047,9049,9780],"class_list":{"0":"post-91092","1":"product","2":"type-product","3":"status-publish","4":"has-post-thumbnail","6":"product_cat-abstrait-et-geometrie","7":"product_cat-nouveautes","8":"product_cat-tous-nos-produits","9":"product_tag-abstrait","10":"product_tag-dore","11":"product_tag-geometrie","12":"product_tag-geometrique","13":"product_tag-or","15":"first","16":"instock","17":"taxable","18":"shipping-taxable","19":"purchasable","20":"product-type-variable","21":"has-default-attributes"},"acf":[],"_links":{"self":[{"href":"https:\/\/www.muralunique.com\/fr\/wp-json\/wp\/v2\/product\/91092","targetHints":{"allow":["GET"]}}],"collection":[{"href":"https:\/\/www.muralunique.com\/fr\/wp-json\/wp\/v2\/product"}],"about":[{"href":"https:\/\/www.muralunique.com\/fr\/wp-json\/wp\/v2\/types\/product"}],"wp:featuredmedia":[{"embeddable":true,"href":"https:\/\/www.muralunique.com\/fr\/wp-json\/wp\/v2\/media\/91110"}],"wp:attachment":[{"href":"https:\/\/www.muralunique.com\/fr\/wp-json\/wp\/v2\/media?parent=91092"}],"wp:term":[{"taxonomy":"product_brand","embeddable":true,"href":"https:\/\/www.muralunique.com\/fr\/wp-json\/wp\/v2\/product_brand?post=91092"},{"taxonomy":"product_cat","embeddable":true,"href":"https:\/\/www.muralunique.com\/fr\/wp-json\/wp\/v2\/product_cat?post=91092"},{"taxonomy":"product_tag","embeddable":true,"href":"https:\/\/www.muralunique.com\/fr\/wp-json\/wp\/v2\/product_tag?post=91092"}],"curies":[{"name":"wp","href":"https:\/\/api.w.org\/{rel}","templated":true}]}}