{"id":91204,"date":"2024-08-08T11:26:32","date_gmt":"2024-08-08T15:26:32","guid":{"rendered":"https:\/\/www.muralunique.com\/?post_type=product&#038;p=91204"},"modified":"2024-08-08T11:53:48","modified_gmt":"2024-08-08T15:53:48","slug":"brume-des-prairies","status":"publish","type":"product","link":"https:\/\/www.muralunique.com\/fr\/produit\/brume-des-prairies\/","title":{"rendered":"Brume des Prairies"},"content":{"rendered":"<p>-Cette murale capture la beaut\u00e9 tranquille d&#8217;une prairie baign\u00e9e dans une douce lumi\u00e8re diffuse. Les brins d&#8217;herbe, l\u00e9gers et a\u00e9riens, se balancent doucement sous l&#8217;effet d&#8217;une brise subtile, cr\u00e9ant une atmosph\u00e8re apaisante et sereine. Les tons neutres et les textures d\u00e9licates invitent \u00e0 la d\u00e9tente, transformant n&#8217;importe quel espace en un havre de paix naturel.<\/p>\n<p>-La murale comprend des laizes de 18\u2033 (45cm) de largeur. Par exemple, une murale de 6\u2032 (1,83m) de largeur a 4 laizes et une murale de 12\u2032 (3,66m) de largeur a 8 laizes.<\/p>\n<p>-Murale en papier\u00a0peint pr\u00e9encoll\u00e9e, lavable, s\u2019enl\u00e8ve \u00e0 sec et r\u00e9utilisable. Facile \u00e0 installer, se pose comme du papier\u00a0peint (tapisserie).<\/p>\n<p>-murale brume des prairies, tapisserie murale brume des prairies, papier peint brume des prairies, murale en papier peint brume des prairies, murale de feuillage, tapisserie murale de feuillage, papier peint de feuillage<\/p>\n","protected":false},"excerpt":{"rendered":"<p>-Cette murale capture la beaut\u00e9 tranquille d&#8217;une prairie baign\u00e9e dans une douce lumi\u00e8re diffuse. Les brins d&#8217;herbe, l\u00e9gers et a\u00e9riens, se balancent doucement sous l&#8217;effet d&#8217;une brise subtile, cr\u00e9ant une atmosph\u00e8re apaisante et sereine. Les tons neutres et les textures d\u00e9licates invitent \u00e0 la d\u00e9tente, transformant n&#8217;importe quel espace en un havre de paix naturel. [&hellip;]<\/p>\n","protected":false},"featured_media":91223,"template":"","meta":{"_acf_changed":false},"product_brand":[],"product_cat":[150,303,401],"product_tag":[8864,9014,9006,9063,9261,9413,9414,9467],"class_list":{"0":"post-91204","1":"product","2":"type-product","3":"status-publish","4":"has-post-thumbnail","6":"product_cat-fleurs-et-feuillages","7":"product_cat-nouveautes","8":"product_cat-tous-nos-produits","9":"product_tag-calme","10":"product_tag-feuillage","11":"product_tag-floral-fr","12":"product_tag-gazon","13":"product_tag-paisible","14":"product_tag-tige","15":"product_tag-tiges","16":"product_tag-tranquilite","18":"first","19":"instock","20":"taxable","21":"shipping-taxable","22":"purchasable","23":"product-type-variable","24":"has-default-attributes"},"acf":[],"_links":{"self":[{"href":"https:\/\/www.muralunique.com\/fr\/wp-json\/wp\/v2\/product\/91204","targetHints":{"allow":["GET"]}}],"collection":[{"href":"https:\/\/www.muralunique.com\/fr\/wp-json\/wp\/v2\/product"}],"about":[{"href":"https:\/\/www.muralunique.com\/fr\/wp-json\/wp\/v2\/types\/product"}],"wp:featuredmedia":[{"embeddable":true,"href":"https:\/\/www.muralunique.com\/fr\/wp-json\/wp\/v2\/media\/91223"}],"wp:attachment":[{"href":"https:\/\/www.muralunique.com\/fr\/wp-json\/wp\/v2\/media?parent=91204"}],"wp:term":[{"taxonomy":"product_brand","embeddable":true,"href":"https:\/\/www.muralunique.com\/fr\/wp-json\/wp\/v2\/product_brand?post=91204"},{"taxonomy":"product_cat","embeddable":true,"href":"https:\/\/www.muralunique.com\/fr\/wp-json\/wp\/v2\/product_cat?post=91204"},{"taxonomy":"product_tag","embeddable":true,"href":"https:\/\/www.muralunique.com\/fr\/wp-json\/wp\/v2\/product_tag?post=91204"}],"curies":[{"name":"wp","href":"https:\/\/api.w.org\/{rel}","templated":true}]}}