{"id":91622,"date":"2024-08-21T10:24:36","date_gmt":"2024-08-21T14:24:36","guid":{"rendered":"https:\/\/www.muralunique.com\/?post_type=product&#038;p=91622"},"modified":"2024-08-22T11:23:48","modified_gmt":"2024-08-22T15:23:48","slug":"porte-elisabeth","status":"publish","type":"product","link":"https:\/\/www.muralunique.com\/fr\/produit\/porte-elisabeth\/","title":{"rendered":"Porte \u00c9lisabeth"},"content":{"rendered":"<p>Nos murales de portes \u00ab <strong>Portes-Unique-Doors<\/strong> \u00bb sont pr\u00e9encoll\u00e9es et tr\u00e8s faciles \u00e0 installer. Il s\u2019agit de les tremper dans l\u2019eau pour activer la colle. Votre murale arrivera pr\u00e9d\u00e9coup\u00e9e et pr\u00eate \u00e0 \u00eatre appliqu\u00e9e sur la porte. Vous n\u2019avez qu\u2019\u00e0 nous envoyer la largeur et la hauteur de <span class=\"Y2IQFc\" lang=\"fr\">votre\/vos porte(s)<\/span> et nous ferons les ajustements n\u00e9cessaires pour une installation facile.<\/p>\n<p id=\"tw-target-text\" class=\"tw-data-text tw-text-large tw-ta\" dir=\"ltr\" data-placeholder=\"Translation\" aria-label=\"Translated text\" data-ved=\"2ahUKEwjS1aHFloSIAxXBlIkEHc6JOqAQ3ewLegQIBxAU\"><strong><span class=\"Y2IQFc\" lang=\"fr\">**Lorsque vous passez votre commande, veuillez entrer la\/les dimension(s) exacte(s) de votre\/vos porte(s) dans la section \u00ab Notes de commande \u00bb. Le prix g\u00e9n\u00e9ral de 215$ s&#8217;applique pour les portes mesurant entre 28&#8243; et 48&#8243; en largeur et entre 70&#8243; et 84&#8243; en hauteur. Veuillez <a href=\"\/fr\/contact\/\">nous contacter<\/a> pour un prix pour une taille diff\u00e9rente.<\/span><\/strong><\/p>\n<p id=\"tw-target-text\" class=\"tw-data-text tw-text-large tw-ta\" dir=\"ltr\" data-placeholder=\"Translation\" aria-label=\"Translated text\" data-ved=\"2ahUKEwiTxLz6nOaHAxWEFlkFHbOOMFwQ3ewLegQIBxAU\"><strong>Ce que vous avez besoin comme outils?<\/strong><\/p>\n<ul>\n<li>Un bac \u00e0 eau en plastique, ou une baignoire, ou une \u00e9ponge gorg\u00e9e d\u2019eau<\/li>\n<li>Un exacto fin \u00e0 lames cassables, pour d\u00e9couper le(s) trou(s) de la poign\u00e9e de porte ou du loquais<\/li>\n<li>Un lissoir \u00e0 papier peint avec \u00e9ponge<\/li>\n<li>Une r\u00e8gle de m\u00e9tal (si vous avez du d\u00e9coupage non pr\u00e9vu \u00e0 faire)<\/li>\n<li>Un linge mouill\u00e9<\/li>\n<li>Deux vieilles serviettes ou une b\u00e2che pour absorber les r\u00e9sidus d\u2019eau au moment de l\u2019installation. \u00c0 mettre sous le bac \u00e0 eau et sous la porte.<\/li>\n<\/ul>\n<p><strong>Comment proc\u00e9der?<\/strong><\/p>\n<p><strong>\u00c9tape 1:<\/strong> On vous sugg\u00e8re de bien nettoyer la porte avec de l\u2019alcool pour enlever tout r\u00e9sidus ou marques de doigt avant l\u2019installation. **Il est aussi plus facile de faire l\u2019installation si la poign\u00e9e et le loquais de la porte sont retir\u00e9s. **Optionnel : L\u2019ajout d\u2019un appr\u00eat Roman Pro-999 est fortement recommand\u00e9 avant l\u2019installation de votre\/vos murale(s) (mais pas absolument n\u00e9cessaire). Cet appr\u00eat vous facilitera l\u2019installation et assura une plus grande adh\u00e9rence. Il est inodore et sera sec en une heure suite \u00e0 son application.<\/p>\n<p><strong>\u00c9tape 2: <\/strong>Tremper le panneau en entier dans le bac \u00e0 eau pendant 20 secondes, le c\u00f4t\u00e9 imprim\u00e9 \u00e0 l\u2019int\u00e9rieur. Puis sortir le panneau lentement et d\u00e9licatement de l\u2019eau pour l\u2019appliquer sur la porte.<\/p>\n<p><strong>\u00c9tape 3:<\/strong> Appliquer le panneau sur la porte en laissant 1\/8\u2019\u2019 d\u2019aisance tout le tour de la porte.<\/p>\n<p><strong>\u00c9tape 4: <\/strong>Passez le lissoir pour enlever les grosses bulles. Il est normal qu\u2019il vous reste des petites bulles ou de petits plis apr\u00e8s l\u2019installation. Le papier est compos\u00e9 de 85% de pulpe de bois naturelle. Lorsque la pulpe de bois est hydrat\u00e9e, le papier prend 2% d\u2019expansion en largeur seulement. Par contre, au s\u00e9chage, le papier r\u00e9tr\u00e9cira de 1% pour enlever toutes les petites bulles ou plis apr\u00e8s 12 heures de s\u00e9chage.<\/p>\n<p><strong>\u00c9tape 5:<\/strong> Vous n\u2019avez qu\u2019\u00e0 faire le trou de la poign\u00e9e de porte avec le couteau et r\u00e9installer la poign\u00e9e de porte.<\/p>\n","protected":false},"excerpt":{"rendered":"<p>Nos murales de portes \u00ab Portes-Unique-Doors \u00bb sont pr\u00e9encoll\u00e9es et tr\u00e8s faciles \u00e0 installer. Il s\u2019agit de les tremper dans l\u2019eau pour activer la colle. Votre murale arrivera pr\u00e9d\u00e9coup\u00e9e et pr\u00eate \u00e0 \u00eatre appliqu\u00e9e sur la porte. Vous n\u2019avez qu\u2019\u00e0 nous envoyer la largeur et la hauteur de votre\/vos porte(s) et nous ferons les ajustements [&hellip;]<\/p>\n","protected":false},"featured_media":92534,"template":"","meta":{"_acf_changed":false},"product_brand":[],"product_cat":[10433],"product_tag":[],"class_list":{"0":"post-91622","1":"product","2":"type-product","3":"status-publish","4":"has-post-thumbnail","6":"product_cat-portes","8":"first","9":"instock","10":"taxable","11":"shipping-taxable","12":"purchasable","13":"product-type-variable","14":"has-default-attributes"},"acf":[],"_links":{"self":[{"href":"https:\/\/www.muralunique.com\/fr\/wp-json\/wp\/v2\/product\/91622","targetHints":{"allow":["GET"]}}],"collection":[{"href":"https:\/\/www.muralunique.com\/fr\/wp-json\/wp\/v2\/product"}],"about":[{"href":"https:\/\/www.muralunique.com\/fr\/wp-json\/wp\/v2\/types\/product"}],"wp:featuredmedia":[{"embeddable":true,"href":"https:\/\/www.muralunique.com\/fr\/wp-json\/wp\/v2\/media\/92534"}],"wp:attachment":[{"href":"https:\/\/www.muralunique.com\/fr\/wp-json\/wp\/v2\/media?parent=91622"}],"wp:term":[{"taxonomy":"product_brand","embeddable":true,"href":"https:\/\/www.muralunique.com\/fr\/wp-json\/wp\/v2\/product_brand?post=91622"},{"taxonomy":"product_cat","embeddable":true,"href":"https:\/\/www.muralunique.com\/fr\/wp-json\/wp\/v2\/product_cat?post=91622"},{"taxonomy":"product_tag","embeddable":true,"href":"https:\/\/www.muralunique.com\/fr\/wp-json\/wp\/v2\/product_tag?post=91622"}],"curies":[{"name":"wp","href":"https:\/\/api.w.org\/{rel}","templated":true}]}}