{"id":9235,"date":"2017-03-13T17:26:44","date_gmt":"2017-03-13T17:26:44","guid":{"rendered":"https:\/\/muralunique.com\/?post_type=product&#038;p=9235"},"modified":"2022-05-27T17:40:27","modified_gmt":"2022-05-27T21:40:27","slug":"pica-so","status":"publish","type":"product","link":"https:\/\/www.muralunique.com\/fr\/produit\/pica-so\/","title":{"rendered":"Pica-So"},"content":{"rendered":"<p>-Magnifique murale en papier peint de style Pica-so. Designs modernes, abstraits et color\u00e9s.<\/p>\n<p>-La murale comprend des laizes de 18\u2033 (45cm) de largeur. Par exemple, une murale de 6\u2032 (1,83m) de largeur a 4 laizes et une murale de 12\u2032 (3,66m) de largeur a 8 laizes.<\/p>\n<p>-Murale en papier\u00a0peint pr\u00e9encoll\u00e9e, lavable, s\u2019enl\u00e8ve \u00e0 sec et r\u00e9utilisable. Facile \u00e0 installer, se pose comme du papier\u00a0peint (tapisserie).<\/p>\n<p>-murale Picasso, murale en papier peint Picasso, papier peint Picasso, murale abstraite, murale abstraite Picasso<\/p>\n","protected":false},"excerpt":{"rendered":"<p>-Magnifique murale en papier peint de style Pica-so. Designs modernes, abstraits et color\u00e9s. -La murale comprend des laizes de 18\u2033 (45cm) de largeur. Par exemple, une murale de 6\u2032 (1,83m) de largeur a 4 laizes et une murale de 12\u2032 (3,66m) de largeur a 8 laizes. -Murale en papier\u00a0peint pr\u00e9encoll\u00e9e, lavable, s\u2019enl\u00e8ve \u00e0 sec et [&hellip;]<\/p>\n","protected":false},"featured_media":64854,"template":"","meta":{"_acf_changed":false},"product_brand":[203],"product_cat":[125,131,10297,305,401],"product_tag":[8751,9441,9442,8921,9047,9049,9187,8824],"class_list":{"0":"post-9235","1":"product","2":"type-product","3":"status-publish","4":"has-post-thumbnail","6":"product_brand-muralunique-com","7":"product_cat-abstrait-et-geometrie","8":"product_cat-adolescents","9":"product_cat-inspiration-artistique","10":"product_cat-produits-vedettes","11":"product_cat-tous-nos-produits","12":"product_tag-abstrait","13":"product_tag-ado","14":"product_tag-adolescents","15":"product_tag-contemporain","16":"product_tag-geometrie","17":"product_tag-geometrique","18":"product_tag-moderne","19":"product_tag-oiseaux","21":"first","22":"instock","23":"taxable","24":"shipping-taxable","25":"purchasable","26":"product-type-variable","27":"has-default-attributes"},"acf":[],"_links":{"self":[{"href":"https:\/\/www.muralunique.com\/fr\/wp-json\/wp\/v2\/product\/9235","targetHints":{"allow":["GET"]}}],"collection":[{"href":"https:\/\/www.muralunique.com\/fr\/wp-json\/wp\/v2\/product"}],"about":[{"href":"https:\/\/www.muralunique.com\/fr\/wp-json\/wp\/v2\/types\/product"}],"wp:featuredmedia":[{"embeddable":true,"href":"https:\/\/www.muralunique.com\/fr\/wp-json\/wp\/v2\/media\/64854"}],"wp:attachment":[{"href":"https:\/\/www.muralunique.com\/fr\/wp-json\/wp\/v2\/media?parent=9235"}],"wp:term":[{"taxonomy":"product_brand","embeddable":true,"href":"https:\/\/www.muralunique.com\/fr\/wp-json\/wp\/v2\/product_brand?post=9235"},{"taxonomy":"product_cat","embeddable":true,"href":"https:\/\/www.muralunique.com\/fr\/wp-json\/wp\/v2\/product_cat?post=9235"},{"taxonomy":"product_tag","embeddable":true,"href":"https:\/\/www.muralunique.com\/fr\/wp-json\/wp\/v2\/product_tag?post=9235"}],"curies":[{"name":"wp","href":"https:\/\/api.w.org\/{rel}","templated":true}]}}