{"id":9243,"date":"2017-03-15T11:17:40","date_gmt":"2017-03-15T11:17:40","guid":{"rendered":"https:\/\/muralunique.com\/?post_type=product&#038;p=9243"},"modified":"2025-09-30T16:20:13","modified_gmt":"2025-09-30T20:20:13","slug":"carte-du-monde-version-francaise-en-sepia","status":"publish","type":"product","link":"https:\/\/www.muralunique.com\/fr\/produit\/carte-du-monde-version-francaise-en-sepia\/","title":{"rendered":"Carte du Monde (Version Fran\u00e7aise) en s\u00e9pia"},"content":{"rendered":"<p>-Murale en papier peint d&#8217;une carte du monde (version fran\u00e7aise) en s\u00e9pia.<\/p>\n<p>-La murale comprend des laizes de 18\u2033 (45cm) de largeur. Par exemple, une murale de 6\u2032 (1,83m) de largeur a 4 laizes et une murale de 12\u2032 (3,66m) de largeur a 8 laizes.<\/p>\n<p>-Murale en papier\u00a0peint pr\u00e9encoll\u00e9e, lavable, s\u2019enl\u00e8ve \u00e0 sec et r\u00e9utilisable. Facile \u00e0 installer, se pose comme du papier\u00a0peint (tapisserie).<\/p>\n<p>-Cette carte est tir\u00e9e de l&#8217;Atlas du Canada <a href=\"http:\/\/atlas.gc.ca\" rel=\"nofollow noopener\" target=\"_blank\">http:\/\/atlas.gc.ca<\/a>. Donn\u00e9es reproduites en vertu d&#8217;une licence de Sa Majest\u00e9 la Reine du chef du Canada, avec la permission de Ressources naturelles Canada.<\/p>\n<p>-murale carte du monde en s\u00e9pia, papier peint carte du monde en s\u00e9pia, murale en papier peint carte du monde en s\u00e9pia, tapisserie carte du monde en s\u00e9pia, murale carte g\u00e9ographique<\/p>\n<p>&nbsp;<\/p>\n<p>&nbsp;<\/p>\n","protected":false},"excerpt":{"rendered":"<p>-Murale en papier peint d&#8217;une carte du monde (version fran\u00e7aise) en s\u00e9pia. -La murale comprend des laizes de 18\u2033 (45cm) de largeur. Par exemple, une murale de 6\u2032 (1,83m) de largeur a 4 laizes et une murale de 12\u2032 (3,66m) de largeur a 8 laizes. -Murale en papier\u00a0peint pr\u00e9encoll\u00e9e, lavable, s\u2019enl\u00e8ve \u00e0 sec et r\u00e9utilisable. [&hellip;]<\/p>\n","protected":false},"featured_media":9244,"template":"","meta":{"_acf_changed":false},"product_brand":[203],"product_cat":[160,305,401,427],"product_tag":[8787,9171,9546,9172,9547,8963,8962,9046,9045,9545,8924,8925],"class_list":{"0":"post-9243","1":"product","2":"type-product","3":"status-publish","4":"has-post-thumbnail","6":"product_brand-muralunique-com","7":"product_cat-cartes-et-drapeaux","8":"product_cat-produits-vedettes","9":"product_cat-tous-nos-produits","10":"product_cat-ultra-haute-d-finition-photos","11":"product_tag-atlas-fr","12":"product_tag-carte-fr","13":"product_tag-carte-du-monde","14":"product_tag-cartes","15":"product_tag-cartes-du-monde","16":"product_tag-educatif","17":"product_tag-education-fr","18":"product_tag-geographie","19":"product_tag-geographique","20":"product_tag-monde","21":"product_tag-pays","22":"product_tag-pays-fr","24":"first","25":"instock","26":"taxable","27":"shipping-taxable","28":"purchasable","29":"product-type-variable","30":"has-default-attributes"},"acf":[],"_links":{"self":[{"href":"https:\/\/www.muralunique.com\/fr\/wp-json\/wp\/v2\/product\/9243","targetHints":{"allow":["GET"]}}],"collection":[{"href":"https:\/\/www.muralunique.com\/fr\/wp-json\/wp\/v2\/product"}],"about":[{"href":"https:\/\/www.muralunique.com\/fr\/wp-json\/wp\/v2\/types\/product"}],"wp:featuredmedia":[{"embeddable":true,"href":"https:\/\/www.muralunique.com\/fr\/wp-json\/wp\/v2\/media\/9244"}],"wp:attachment":[{"href":"https:\/\/www.muralunique.com\/fr\/wp-json\/wp\/v2\/media?parent=9243"}],"wp:term":[{"taxonomy":"product_brand","embeddable":true,"href":"https:\/\/www.muralunique.com\/fr\/wp-json\/wp\/v2\/product_brand?post=9243"},{"taxonomy":"product_cat","embeddable":true,"href":"https:\/\/www.muralunique.com\/fr\/wp-json\/wp\/v2\/product_cat?post=9243"},{"taxonomy":"product_tag","embeddable":true,"href":"https:\/\/www.muralunique.com\/fr\/wp-json\/wp\/v2\/product_tag?post=9243"}],"curies":[{"name":"wp","href":"https:\/\/api.w.org\/{rel}","templated":true}]}}