{"id":92648,"date":"2024-09-17T10:29:37","date_gmt":"2024-09-17T14:29:37","guid":{"rendered":"https:\/\/www.muralunique.com\/?post_type=product&#038;p=92648"},"modified":"2024-09-17T11:10:16","modified_gmt":"2024-09-17T15:10:16","slug":"evasion-tropicale","status":"publish","type":"product","link":"https:\/\/www.muralunique.com\/fr\/produit\/evasion-tropicale\/","title":{"rendered":"\u00c9vasion Tropicale"},"content":{"rendered":"<p>-Une murale en papier peint tropicale vibrante mettant en sc\u00e8ne des flamants roses en plein vol sur un fond rose doux. De luxuriantes feuilles de palmier vertes et des d\u00e9tails tropicaux subtils ajoutent de la profondeur et du contraste, cr\u00e9ant une ambiance \u00e0 la fois sereine et vivante.<\/p>\n<p>-La murale comprend des laizes de 18\u2033 (45cm) de largeur. Par exemple, une murale de 6\u2032 (1,83m) de largeur a 4 laizes et une murale de 12\u2032 (3,66m) de largeur a 8 laizes.<\/p>\n<p>-Murale en papier\u00a0peint pr\u00e9encoll\u00e9e, lavable, s\u2019enl\u00e8ve \u00e0 sec et r\u00e9utilisable. Facile \u00e0 installer, se pose comme du papier\u00a0peint (tapisserie).<\/p>\n<p>-murale tropicale, tapisserie tropicale, murale en papier peint tropicale, murale tropicale rose, murale en papier peint tropicale rose, tapisserie tropicale, papier peint tropical, tapisserie murale papier peint tropicale rose<\/p>\n","protected":false},"excerpt":{"rendered":"<p>-Une murale en papier peint tropicale vibrante mettant en sc\u00e8ne des flamants roses en plein vol sur un fond rose doux. De luxuriantes feuilles de palmier vertes et des d\u00e9tails tropicaux subtils ajoutent de la profondeur et du contraste, cr\u00e9ant une ambiance \u00e0 la fois sereine et vivante. -La murale comprend des laizes de 18\u2033 [&hellip;]<\/p>\n","protected":false},"featured_media":92664,"template":"","meta":{"_acf_changed":false},"product_brand":[],"product_cat":[134,150,141,303,401],"product_tag":[8768,8769,8970,9014,9567,10559,10560,9219,9702,10138,9242,9137,9486],"class_list":{"0":"post-92648","1":"product","2":"type-product","3":"status-publish","4":"has-post-thumbnail","6":"product_cat-animaux","7":"product_cat-fleurs-et-feuillages","8":"product_cat-nature-et-paysages","9":"product_cat-nouveautes","10":"product_cat-tous-nos-produits","11":"product_tag-animal","12":"product_tag-animaux","13":"product_tag-exotique","14":"product_tag-feuillage","15":"product_tag-feuilles-de-palmier","16":"product_tag-flamant-rose","17":"product_tag-flamants-roses","18":"product_tag-nature-fr","19":"product_tag-palmier","20":"product_tag-palmier-fr","21":"product_tag-palmiers","22":"product_tag-paysage","23":"product_tag-tropical-fr","25":"first","26":"instock","27":"taxable","28":"shipping-taxable","29":"purchasable","30":"product-type-variable","31":"has-default-attributes"},"acf":[],"_links":{"self":[{"href":"https:\/\/www.muralunique.com\/fr\/wp-json\/wp\/v2\/product\/92648","targetHints":{"allow":["GET"]}}],"collection":[{"href":"https:\/\/www.muralunique.com\/fr\/wp-json\/wp\/v2\/product"}],"about":[{"href":"https:\/\/www.muralunique.com\/fr\/wp-json\/wp\/v2\/types\/product"}],"wp:featuredmedia":[{"embeddable":true,"href":"https:\/\/www.muralunique.com\/fr\/wp-json\/wp\/v2\/media\/92664"}],"wp:attachment":[{"href":"https:\/\/www.muralunique.com\/fr\/wp-json\/wp\/v2\/media?parent=92648"}],"wp:term":[{"taxonomy":"product_brand","embeddable":true,"href":"https:\/\/www.muralunique.com\/fr\/wp-json\/wp\/v2\/product_brand?post=92648"},{"taxonomy":"product_cat","embeddable":true,"href":"https:\/\/www.muralunique.com\/fr\/wp-json\/wp\/v2\/product_cat?post=92648"},{"taxonomy":"product_tag","embeddable":true,"href":"https:\/\/www.muralunique.com\/fr\/wp-json\/wp\/v2\/product_tag?post=92648"}],"curies":[{"name":"wp","href":"https:\/\/api.w.org\/{rel}","templated":true}]}}