{"id":9293,"date":"2017-04-03T18:19:50","date_gmt":"2017-04-03T18:19:50","guid":{"rendered":"https:\/\/muralunique.com\/?post_type=product&#038;p=9293"},"modified":"2022-02-14T11:34:35","modified_gmt":"2022-02-14T16:34:35","slug":"explosion-de-fleurs","status":"publish","type":"product","link":"https:\/\/www.muralunique.com\/fr\/produit\/explosion-de-fleurs\/","title":{"rendered":"Explosion de Fleurs"},"content":{"rendered":"<p>-Murale en papier peint color\u00e9e d&#8217;une aquarelle de fleurs.<\/p>\n<p>-La murale comprend des laizes de 18&#8243; (45cm) de largeur. Par exemple, une murale de 6&#8242; (1,83m) de largeur a 4 laizes et une murale de 12&#8242; (3,66m) de largeur a 8 laizes.<\/p>\n<p>-Murale en papier\u00a0peint pr\u00e9encoll\u00e9e, lavable, s&#8217;enl\u00e8ve \u00e0 sec et r\u00e9utilisable. Facile \u00e0 installer, se pose comme du papier\u00a0peint (tapisserie).<\/p>\n<p>-Murale exclusive et originale de Johanne P\u00e9pin.<\/p>\n<p>-murale en papier peint de fleurs, murale de fleurs, tapisserie de fleurs, papier peint pour enfants, murale pour enfants<\/p>\n","protected":false},"excerpt":{"rendered":"<p>-Murale en papier peint color\u00e9e d&#8217;une aquarelle de fleurs. -La murale comprend des laizes de 18&#8243; (45cm) de largeur. Par exemple, une murale de 6&#8242; (1,83m) de largeur a 4 laizes et une murale de 12&#8242; (3,66m) de largeur a 8 laizes. -Murale en papier\u00a0peint pr\u00e9encoll\u00e9e, lavable, s&#8217;enl\u00e8ve \u00e0 sec et r\u00e9utilisable. Facile \u00e0 installer, [&hellip;]<\/p>\n","protected":false},"featured_media":9294,"template":"","meta":{"_acf_changed":false},"product_brand":[133],"product_cat":[173,150,401,425],"product_tag":[9015,8791,8790,8894,8895,9009,9010,9006,9125],"class_list":{"0":"post-9293","1":"product","2":"type-product","3":"status-publish","4":"has-post-thumbnail","6":"artist-johanne-pepin-fr","7":"product_brand-johanne-pepin","8":"product_cat-enfants","9":"product_cat-fleurs-et-feuillages","10":"product_cat-tous-nos-produits","11":"product_cat-ultra-haute-d-finition-art","12":"product_tag-art-naif","13":"product_tag-bebe","14":"product_tag-bebes","15":"product_tag-enfant","16":"product_tag-enfants","17":"product_tag-fleur","18":"product_tag-fleurs","19":"product_tag-floral-fr","20":"product_tag-gamins","22":"first","23":"instock","24":"taxable","25":"shipping-taxable","26":"purchasable","27":"product-type-variable","28":"has-default-attributes"},"acf":[],"_links":{"self":[{"href":"https:\/\/www.muralunique.com\/fr\/wp-json\/wp\/v2\/product\/9293","targetHints":{"allow":["GET"]}}],"collection":[{"href":"https:\/\/www.muralunique.com\/fr\/wp-json\/wp\/v2\/product"}],"about":[{"href":"https:\/\/www.muralunique.com\/fr\/wp-json\/wp\/v2\/types\/product"}],"wp:featuredmedia":[{"embeddable":true,"href":"https:\/\/www.muralunique.com\/fr\/wp-json\/wp\/v2\/media\/9294"}],"wp:attachment":[{"href":"https:\/\/www.muralunique.com\/fr\/wp-json\/wp\/v2\/media?parent=9293"}],"wp:term":[{"taxonomy":"product_brand","embeddable":true,"href":"https:\/\/www.muralunique.com\/fr\/wp-json\/wp\/v2\/product_brand?post=9293"},{"taxonomy":"product_cat","embeddable":true,"href":"https:\/\/www.muralunique.com\/fr\/wp-json\/wp\/v2\/product_cat?post=9293"},{"taxonomy":"product_tag","embeddable":true,"href":"https:\/\/www.muralunique.com\/fr\/wp-json\/wp\/v2\/product_tag?post=9293"}],"curies":[{"name":"wp","href":"https:\/\/api.w.org\/{rel}","templated":true}]}}