{"id":92997,"date":"2024-10-07T11:00:34","date_gmt":"2024-10-07T15:00:34","guid":{"rendered":"https:\/\/www.muralunique.com\/?post_type=product&#038;p=92997"},"modified":"2024-10-07T11:52:09","modified_gmt":"2024-10-07T15:52:09","slug":"gravure-florale-vintage","status":"publish","type":"product","link":"https:\/\/www.muralunique.com\/fr\/produit\/gravure-florale-vintage\/","title":{"rendered":"Gravure Florale Vintage"},"content":{"rendered":"<p>-Cette murale en papier peint pr\u00e9sente un design floral vintage en noir et blanc. Le design met en sc\u00e8ne de grandes fleurs en pleine floraison, dont des roses et des chrysanth\u00e8mes, entour\u00e9es de feuilles luxuriantes et de tiges d\u00e9licates. Les lignes fines donnent \u00e0 l&#8217;ensemble une texture classique de gravure, cr\u00e9ant un motif \u00e0 la fois intemporel et \u00e9l\u00e9gant. La palette monochrome renforce le charme vintage, id\u00e9al pour apporter une touche de sophistication \u00e0 tout espace.<\/p>\n<p>-La murale comprend des laizes de 18\u2033 (45cm) de largeur. Par exemple, une murale de 6\u2032 (1,83m) de largeur a 4 laizes et une murale de 12\u2032 (3,66m) de largeur a 8 laizes.<\/p>\n<p>-Murale en papier\u00a0peint pr\u00e9encoll\u00e9e, lavable, s\u2019enl\u00e8ve \u00e0 sec et r\u00e9utilisable. Facile \u00e0 installer, se pose comme du papier\u00a0peint (tapisserie).<\/p>\n<p>-murale gravure florale vintage, tapisserie murale gravure florale vintage, tapisserie gravure florale vintage, murale en papier peint gravure florale vintage, murale florale vintage, tapisserie florale vintage, tapisserie murale florale vintage, murale en papier peint florale vintage<\/p>\n","protected":false},"excerpt":{"rendered":"<p>-Cette murale en papier peint pr\u00e9sente un design floral vintage en noir et blanc. Le design met en sc\u00e8ne de grandes fleurs en pleine floraison, dont des roses et des chrysanth\u00e8mes, entour\u00e9es de feuilles luxuriantes et de tiges d\u00e9licates. Les lignes fines donnent \u00e0 l&#8217;ensemble une texture classique de gravure, cr\u00e9ant un motif \u00e0 la [&hellip;]<\/p>\n","protected":false},"featured_media":93020,"template":"","meta":{"_acf_changed":false},"product_brand":[],"product_cat":[150,303,401],"product_tag":[9009,9010,9006,9617,9512],"class_list":{"0":"post-92997","1":"product","2":"type-product","3":"status-publish","4":"has-post-thumbnail","6":"product_cat-fleurs-et-feuillages","7":"product_cat-nouveautes","8":"product_cat-tous-nos-produits","9":"product_tag-fleur","10":"product_tag-fleurs","11":"product_tag-floral-fr","12":"product_tag-motif","13":"product_tag-vintage-fr","15":"first","16":"instock","17":"taxable","18":"shipping-taxable","19":"purchasable","20":"product-type-variable","21":"has-default-attributes"},"acf":[],"_links":{"self":[{"href":"https:\/\/www.muralunique.com\/fr\/wp-json\/wp\/v2\/product\/92997","targetHints":{"allow":["GET"]}}],"collection":[{"href":"https:\/\/www.muralunique.com\/fr\/wp-json\/wp\/v2\/product"}],"about":[{"href":"https:\/\/www.muralunique.com\/fr\/wp-json\/wp\/v2\/types\/product"}],"wp:featuredmedia":[{"embeddable":true,"href":"https:\/\/www.muralunique.com\/fr\/wp-json\/wp\/v2\/media\/93020"}],"wp:attachment":[{"href":"https:\/\/www.muralunique.com\/fr\/wp-json\/wp\/v2\/media?parent=92997"}],"wp:term":[{"taxonomy":"product_brand","embeddable":true,"href":"https:\/\/www.muralunique.com\/fr\/wp-json\/wp\/v2\/product_brand?post=92997"},{"taxonomy":"product_cat","embeddable":true,"href":"https:\/\/www.muralunique.com\/fr\/wp-json\/wp\/v2\/product_cat?post=92997"},{"taxonomy":"product_tag","embeddable":true,"href":"https:\/\/www.muralunique.com\/fr\/wp-json\/wp\/v2\/product_tag?post=92997"}],"curies":[{"name":"wp","href":"https:\/\/api.w.org\/{rel}","templated":true}]}}