{"id":93161,"date":"2024-10-17T11:07:28","date_gmt":"2024-10-17T15:07:28","guid":{"rendered":"https:\/\/www.muralunique.com\/?post_type=product&#038;p=93161"},"modified":"2024-10-17T11:47:38","modified_gmt":"2024-10-17T15:47:38","slug":"serenite-du-bosquet-vert","status":"publish","type":"product","link":"https:\/\/www.muralunique.com\/fr\/produit\/serenite-du-bosquet-vert\/","title":{"rendered":"S\u00e9r\u00e9nit\u00e9 du Bosquet Vert"},"content":{"rendered":"<p>-Cette tapisserie murale capture l&#8217;essence paisible d&#8217;une for\u00eat verte, avec des arbres \u00e9lanc\u00e9s qui s&#8217;\u00e9l\u00e8vent vers le ciel. La lumi\u00e8re du soleil filtre doucement \u00e0 travers les feuilles, cr\u00e9ant une atmosph\u00e8re calme et sereine. La v\u00e9g\u00e9tation luxuriante et verdoyante accentue la sensation de tranquillit\u00e9 et de beaut\u00e9 naturelle.<\/p>\n<p>-La murale comprend des laizes de 18\u2033 (45cm) de largeur. Par exemple, une murale de 6\u2032 (1,83m) de largeur a 4 laizes et une murale de 12\u2032 (3,66m) de largeur a 8 laizes.<\/p>\n<p>-Murale en papier\u00a0peint pr\u00e9encoll\u00e9e, lavable, s\u2019enl\u00e8ve \u00e0 sec et r\u00e9utilisable. Facile \u00e0 installer, se pose comme du papier\u00a0peint (tapisserie).<\/p>\n<p>-tapisserie murale s\u00e9r\u00e9nit\u00e9 du bosquet vert, murale s\u00e9r\u00e9nit\u00e9 du bosquet vert, papier peint s\u00e9r\u00e9nit\u00e9 du bosquet vert, murale en papier peint s\u00e9r\u00e9nit\u00e9 du bosquet vert, murale for\u00eat verte, tapisserie murale for\u00eat verte<\/p>\n","protected":false},"excerpt":{"rendered":"<p>-Cette tapisserie murale capture l&#8217;essence paisible d&#8217;une for\u00eat verte, avec des arbres \u00e9lanc\u00e9s qui s&#8217;\u00e9l\u00e8vent vers le ciel. La lumi\u00e8re du soleil filtre doucement \u00e0 travers les feuilles, cr\u00e9ant une atmosph\u00e8re calme et sereine. La v\u00e9g\u00e9tation luxuriante et verdoyante accentue la sensation de tranquillit\u00e9 et de beaut\u00e9 naturelle. -La murale comprend des laizes de 18\u2033 [&hellip;]<\/p>\n","protected":false},"featured_media":93179,"template":"","meta":{"_acf_changed":false},"product_brand":[],"product_cat":[141,303,401],"product_tag":[9477,9478,8864,9019,9219,9261,9137,9467],"class_list":{"0":"post-93161","1":"product","2":"type-product","3":"status-publish","4":"has-post-thumbnail","6":"product_cat-nature-et-paysages","7":"product_cat-nouveautes","8":"product_cat-tous-nos-produits","9":"product_tag-arbre","10":"product_tag-arbres","11":"product_tag-calme","12":"product_tag-foret","13":"product_tag-nature-fr","14":"product_tag-paisible","15":"product_tag-paysage","16":"product_tag-tranquilite","18":"first","19":"instock","20":"taxable","21":"shipping-taxable","22":"purchasable","23":"product-type-variable","24":"has-default-attributes"},"acf":[],"_links":{"self":[{"href":"https:\/\/www.muralunique.com\/fr\/wp-json\/wp\/v2\/product\/93161","targetHints":{"allow":["GET"]}}],"collection":[{"href":"https:\/\/www.muralunique.com\/fr\/wp-json\/wp\/v2\/product"}],"about":[{"href":"https:\/\/www.muralunique.com\/fr\/wp-json\/wp\/v2\/types\/product"}],"wp:featuredmedia":[{"embeddable":true,"href":"https:\/\/www.muralunique.com\/fr\/wp-json\/wp\/v2\/media\/93179"}],"wp:attachment":[{"href":"https:\/\/www.muralunique.com\/fr\/wp-json\/wp\/v2\/media?parent=93161"}],"wp:term":[{"taxonomy":"product_brand","embeddable":true,"href":"https:\/\/www.muralunique.com\/fr\/wp-json\/wp\/v2\/product_brand?post=93161"},{"taxonomy":"product_cat","embeddable":true,"href":"https:\/\/www.muralunique.com\/fr\/wp-json\/wp\/v2\/product_cat?post=93161"},{"taxonomy":"product_tag","embeddable":true,"href":"https:\/\/www.muralunique.com\/fr\/wp-json\/wp\/v2\/product_tag?post=93161"}],"curies":[{"name":"wp","href":"https:\/\/api.w.org\/{rel}","templated":true}]}}