{"id":93186,"date":"2024-10-17T14:48:12","date_gmt":"2024-10-17T18:48:12","guid":{"rendered":"https:\/\/www.muralunique.com\/?post_type=product&#038;p=93186"},"modified":"2024-10-17T15:21:13","modified_gmt":"2024-10-17T19:21:13","slug":"chemin-des-arches-fleuries","status":"publish","type":"product","link":"https:\/\/www.muralunique.com\/fr\/produit\/chemin-des-arches-fleuries\/","title":{"rendered":"Chemin des Arches Fleuries"},"content":{"rendered":"<p>-Cette murale repr\u00e9sente un chemin de jardin paisible bord\u00e9 de verdure luxuriante et d&#8217;arcs orn\u00e9s de d\u00e9licates fleurs jaunes. La sc\u00e8ne invite \u00e0 une promenade sereine \u00e0 travers un cadre tropical tranquille, entour\u00e9 par la beaut\u00e9 de la nature.<\/p>\n<p>-La murale comprend des laizes de 18\u2033 (45cm) de largeur. Par exemple, une murale de 6\u2032 (1,83m) de largeur a 4 laizes et une murale de 12\u2032 (3,66m) de largeur a 8 laizes.<\/p>\n<p>-Murale en papier\u00a0peint pr\u00e9encoll\u00e9e, lavable, s\u2019enl\u00e8ve \u00e0 sec et r\u00e9utilisable. Facile \u00e0 installer, se pose comme du papier\u00a0peint (tapisserie).<\/p>\n<p>-murale chemin des arches fleuries, tapisserie chemin des arches fleuries, tapisserie murale chemin des arches fleuries, murale en papier peint chemin des arches fleuries, papier peint trompe l&#8217;\u0153il, murale trompe l&#8217;\u0153il, tapisserie murale trompe l&#8217;\u0153il<\/p>\n","protected":false},"excerpt":{"rendered":"<p>-Cette murale repr\u00e9sente un chemin de jardin paisible bord\u00e9 de verdure luxuriante et d&#8217;arcs orn\u00e9s de d\u00e9licates fleurs jaunes. La sc\u00e8ne invite \u00e0 une promenade sereine \u00e0 travers un cadre tropical tranquille, entour\u00e9 par la beaut\u00e9 de la nature. -La murale comprend des laizes de 18\u2033 (45cm) de largeur. Par exemple, une murale de 6\u2032 [&hellip;]<\/p>\n","protected":false},"featured_media":93198,"template":"","meta":{"_acf_changed":false},"product_brand":[],"product_cat":[150,141,303,401,163],"product_tag":[8777,8779,9258,9014,9010,9006,9044,9219,9137,9483,9482,9485],"class_list":{"0":"post-93186","1":"product","2":"type-product","3":"status-publish","4":"has-post-thumbnail","6":"product_cat-fleurs-et-feuillages","7":"product_cat-nature-et-paysages","8":"product_cat-nouveautes","9":"product_cat-tous-nos-produits","10":"product_cat-trompe-loeil","11":"product_tag-arche","12":"product_tag-arches-fr","13":"product_tag-chemin","14":"product_tag-feuillage","15":"product_tag-fleurs","16":"product_tag-floral-fr","17":"product_tag-jardin","18":"product_tag-nature-fr","19":"product_tag-paysage","20":"product_tag-trompe-l-oeil","21":"product_tag-trompe-loeil","22":"product_tag-trompe-oeil-fr","24":"first","25":"instock","26":"taxable","27":"shipping-taxable","28":"purchasable","29":"product-type-variable","30":"has-default-attributes"},"acf":[],"_links":{"self":[{"href":"https:\/\/www.muralunique.com\/fr\/wp-json\/wp\/v2\/product\/93186","targetHints":{"allow":["GET"]}}],"collection":[{"href":"https:\/\/www.muralunique.com\/fr\/wp-json\/wp\/v2\/product"}],"about":[{"href":"https:\/\/www.muralunique.com\/fr\/wp-json\/wp\/v2\/types\/product"}],"wp:featuredmedia":[{"embeddable":true,"href":"https:\/\/www.muralunique.com\/fr\/wp-json\/wp\/v2\/media\/93198"}],"wp:attachment":[{"href":"https:\/\/www.muralunique.com\/fr\/wp-json\/wp\/v2\/media?parent=93186"}],"wp:term":[{"taxonomy":"product_brand","embeddable":true,"href":"https:\/\/www.muralunique.com\/fr\/wp-json\/wp\/v2\/product_brand?post=93186"},{"taxonomy":"product_cat","embeddable":true,"href":"https:\/\/www.muralunique.com\/fr\/wp-json\/wp\/v2\/product_cat?post=93186"},{"taxonomy":"product_tag","embeddable":true,"href":"https:\/\/www.muralunique.com\/fr\/wp-json\/wp\/v2\/product_tag?post=93186"}],"curies":[{"name":"wp","href":"https:\/\/api.w.org\/{rel}","templated":true}]}}