{"id":93276,"date":"2024-10-23T15:13:56","date_gmt":"2024-10-23T19:13:56","guid":{"rendered":"https:\/\/www.muralunique.com\/?post_type=product&#038;p=93276"},"modified":"2024-10-23T15:48:21","modified_gmt":"2024-10-23T19:48:21","slug":"orge-et-coquelicot","status":"publish","type":"product","link":"https:\/\/www.muralunique.com\/fr\/produit\/orge-et-coquelicot\/","title":{"rendered":"Orge et Coquelicot"},"content":{"rendered":"<p>-Un champ paisible d&#8217;orge dor\u00e9e ondulant doucement dans la brise, avec un coquelicot rouge solitaire, ajoutant une touche de couleur vive aux tons calmes et doux du paysage.<\/p>\n<p>-La murale comprend des laizes de 18\u2033 (45cm) de largeur. Par exemple, une murale de 6\u2032 (1,83m) de largeur a 4 laizes et une murale de 12\u2032 (3,66m) de largeur a 8 laizes.<\/p>\n<p>-Murale en papier\u00a0peint pr\u00e9encoll\u00e9e, lavable, s\u2019enl\u00e8ve \u00e0 sec et r\u00e9utilisable. Facile \u00e0 installer, se pose comme du papier\u00a0peint (tapisserie).<\/p>\n<p>-murale orge et coquelicot, tapisserie orge et coquelicot, murale en papier peint orge et coquelicot, tapisserie murale orge et coquelicot, papier peint orge et coquelicot, murale de feuillage, tapisserie murale de feuillage<\/p>\n","protected":false},"excerpt":{"rendered":"<p>-Un champ paisible d&#8217;orge dor\u00e9e ondulant doucement dans la brise, avec un coquelicot rouge solitaire, ajoutant une touche de couleur vive aux tons calmes et doux du paysage. -La murale comprend des laizes de 18\u2033 (45cm) de largeur. Par exemple, une murale de 6\u2032 (1,83m) de largeur a 4 laizes et une murale de 12\u2032 [&hellip;]<\/p>\n","protected":false},"featured_media":93286,"template":"","meta":{"_acf_changed":false},"product_brand":[],"product_cat":[471,150,303,401],"product_tag":[8994,9290,9014,9009,9010,9006,10558],"class_list":{"0":"post-93276","1":"product","2":"type-product","3":"status-publish","4":"has-post-thumbnail","6":"product_cat-cuisine-nourriture","7":"product_cat-fleurs-et-feuillages","8":"product_cat-nouveautes","9":"product_cat-tous-nos-produits","10":"product_tag-champ","11":"product_tag-coquelicot","12":"product_tag-feuillage","13":"product_tag-fleur","14":"product_tag-fleurs","15":"product_tag-floral-fr","16":"product_tag-orge","18":"first","19":"instock","20":"taxable","21":"shipping-taxable","22":"purchasable","23":"product-type-variable","24":"has-default-attributes"},"acf":[],"_links":{"self":[{"href":"https:\/\/www.muralunique.com\/fr\/wp-json\/wp\/v2\/product\/93276","targetHints":{"allow":["GET"]}}],"collection":[{"href":"https:\/\/www.muralunique.com\/fr\/wp-json\/wp\/v2\/product"}],"about":[{"href":"https:\/\/www.muralunique.com\/fr\/wp-json\/wp\/v2\/types\/product"}],"wp:featuredmedia":[{"embeddable":true,"href":"https:\/\/www.muralunique.com\/fr\/wp-json\/wp\/v2\/media\/93286"}],"wp:attachment":[{"href":"https:\/\/www.muralunique.com\/fr\/wp-json\/wp\/v2\/media?parent=93276"}],"wp:term":[{"taxonomy":"product_brand","embeddable":true,"href":"https:\/\/www.muralunique.com\/fr\/wp-json\/wp\/v2\/product_brand?post=93276"},{"taxonomy":"product_cat","embeddable":true,"href":"https:\/\/www.muralunique.com\/fr\/wp-json\/wp\/v2\/product_cat?post=93276"},{"taxonomy":"product_tag","embeddable":true,"href":"https:\/\/www.muralunique.com\/fr\/wp-json\/wp\/v2\/product_tag?post=93276"}],"curies":[{"name":"wp","href":"https:\/\/api.w.org\/{rel}","templated":true}]}}