{"id":9338,"date":"2017-06-15T12:23:10","date_gmt":"2017-06-15T12:23:10","guid":{"rendered":"https:\/\/muralunique.com\/?post_type=product&#038;p=9338"},"modified":"2025-10-17T09:11:58","modified_gmt":"2025-10-17T13:11:58","slug":"fleurs-roses-avec-une-texture-de-canevas","status":"publish","type":"product","link":"https:\/\/www.muralunique.com\/fr\/produit\/fleurs-roses-avec-une-texture-de-canevas\/","title":{"rendered":"Fleurs Roses avec une Texture de Canevas"},"content":{"rendered":"<p>-Murale en papier peint de fleurs roses avec une texture de canevas.<\/p>\n<p><strong>-Cette murale peut \u00eatre r\u00e9p\u00e9t\u00e9e horizontalement et verticalement.<\/strong><\/p>\n<p>-La murale comprend des laizes de 18\u2033 (45cm) de largeur. Par exemple, une murale de 6\u2032 (1,83m) de largeur a 4 laizes et une murale de 12\u2032 (3,66m) de largeur a 8 laizes.<\/p>\n<p>-Murale en papier\u00a0peint pr\u00e9encoll\u00e9e, lavable, s\u2019enl\u00e8ve \u00e0 sec et r\u00e9utilisable. Facile \u00e0 installer, se pose comme du papier\u00a0peint (tapisserie).<\/p>\n<p>-murale fleurs roses, murale en papier peint fleurs roses, papier peint fleurs roses, murale florale, murale avec fleurs<\/p>\n<p>&nbsp;<\/p>\n","protected":false},"excerpt":{"rendered":"<p>-Murale en papier peint de fleurs roses avec une texture de canevas. -Cette murale peut \u00eatre r\u00e9p\u00e9t\u00e9e horizontalement et verticalement. -La murale comprend des laizes de 18\u2033 (45cm) de largeur. Par exemple, une murale de 6\u2032 (1,83m) de largeur a 4 laizes et une murale de 12\u2032 (3,66m) de largeur a 8 laizes. -Murale en [&hellip;]<\/p>\n","protected":false},"featured_media":80430,"template":"","meta":{"_acf_changed":false},"product_brand":[203],"product_cat":[150,367,10345,401],"product_tag":[9009,9010,9006],"class_list":{"0":"post-9338","1":"product","2":"type-product","3":"status-publish","4":"has-post-thumbnail","6":"product_brand-muralunique-com","7":"product_cat-fleurs-et-feuillages","8":"product_cat-murales-en-r-p-tition","9":"product_cat-murs-extra-hauts-murales-repetition-verticale","10":"product_cat-tous-nos-produits","11":"product_tag-fleur","12":"product_tag-fleurs","13":"product_tag-floral-fr","15":"first","16":"instock","17":"taxable","18":"shipping-taxable","19":"purchasable","20":"product-type-variable"},"acf":[],"_links":{"self":[{"href":"https:\/\/www.muralunique.com\/fr\/wp-json\/wp\/v2\/product\/9338","targetHints":{"allow":["GET"]}}],"collection":[{"href":"https:\/\/www.muralunique.com\/fr\/wp-json\/wp\/v2\/product"}],"about":[{"href":"https:\/\/www.muralunique.com\/fr\/wp-json\/wp\/v2\/types\/product"}],"wp:featuredmedia":[{"embeddable":true,"href":"https:\/\/www.muralunique.com\/fr\/wp-json\/wp\/v2\/media\/80430"}],"wp:attachment":[{"href":"https:\/\/www.muralunique.com\/fr\/wp-json\/wp\/v2\/media?parent=9338"}],"wp:term":[{"taxonomy":"product_brand","embeddable":true,"href":"https:\/\/www.muralunique.com\/fr\/wp-json\/wp\/v2\/product_brand?post=9338"},{"taxonomy":"product_cat","embeddable":true,"href":"https:\/\/www.muralunique.com\/fr\/wp-json\/wp\/v2\/product_cat?post=9338"},{"taxonomy":"product_tag","embeddable":true,"href":"https:\/\/www.muralunique.com\/fr\/wp-json\/wp\/v2\/product_tag?post=9338"}],"curies":[{"name":"wp","href":"https:\/\/api.w.org\/{rel}","templated":true}]}}