{"id":93420,"date":"2024-11-06T14:45:00","date_gmt":"2024-11-06T19:45:00","guid":{"rendered":"https:\/\/www.muralunique.com\/?post_type=product&#038;p=93420"},"modified":"2024-11-06T15:20:34","modified_gmt":"2024-11-06T20:20:34","slug":"herbe-argentee","status":"publish","type":"product","link":"https:\/\/www.muralunique.com\/fr\/produit\/herbe-argentee\/","title":{"rendered":"Herbe Argent\u00e9e"},"content":{"rendered":"<p>-Cette \u00e9l\u00e9gante murale met en valeur une sc\u00e8ne sereine de gramin\u00e9es argent\u00e9es, se balan\u00e7ant doucement au gr\u00e9 du vent. Les teintes douces et subtiles de l&#8217;herbe cr\u00e9ent une atmosph\u00e8re apaisante et naturelle, apportant la beaut\u00e9 de la nature \u00e0 l&#8217;int\u00e9rieur.<\/p>\n<p>-La murale comprend des laizes de 18\u2033 (45cm) de largeur. Par exemple, une murale de 6\u2032 (1,83m) de largeur a 4 laizes et une murale de 12\u2032 (3,66m) de largeur a 8 laizes.<\/p>\n<p>-Murale en papier\u00a0peint pr\u00e9encoll\u00e9e, lavable, s\u2019enl\u00e8ve \u00e0 sec et r\u00e9utilisable. Facile \u00e0 installer, se pose comme du papier\u00a0peint (tapisserie).<\/p>\n<p>-murale herbe argent\u00e9e, tapisserie herbe argent\u00e9e, tapisserie murale herbe argent\u00e9e, murale en papier peint herbe argent\u00e9e, papier peint herbe argent\u00e9e, murale feuillage, papier peint feuillage<\/p>\n","protected":false},"excerpt":{"rendered":"<p>-Cette \u00e9l\u00e9gante murale met en valeur une sc\u00e8ne sereine de gramin\u00e9es argent\u00e9es, se balan\u00e7ant doucement au gr\u00e9 du vent. Les teintes douces et subtiles de l&#8217;herbe cr\u00e9ent une atmosph\u00e8re apaisante et naturelle, apportant la beaut\u00e9 de la nature \u00e0 l&#8217;int\u00e9rieur. -La murale comprend des laizes de 18\u2033 (45cm) de largeur. Par exemple, une murale de [&hellip;]<\/p>\n","protected":false},"featured_media":93432,"template":"","meta":{"_acf_changed":false},"product_brand":[],"product_cat":[150,303,401],"product_tag":[9371,8994,9014,9063,10065,9413,9414],"class_list":{"0":"post-93420","1":"product","2":"type-product","3":"status-publish","4":"has-post-thumbnail","6":"product_cat-fleurs-et-feuillages","7":"product_cat-nouveautes","8":"product_cat-tous-nos-produits","9":"product_tag-argent","10":"product_tag-champ","11":"product_tag-feuillage","12":"product_tag-gazon","13":"product_tag-herbes","14":"product_tag-tige","15":"product_tag-tiges","17":"first","18":"instock","19":"taxable","20":"shipping-taxable","21":"purchasable","22":"product-type-variable","23":"has-default-attributes"},"acf":[],"_links":{"self":[{"href":"https:\/\/www.muralunique.com\/fr\/wp-json\/wp\/v2\/product\/93420","targetHints":{"allow":["GET"]}}],"collection":[{"href":"https:\/\/www.muralunique.com\/fr\/wp-json\/wp\/v2\/product"}],"about":[{"href":"https:\/\/www.muralunique.com\/fr\/wp-json\/wp\/v2\/types\/product"}],"wp:featuredmedia":[{"embeddable":true,"href":"https:\/\/www.muralunique.com\/fr\/wp-json\/wp\/v2\/media\/93432"}],"wp:attachment":[{"href":"https:\/\/www.muralunique.com\/fr\/wp-json\/wp\/v2\/media?parent=93420"}],"wp:term":[{"taxonomy":"product_brand","embeddable":true,"href":"https:\/\/www.muralunique.com\/fr\/wp-json\/wp\/v2\/product_brand?post=93420"},{"taxonomy":"product_cat","embeddable":true,"href":"https:\/\/www.muralunique.com\/fr\/wp-json\/wp\/v2\/product_cat?post=93420"},{"taxonomy":"product_tag","embeddable":true,"href":"https:\/\/www.muralunique.com\/fr\/wp-json\/wp\/v2\/product_tag?post=93420"}],"curies":[{"name":"wp","href":"https:\/\/api.w.org\/{rel}","templated":true}]}}