{"id":93487,"date":"2024-11-07T15:48:08","date_gmt":"2024-11-07T20:48:08","guid":{"rendered":"https:\/\/www.muralunique.com\/?post_type=product&#038;p=93487"},"modified":"2025-10-08T16:10:21","modified_gmt":"2025-10-08T20:10:21","slug":"harmonie-de-feuilles-dautomne","status":"publish","type":"product","link":"https:\/\/www.muralunique.com\/fr\/produit\/harmonie-de-feuilles-dautomne\/","title":{"rendered":"Harmonie de Feuilles d&#8217;Automne"},"content":{"rendered":"<p>-Cette tapisserie murale pr\u00e9sente un design \u00e9l\u00e9gant inspir\u00e9 de la nature avec un agencement de feuilles dans des tons terreux. Les nuances de bleu, vert, beige et rouille cr\u00e9ent une ambiance harmonieuse et vintage. Les textures d\u00e9licates et les motifs de feuilles superpos\u00e9es \u00e9voquent une atmosph\u00e8re sereine et organique, id\u00e9ale pour apporter une touche de nature \u00e0 l&#8217;int\u00e9rieur.<\/p>\n<p>-La murale comprend des laizes de 18\u2033 (45cm) de largeur. Par exemple, une murale de 6\u2032 (1,83m) de largeur a 4 laizes et une murale de 12\u2032 (3,66m) de largeur a 8 laizes.<\/p>\n<p>-Murale en papier\u00a0peint pr\u00e9encoll\u00e9e, lavable, s\u2019enl\u00e8ve \u00e0 sec et r\u00e9utilisable. Facile \u00e0 installer, se pose comme du papier\u00a0peint (tapisserie).<\/p>\n<p>-murale harmonie de feuilles d&#8217;automne, tapisserie murale harmonie de feuilles d&#8217;automne, murale en papier peint harmonie de feuilles d&#8217;automne, papier peint harmonie de feuilles d&#8217;automne, murale de feuilles, murale de feuillage<\/p>\n","protected":false},"excerpt":{"rendered":"<p>-Cette tapisserie murale pr\u00e9sente un design \u00e9l\u00e9gant inspir\u00e9 de la nature avec un agencement de feuilles dans des tons terreux. Les nuances de bleu, vert, beige et rouille cr\u00e9ent une ambiance harmonieuse et vintage. Les textures d\u00e9licates et les motifs de feuilles superpos\u00e9es \u00e9voquent une atmosph\u00e8re sereine et organique, id\u00e9ale pour apporter une touche de [&hellip;]<\/p>\n","protected":false},"featured_media":93628,"template":"","meta":{"_acf_changed":false},"product_brand":[],"product_cat":[150,303,401],"product_tag":[8788,9014,9142,9144],"class_list":{"0":"post-93487","1":"product","2":"type-product","3":"status-publish","4":"has-post-thumbnail","6":"product_cat-fleurs-et-feuillages","7":"product_cat-nouveautes","8":"product_cat-tous-nos-produits","9":"product_tag-automne","10":"product_tag-feuillage","11":"product_tag-feuille","12":"product_tag-feuilles","14":"first","15":"instock","16":"taxable","17":"shipping-taxable","18":"purchasable","19":"product-type-variable","20":"has-default-attributes"},"acf":[],"_links":{"self":[{"href":"https:\/\/www.muralunique.com\/fr\/wp-json\/wp\/v2\/product\/93487","targetHints":{"allow":["GET"]}}],"collection":[{"href":"https:\/\/www.muralunique.com\/fr\/wp-json\/wp\/v2\/product"}],"about":[{"href":"https:\/\/www.muralunique.com\/fr\/wp-json\/wp\/v2\/types\/product"}],"wp:featuredmedia":[{"embeddable":true,"href":"https:\/\/www.muralunique.com\/fr\/wp-json\/wp\/v2\/media\/93628"}],"wp:attachment":[{"href":"https:\/\/www.muralunique.com\/fr\/wp-json\/wp\/v2\/media?parent=93487"}],"wp:term":[{"taxonomy":"product_brand","embeddable":true,"href":"https:\/\/www.muralunique.com\/fr\/wp-json\/wp\/v2\/product_brand?post=93487"},{"taxonomy":"product_cat","embeddable":true,"href":"https:\/\/www.muralunique.com\/fr\/wp-json\/wp\/v2\/product_cat?post=93487"},{"taxonomy":"product_tag","embeddable":true,"href":"https:\/\/www.muralunique.com\/fr\/wp-json\/wp\/v2\/product_tag?post=93487"}],"curies":[{"name":"wp","href":"https:\/\/api.w.org\/{rel}","templated":true}]}}